{"id":5479,"date":"2025-12-30T14:46:20","date_gmt":"2025-12-30T14:46:20","guid":{"rendered":"https:\/\/sie7e24.es\/valquer\/mentions-legales\/"},"modified":"2026-01-21T10:27:14","modified_gmt":"2026-01-21T10:27:14","slug":"mentions-legales","status":"publish","type":"page","link":"https:\/\/info.valquer.com\/fr\/mentions-legales\/","title":{"rendered":"Mentions l\u00e9gales"},"content":{"rendered":"<p>[et_pb_section fb_built=\u00a0\u00bb1&Prime; theme_builder_area=\u00a0\u00bbpost_content\u00a0\u00bb _builder_version=\u00a0\u00bb4.27.5&Prime; _module_preset=\u00a0\u00bbdefault\u00a0\u00bb][et_pb_row _builder_version=\u00a0\u00bb4.27.5&Prime; _module_preset=\u00a0\u00bbdefault\u00a0\u00bb theme_builder_area=\u00a0\u00bbpost_content\u00a0\u00bb][et_pb_column _builder_version=\u00a0\u00bb4.27.5&Prime; _module_preset=\u00a0\u00bbdefault\u00a0\u00bb type=\u00a0\u00bb4_4&Prime; theme_builder_area=\u00a0\u00bbpost_content\u00a0\u00bb][et_pb_text _builder_version=\u00a0\u00bb4.27.5&Prime; _module_preset=\u00a0\u00bbdefault\u00a0\u00bb theme_builder_area=\u00a0\u00bbpost_content\u00a0\u00bb hover_enabled=\u00a0\u00bb0&Prime; sticky_enabled=\u00a0\u00bb0&Prime; header_font_size=\u00a0\u00bb60px\u00a0\u00bb header_text_align=\u00a0\u00bbcenter\u00a0\u00bb]<\/p>\n<h1>Mentions l\u00e9gales<\/h1>\n<p><\/p>\n<p>&nbsp;<\/p>\n<p><\/p>\n<p>Par les pr\u00e9sentes Mentions l\u00e9gales, <strong>VALQUER LABORATORIOS S.L.U.<\/strong> met \u00e0 la disposition des utilisateurs les informations que les prestataires de services de la soci\u00e9t\u00e9 de l\u2019information sont tenus de fournir, conform\u00e9ment \u00e0 l\u2019article 10 de la Loi 34\/2002, du 11 juillet, relative aux services de la soci\u00e9t\u00e9 de l\u2019information et au commerce \u00e9lectronique.<\/p>\n<p><\/p>\n<h2>1. Donn\u00e9es d\u2019identification<\/h2>\n<p><\/p>\n<p>Le site web <a href=\"https:\/\/www.valquer.com\" title=\"www.valquer.com\"><strong>www.valquer.com<\/strong><\/a> est la propri\u00e9t\u00e9 de <strong>VALQUER LABORATORIOS S.L.U.<\/strong>, avec <strong>CIF B78094489<\/strong>, et son si\u00e8ge social est situ\u00e9 \u00e0 : <strong>Pol\u00edgono Industrial La Dehesilla, 33, 45440 Villaminaya (Toledo), Espagne.<\/strong><\/p>\n<p><\/p>\n<p>Coordonn\u00e9es :<br \/><a href=\"mailto:info@valquer.com\" title=\"info@valquer.com\"><strong>info@valquer.com<\/strong><\/a><br \/><strong>925 91 00 99<\/strong> (Horaires : de 08:00 \u00e0 15:00, du lundi au vendredi)<\/p>\n<p><\/p>\n<p>Inscrite au <strong>Registre du commerce de Tol\u00e8de, Tome 1513, Livre 0, Folio 180, Section 2, Feuille TO-32.407.<\/strong><\/p>\n<p><\/p>\n<p>Repr\u00e9sentant l\u00e9gal : <strong>Jos\u00e9 Luis Cerrillo Garc\u00eda-Ochoa.<\/strong><\/p>\n<p><\/p>\n<p>L\u2019objet de ce site web est d\u2019offrir \u00e0 l\u2019utilisateur des informations claires sur les produits et services commercialis\u00e9s par <strong>VALQUER LABORATORIOS S.L.U.<\/strong>, ainsi que de permettre un contact direct avec l\u2019entreprise.<\/p>\n<p><\/p>\n<h2>2. Acc\u00e8s au site web et acceptation des Mentions l\u00e9gales<\/h2>\n<p><\/p>\n<p>En acc\u00e9dant \u00e0 ce site, l\u2019utilisateur d\u00e9clare avoir lu et accept\u00e9 les conditions d\u2019utilisation \u00e9nonc\u00e9es dans les pr\u00e9sentes Mentions l\u00e9gales.<br \/>L\u2019utilisateur s\u2019engage \u00e0 utiliser les services et contenus conform\u00e9ment \u00e0 la loi, \u00e0 la bonne foi, \u00e0 la morale, \u00e0 l\u2019ordre public, aux usages et aux pr\u00e9sentes Mentions l\u00e9gales. Il sera responsable \u00e0 l\u2019\u00e9gard de <strong>VALQUER LABORATORIOS S.L.U.<\/strong> ou de tiers des dommages caus\u00e9s par le non-respect de ces obligations.<\/p>\n<p><\/p>\n<p>Il est interdit d\u2019\u00e9tablir des liens vers le site sans autorisation pr\u00e9alable et \u00e9crite. L\u2019entreprise pourra engager des actions en justice en cas de liens non autoris\u00e9s ou d\u2019utilisation abusive.<\/p>\n<p><\/p>\n<h2>3. Utilisation du site par l\u2019utilisateur<\/h2>\n<p><\/p>\n<p>L\u2019utilisateur s\u2019engage express\u00e9ment \u00e0 ne pas r\u00e9aliser les actions suivantes :<\/p>\n<p><\/p>\n<p>a) Utiliser le site \u00e0 des fins illicites, frauduleuses ou non autoris\u00e9es.<br \/>b) Introduire des virus ou des logiciels malveillants susceptibles d\u2019endommager les syst\u00e8mes de l\u2019entreprise ou de tiers.<br \/>c) Acc\u00e9der, manipuler ou utiliser des donn\u00e9es d\u2019autres utilisateurs, ou de <strong>VALQUER LABORATORIOS S.L.U.<\/strong>, sans autorisation.<br \/>d) Supprimer ou alt\u00e9rer les droits de propri\u00e9t\u00e9 intellectuelle ou industrielle incorpor\u00e9s aux contenus.<br \/>e) Reproduire, copier, distribuer ou permettre l\u2019acc\u00e8s public aux contenus sans autorisation expresse et \u00e9crite.<\/p>\n<p><\/p>\n<h2>4. Propri\u00e9t\u00e9 intellectuelle et industrielle<\/h2>\n<p><\/p>\n<p>Tous les contenus, marques, logos, textes, images, designs et code source du site sont prot\u00e9g\u00e9s par des droits de propri\u00e9t\u00e9 intellectuelle et industrielle.<\/p>\n<p><\/p>\n<p>Leur reproduction, distribution, communication au public ou transformation, totale ou partielle, est interdite sans autorisation pr\u00e9alable et \u00e9crite de <strong>VALQUER LABORATORIOS S.L.U.<\/strong><\/p>\n<p><\/p>\n<p>La consultation, le t\u00e9l\u00e9chargement et l\u2019impression des contenus sont autoris\u00e9s uniquement pour un usage <strong>personnel et priv\u00e9<\/strong>, jamais commercial.<\/p>\n<p><\/p>\n<p>Pour les produits personnalisables, le client est seul responsable du design fourni.<\/p>\n<p><\/p>\n<h2>5. Exclusion de garanties et de responsabilit\u00e9<\/h2>\n<p><\/p>\n<p><strong>VALQUER LABORATORIOS S.L.U.<\/strong> a adopt\u00e9 les mesures technologiques n\u00e9cessaires au bon fonctionnement du site, mais ne garantit pas l\u2019absence d\u2019erreurs ou d\u2019interruptions.<\/p>\n<p><\/p>\n<p>En raison de la pr\u00e9sence de liens externes, l\u2019entreprise n\u2019est pas responsable du contenu, de la disponibilit\u00e9 ou de la l\u00e9galit\u00e9 des sites tiers, et n\u2019assume aucune relation avec leurs titulaires du seul fait qu\u2019ils sont li\u00e9s.<\/p>\n<p><\/p>\n<p>L\u2019inclusion d\u2019hyperliens n\u2019implique aucune relation juridique ou commerciale, ni acceptation des contenus.<\/p>\n<p><\/p>\n<h2>6. Droit applicable et juridiction<\/h2>\n<p><\/p>\n<p>Le droit applicable est le droit espagnol. Pour le r\u00e8glement des litiges, les parties pourront s\u2019adresser \u00e0 :<\/p>\n<p><\/p>\n<p>Les <strong>Tribunaux et Cours du domicile de l\u2019utilisateur<\/strong>, ou la plateforme europ\u00e9enne de r\u00e8glement en ligne des litiges (RLL) : <strong><a href=\"https:\/\/ec.europa.eu\/consumers\/odr\" target=\"_blank\" rel=\"noopener\">https:\/\/ec.europa.eu\/consumers\/odr<\/a><\/strong><\/p>\n<p><\/p>\n<p>L\u2019entreprise pourra exercer les actions civiles ou p\u00e9nales correspondantes en cas d\u2019utilisation abusive du site.<\/p>\n<p><\/p>\n<p>Elle se r\u00e9serve \u00e9galement le droit de refuser ou de retirer l\u2019acc\u00e8s au site, sans pr\u00e9avis, aux utilisateurs qui ne respectent pas les pr\u00e9sentes Mentions l\u00e9gales ou la r\u00e9glementation en vigueur.<\/p>\n<p><\/p>\n<h2>7. Version en vigueur<\/h2>\n<p><\/p>\n<p>Les pr\u00e9sentes Mentions l\u00e9gales sont \u00e0 jour et en vigueur \u00e0 la date du : <strong>29 d\u00e9cembre 2025.<\/strong><\/p>\n<p>[\/et_pb_text][\/et_pb_column][\/et_pb_row][\/et_pb_section]<\/p>\n","protected":false},"excerpt":{"rendered":"<p>Mentions l\u00e9gales&nbsp;Par les pr\u00e9sentes Mentions l\u00e9gales, VALQUER LABORATORIOS S.L.U. met \u00e0 la disposition des utilisateurs les informations que les prestataires de services de la soci\u00e9t\u00e9 de l\u2019information sont tenus de fournir, conform\u00e9ment \u00e0 l\u2019article 10 de la Loi 34\/2002, du 11 juillet, relative aux services de la soci\u00e9t\u00e9 de l\u2019information et au commerce \u00e9lectronique.1. Donn\u00e9es [&hellip;]<\/p>\n","protected":false},"author":1,"featured_media":0,"parent":0,"menu_order":0,"comment_status":"closed","ping_status":"closed","template":"","meta":{"_et_pb_use_builder":"on","_et_pb_old_content":"","_et_gb_content_width":"","footnotes":""},"dipi_cpt_category":[],"class_list":["post-5479","page","type-page","status-publish","hentry"],"yoast_head":"<!-- This site is optimized with the Yoast SEO Premium plugin v26.8 (Yoast SEO v26.8) - https:\/\/yoast.com\/product\/yoast-seo-premium-wordpress\/ -->\n<title>Mentions l\u00e9gales - Valquer\u00ae Laboratorios<\/title>\n<meta name=\"robots\" content=\"index, follow, max-snippet:-1, max-image-preview:large, max-video-preview:-1\" \/>\n<link rel=\"canonical\" href=\"https:\/\/info.valquer.com\/fr\/mentions-legales\/\" \/>\n<meta property=\"og:locale\" content=\"fr_FR\" \/>\n<meta property=\"og:type\" content=\"article\" \/>\n<meta property=\"og:title\" content=\"Mentions l\u00e9gales\" \/>\n<meta property=\"og:description\" content=\"Mentions l\u00e9gales&nbsp;Par les pr\u00e9sentes Mentions l\u00e9gales, VALQUER LABORATORIOS S.L.U. met \u00e0 la disposition des utilisateurs les informations que les prestataires de services de la soci\u00e9t\u00e9 de l\u2019information sont tenus de fournir, conform\u00e9ment \u00e0 l\u2019article 10 de la Loi 34\/2002, du 11 juillet, relative aux services de la soci\u00e9t\u00e9 de l\u2019information et au commerce \u00e9lectronique.1. Donn\u00e9es [&hellip;]\" \/>\n<meta property=\"og:url\" content=\"https:\/\/info.valquer.com\/fr\/mentions-legales\/\" \/>\n<meta property=\"og:site_name\" content=\"Valquer\u00ae Laboratorios\" \/>\n<meta property=\"article:publisher\" content=\"https:\/\/www.facebook.com\/valquerlaboratorios\/\" \/>\n<meta property=\"article:modified_time\" content=\"2026-01-21T10:27:14+00:00\" \/>\n<meta property=\"og:image\" content=\"https:\/\/info.valquer.com\/wp-content\/uploads\/2026\/01\/Logo-Valquer.jpg\" \/>\n\t<meta property=\"og:image:width\" content=\"1200\" \/>\n\t<meta property=\"og:image:height\" content=\"675\" \/>\n\t<meta property=\"og:image:type\" content=\"image\/jpeg\" \/>\n<meta name=\"twitter:card\" content=\"summary_large_image\" \/>\n<meta name=\"twitter:label1\" content=\"Dur\u00e9e de lecture estim\u00e9e\" \/>\n\t<meta name=\"twitter:data1\" content=\"4 minutes\" \/>\n<script type=\"application\/ld+json\" class=\"yoast-schema-graph\">{\"@context\":\"https:\/\/schema.org\",\"@graph\":[{\"@type\":\"WebPage\",\"@id\":\"https:\/\/info.valquer.com\/fr\/mentions-legales\/\",\"url\":\"https:\/\/info.valquer.com\/fr\/mentions-legales\/\",\"name\":\"Mentions l\u00e9gales - Valquer\u00ae Laboratorios\",\"isPartOf\":{\"@id\":\"https:\/\/info.valquer.com\/fr\/#website\"},\"datePublished\":\"2025-12-30T14:46:20+00:00\",\"dateModified\":\"2026-01-21T10:27:14+00:00\",\"breadcrumb\":{\"@id\":\"https:\/\/info.valquer.com\/fr\/mentions-legales\/#breadcrumb\"},\"inLanguage\":\"fr-FR\",\"potentialAction\":[{\"@type\":\"ReadAction\",\"target\":[\"https:\/\/info.valquer.com\/fr\/mentions-legales\/\"]}]},{\"@type\":\"BreadcrumbList\",\"@id\":\"https:\/\/info.valquer.com\/fr\/mentions-legales\/#breadcrumb\",\"itemListElement\":[{\"@type\":\"ListItem\",\"position\":1,\"name\":\"Portada\",\"item\":\"https:\/\/info.valquer.com\/fr\/\"},{\"@type\":\"ListItem\",\"position\":2,\"name\":\"Mentions l\u00e9gales\"}]},{\"@type\":\"WebSite\",\"@id\":\"https:\/\/info.valquer.com\/fr\/#website\",\"url\":\"https:\/\/info.valquer.com\/fr\/\",\"name\":\"Valquer\u00ae Laboratorios\",\"description\":\"Dermocosm\u00e9tica Natural y Sostenible\",\"publisher\":{\"@id\":\"https:\/\/info.valquer.com\/fr\/#organization\"},\"alternateName\":\"Valquer Labs\",\"potentialAction\":[{\"@type\":\"SearchAction\",\"target\":{\"@type\":\"EntryPoint\",\"urlTemplate\":\"https:\/\/info.valquer.com\/fr\/?s={search_term_string}\"},\"query-input\":{\"@type\":\"PropertyValueSpecification\",\"valueRequired\":true,\"valueName\":\"search_term_string\"}}],\"inLanguage\":\"fr-FR\"},{\"@type\":\"Organization\",\"@id\":\"https:\/\/info.valquer.com\/fr\/#organization\",\"name\":\"Valquer\u00ae Laboratorios\",\"alternateName\":\"Valquer Labs\",\"url\":\"https:\/\/info.valquer.com\/fr\/\",\"logo\":{\"@type\":\"ImageObject\",\"inLanguage\":\"fr-FR\",\"@id\":\"https:\/\/info.valquer.com\/fr\/#\/schema\/logo\/image\/\",\"url\":\"https:\/\/info.valquer.com\/wp-content\/uploads\/2026\/01\/Logo-Valquer.jpg\",\"contentUrl\":\"https:\/\/info.valquer.com\/wp-content\/uploads\/2026\/01\/Logo-Valquer.jpg\",\"width\":1200,\"height\":675,\"caption\":\"Valquer\u00ae Laboratorios\"},\"image\":{\"@id\":\"https:\/\/info.valquer.com\/fr\/#\/schema\/logo\/image\/\"},\"sameAs\":[\"https:\/\/www.facebook.com\/valquerlaboratorios\/\",\"https:\/\/www.instagram.com\/valquer_laboratorios\/\",\"https:\/\/www.tiktok.com\/@valquer_laboratorios\",\"https:\/\/www.youtube.com\/user\/laboratoriosvalquer\",\"https:\/\/www.linkedin.com\/company\/laboratorios-valquer\/?originalSubdomain=es\"],\"description\":\"Cosm\u00e9ticos biotecnol\u00f3gicos, naturales y sostenibles. Laboratorio y fabricante de cosm\u00e9ticos desde 1975. Con presencia en m\u00e1s de 65 pa\u00edses y sedes en Espa\u00f1a, Reino Unido y M\u00e9xico. Valquer Laboratorios, investiga, desarrolla y fabrica productos cosm\u00e9ticos biotecnol\u00f3gicos, veganos, naturales, sostenibles y testados dermatol\u00f3gicamente, para terceros.\",\"email\":\"info@valquer.com\",\"telephone\":\"+34 925 91 00 99\",\"legalName\":\"VALQUER LABORATORIOS S.L.U.\",\"foundingDate\":\"1975-07-10\",\"vatID\":\"B78094489\",\"taxID\":\"B78094489\",\"numberOfEmployees\":{\"@type\":\"QuantitativeValue\",\"minValue\":\"51\",\"maxValue\":\"200\"},\"publishingPrinciples\":\"https:\/\/info.valquer.com\/home\/\"}]}<\/script>\n<!-- \/ Yoast SEO Premium plugin. -->","yoast_head_json":{"title":"Mentions l\u00e9gales - Valquer\u00ae Laboratorios","robots":{"index":"index","follow":"follow","max-snippet":"max-snippet:-1","max-image-preview":"max-image-preview:large","max-video-preview":"max-video-preview:-1"},"canonical":"https:\/\/info.valquer.com\/fr\/mentions-legales\/","og_locale":"fr_FR","og_type":"article","og_title":"Mentions l\u00e9gales","og_description":"Mentions l\u00e9gales&nbsp;Par les pr\u00e9sentes Mentions l\u00e9gales, VALQUER LABORATORIOS S.L.U. met \u00e0 la disposition des utilisateurs les informations que les prestataires de services de la soci\u00e9t\u00e9 de l\u2019information sont tenus de fournir, conform\u00e9ment \u00e0 l\u2019article 10 de la Loi 34\/2002, du 11 juillet, relative aux services de la soci\u00e9t\u00e9 de l\u2019information et au commerce \u00e9lectronique.1. Donn\u00e9es [&hellip;]","og_url":"https:\/\/info.valquer.com\/fr\/mentions-legales\/","og_site_name":"Valquer\u00ae Laboratorios","article_publisher":"https:\/\/www.facebook.com\/valquerlaboratorios\/","article_modified_time":"2026-01-21T10:27:14+00:00","og_image":[{"width":1200,"height":675,"url":"https:\/\/info.valquer.com\/wp-content\/uploads\/2026\/01\/Logo-Valquer.jpg","type":"image\/jpeg"}],"twitter_card":"summary_large_image","twitter_misc":{"Dur\u00e9e de lecture estim\u00e9e":"4 minutes"},"schema":{"@context":"https:\/\/schema.org","@graph":[{"@type":"WebPage","@id":"https:\/\/info.valquer.com\/fr\/mentions-legales\/","url":"https:\/\/info.valquer.com\/fr\/mentions-legales\/","name":"Mentions l\u00e9gales - Valquer\u00ae Laboratorios","isPartOf":{"@id":"https:\/\/info.valquer.com\/fr\/#website"},"datePublished":"2025-12-30T14:46:20+00:00","dateModified":"2026-01-21T10:27:14+00:00","breadcrumb":{"@id":"https:\/\/info.valquer.com\/fr\/mentions-legales\/#breadcrumb"},"inLanguage":"fr-FR","potentialAction":[{"@type":"ReadAction","target":["https:\/\/info.valquer.com\/fr\/mentions-legales\/"]}]},{"@type":"BreadcrumbList","@id":"https:\/\/info.valquer.com\/fr\/mentions-legales\/#breadcrumb","itemListElement":[{"@type":"ListItem","position":1,"name":"Portada","item":"https:\/\/info.valquer.com\/fr\/"},{"@type":"ListItem","position":2,"name":"Mentions l\u00e9gales"}]},{"@type":"WebSite","@id":"https:\/\/info.valquer.com\/fr\/#website","url":"https:\/\/info.valquer.com\/fr\/","name":"Valquer\u00ae Laboratorios","description":"Dermocosm\u00e9tica Natural y Sostenible","publisher":{"@id":"https:\/\/info.valquer.com\/fr\/#organization"},"alternateName":"Valquer Labs","potentialAction":[{"@type":"SearchAction","target":{"@type":"EntryPoint","urlTemplate":"https:\/\/info.valquer.com\/fr\/?s={search_term_string}"},"query-input":{"@type":"PropertyValueSpecification","valueRequired":true,"valueName":"search_term_string"}}],"inLanguage":"fr-FR"},{"@type":"Organization","@id":"https:\/\/info.valquer.com\/fr\/#organization","name":"Valquer\u00ae Laboratorios","alternateName":"Valquer Labs","url":"https:\/\/info.valquer.com\/fr\/","logo":{"@type":"ImageObject","inLanguage":"fr-FR","@id":"https:\/\/info.valquer.com\/fr\/#\/schema\/logo\/image\/","url":"https:\/\/info.valquer.com\/wp-content\/uploads\/2026\/01\/Logo-Valquer.jpg","contentUrl":"https:\/\/info.valquer.com\/wp-content\/uploads\/2026\/01\/Logo-Valquer.jpg","width":1200,"height":675,"caption":"Valquer\u00ae Laboratorios"},"image":{"@id":"https:\/\/info.valquer.com\/fr\/#\/schema\/logo\/image\/"},"sameAs":["https:\/\/www.facebook.com\/valquerlaboratorios\/","https:\/\/www.instagram.com\/valquer_laboratorios\/","https:\/\/www.tiktok.com\/@valquer_laboratorios","https:\/\/www.youtube.com\/user\/laboratoriosvalquer","https:\/\/www.linkedin.com\/company\/laboratorios-valquer\/?originalSubdomain=es"],"description":"Cosm\u00e9ticos biotecnol\u00f3gicos, naturales y sostenibles. Laboratorio y fabricante de cosm\u00e9ticos desde 1975. Con presencia en m\u00e1s de 65 pa\u00edses y sedes en Espa\u00f1a, Reino Unido y M\u00e9xico. Valquer Laboratorios, investiga, desarrolla y fabrica productos cosm\u00e9ticos biotecnol\u00f3gicos, veganos, naturales, sostenibles y testados dermatol\u00f3gicamente, para terceros.","email":"info@valquer.com","telephone":"+34 925 91 00 99","legalName":"VALQUER LABORATORIOS S.L.U.","foundingDate":"1975-07-10","vatID":"B78094489","taxID":"B78094489","numberOfEmployees":{"@type":"QuantitativeValue","minValue":"51","maxValue":"200"},"publishingPrinciples":"https:\/\/info.valquer.com\/home\/"}]}},"_links":{"self":[{"href":"https:\/\/info.valquer.com\/fr\/wp-json\/wp\/v2\/pages\/5479","targetHints":{"allow":["GET"]}}],"collection":[{"href":"https:\/\/info.valquer.com\/fr\/wp-json\/wp\/v2\/pages"}],"about":[{"href":"https:\/\/info.valquer.com\/fr\/wp-json\/wp\/v2\/types\/page"}],"author":[{"embeddable":true,"href":"https:\/\/info.valquer.com\/fr\/wp-json\/wp\/v2\/users\/1"}],"replies":[{"embeddable":true,"href":"https:\/\/info.valquer.com\/fr\/wp-json\/wp\/v2\/comments?post=5479"}],"version-history":[{"count":0,"href":"https:\/\/info.valquer.com\/fr\/wp-json\/wp\/v2\/pages\/5479\/revisions"}],"wp:attachment":[{"href":"https:\/\/info.valquer.com\/fr\/wp-json\/wp\/v2\/media?parent=5479"}],"wp:term":[{"taxonomy":"dipi_cpt_category","embeddable":true,"href":"https:\/\/info.valquer.com\/fr\/wp-json\/wp\/v2\/dipi_cpt_category?post=5479"}],"curies":[{"name":"wp","href":"https:\/\/api.w.org\/{rel}","templated":true}]}}