{"id":4664,"date":"2026-01-05T20:36:12","date_gmt":"2026-01-05T20:36:12","guid":{"rendered":"https:\/\/sie7e24.es\/valquer\/brevets\/"},"modified":"2026-01-25T17:05:09","modified_gmt":"2026-01-25T17:05:09","slug":"brevets","status":"publish","type":"page","link":"https:\/\/info.valquer.com\/fr\/brevets\/","title":{"rendered":"Brevets"},"content":{"rendered":"<p>[et_pb_section fb_built=\u00a0\u00bb1&Prime; module_class=\u00a0\u00bbHeaderAzulValquer\u00a0\u00bb _builder_version=\u00a0\u00bb4.27.5&Prime; _module_preset=\u00a0\u00bbdefault\u00a0\u00bb background_color=\u00a0\u00bb#051B34&Prime; background_image=\u00a0\u00bbhttps:\/\/info.valquer.com\/wp-content\/uploads\/2026\/01\/Patentes-Solidos.jpg\u00a0\u00bb custom_padding=\u00a0\u00bb0px||0px||true|false\u00a0\u00bb global_colors_info=\u00a0\u00bb{}\u00a0\u00bb][et_pb_row custom_padding_last_edited=\u00a0\u00bbon|phone\u00a0\u00bb _builder_version=\u00a0\u00bb4.27.5&Prime; _module_preset=\u00a0\u00bbdefault\u00a0\u00bb width=\u00a0\u00bb100%\u00a0\u00bb max_width=\u00a0\u00bb90%\u00a0\u00bb custom_padding=\u00a0\u00bb196px||196px||true|false\u00a0\u00bb custom_padding_tablet=\u00a0\u00bb196px||196px||true|false\u00a0\u00bb custom_padding_phone=\u00a0\u00bb80px||80px||true|false\u00a0\u00bb global_colors_info=\u00a0\u00bb{}\u00a0\u00bb][et_pb_column type=\u00a0\u00bb4_4&Prime; _builder_version=\u00a0\u00bb4.27.5&Prime; _module_preset=\u00a0\u00bbdefault\u00a0\u00bb global_colors_info=\u00a0\u00bb{}\u00a0\u00bb][et_pb_text _builder_version=\u00a0\u00bb4.27.5&Prime; _module_preset=\u00a0\u00bbdefault\u00a0\u00bb header_font=\u00a0\u00bb|300|||||||\u00a0\u00bb header_text_align=\u00a0\u00bbcenter\u00a0\u00bb header_font_size=\u00a0\u00bb48px\u00a0\u00bb header_2_text_align=\u00a0\u00bbcenter\u00a0\u00bb header_2_font_size=\u00a0\u00bb18px\u00a0\u00bb background_layout=\u00a0\u00bbdark\u00a0\u00bb header_font_size_tablet=\u00a0\u00bb48px\u00a0\u00bb header_font_size_phone=\u00a0\u00bb27px\u00a0\u00bb header_font_size_last_edited=\u00a0\u00bbon|phone\u00a0\u00bb header_2_text_align_tablet=\u00a0\u00bbcenter\u00a0\u00bb header_2_font_size_tablet=\u00a0\u00bb18px\u00a0\u00bb header_2_font_size_phone=\u00a0\u00bb16px\u00a0\u00bb header_2_font_size_last_edited=\u00a0\u00bbon|tablet\u00a0\u00bb global_colors_info=\u00a0\u00bb{}\u00a0\u00bb]<\/p>\n<h2>Laboratoire d\u00e9di\u00e9 \u00e0 l&rsquo;innovation<\/h2>\n<p><\/p>\n<h1>Brevets<\/h1>\n<p>[\/et_pb_text][\/et_pb_column][\/et_pb_row][\/et_pb_section][et_pb_section fb_built=\u00a0\u00bb1&Prime; _builder_version=\u00a0\u00bb4.27.5&Prime; _module_preset=\u00a0\u00bbdefault\u00a0\u00bb background_enable_color=\u00a0\u00bboff\u00a0\u00bb custom_padding=\u00a0\u00bb0px||40px||false|false\u00a0\u00bb global_colors_info=\u00a0\u00bb{}\u00a0\u00bb][et_pb_row use_custom_gutter=\u00a0\u00bbon\u00a0\u00bb gutter_width=\u00a0\u00bb4&Prime; _builder_version=\u00a0\u00bb4.27.5&Prime; _module_preset=\u00a0\u00bba45db282-3f53-4204-b5e4-3acc2dbdc60a\u00a0\u00bb custom_padding=\u00a0\u00bb0px||0px||true|false\u00a0\u00bb global_colors_info=\u00a0\u00bb{}\u00a0\u00bb][et_pb_column type=\u00a0\u00bb4_4&Prime; _builder_version=\u00a0\u00bb4.27.5&Prime; _module_preset=\u00a0\u00bbdefault\u00a0\u00bb custom_padding=\u00a0\u00bb80px||||false|false\u00a0\u00bb global_colors_info=\u00a0\u00bb{}\u00a0\u00bb][et_pb_text _builder_version=\u00a0\u00bb4.27.5&Prime; _module_preset=\u00a0\u00bbdefault\u00a0\u00bb header_3_text_align=\u00a0\u00bbcenter\u00a0\u00bb header_3_font_size=\u00a0\u00bb32px\u00a0\u00bb custom_margin=\u00a0\u00bb||7px|||\u00a0\u00bb global_colors_info=\u00a0\u00bb{}\u00a0\u00bb]<\/p>\n<h3>Laboratoire Cosm\u00e9tique avec Brevets Exclusifs<\/h3>\n<p>[\/et_pb_text][et_pb_text _builder_version=\u00a0\u00bb4.27.5&Prime; _module_preset=\u00a0\u00bbdefault\u00a0\u00bb text_font=\u00a0\u00bbMabry Pro||||||||\u00a0\u00bb text_text_color=\u00a0\u00bb#051B34&Prime; text_line_height=\u00a0\u00bb1.2em\u00a0\u00bb text_orientation=\u00a0\u00bbcenter\u00a0\u00bb global_colors_info=\u00a0\u00bb{}\u00a0\u00bb]Pionniers en innovation avec des formules brevet\u00e9es qui garantissent des r\u00e9sultats exceptionnels, d\u00e9velopp\u00e9es avec une technologie avanc\u00e9e et les meilleurs ingr\u00e9dients.[\/et_pb_text][et_pb_video src=\u00a0\u00bbhttps:\/\/youtu.be\/mLEYAGQpkaQ?si=zon2v0CIQYvcGG7F\u00a0\u00bb image_src=\u00a0\u00bbhttps:\/\/info.valquer.com\/wp-content\/uploads\/2026\/01\/patentes-scaled-1-1024&#215;490.jpeg\u00a0\u00bb font_icon=\u00a0\u00bb&#x3d;||divi||400&Prime; _builder_version=\u00a0\u00bb4.27.5&Prime; _module_preset=\u00a0\u00bbdefault\u00a0\u00bb locked=\u00a0\u00bboff\u00a0\u00bb global_colors_info=\u00a0\u00bb{}\u00a0\u00bb][\/et_pb_video][et_pb_text _builder_version=\u00a0\u00bb4.27.5&Prime; _module_preset=\u00a0\u00bbdefault\u00a0\u00bb text_font=\u00a0\u00bbMabry Pro||||||||\u00a0\u00bb text_text_color=\u00a0\u00bb#051B34&Prime; text_line_height=\u00a0\u00bb1.2em\u00a0\u00bb locked=\u00a0\u00bboff\u00a0\u00bb global_colors_info=\u00a0\u00bb{}\u00a0\u00bb]<\/p>\n<p>Chez <strong>Valquer Laboratorios<\/strong>, nous disposons de divers brevets sur les <strong>produits cosm\u00e9tiques<\/strong>, fruit de notre d\u00e9vouement \u00e0 l&rsquo;innovation et \u00e0 l&rsquo;excellence. Ces brevets garantissent \u00e0 nos clients des <strong>formules uniques<\/strong>, d\u00e9velopp\u00e9es avec une technologie avanc\u00e9e et les meilleurs ingr\u00e9dients. Chaque produit a \u00e9t\u00e9 soigneusement con\u00e7u pour fournir des r\u00e9sultats visibles et efficaces, soutenus par la science, des recherches rigoureuses et un engagement envers la qualit\u00e9 et la durabilit\u00e9. Profitez de l&rsquo;exclusivit\u00e9 des <strong>cosm\u00e9tiques<\/strong> innovants qui font la diff\u00e9rence en mati\u00e8re de soins personnels.<\/p>\n<p>[\/et_pb_text][\/et_pb_column][\/et_pb_row][et_pb_row use_custom_gutter=\u00a0\u00bbon\u00a0\u00bb gutter_width=\u00a0\u00bb4&Prime; _builder_version=\u00a0\u00bb4.27.5&Prime; _module_preset=\u00a0\u00bba45db282-3f53-4204-b5e4-3acc2dbdc60a\u00a0\u00bb custom_padding=\u00a0\u00bb0px||0px||true|false\u00a0\u00bb global_colors_info=\u00a0\u00bb{}\u00a0\u00bb][et_pb_column type=\u00a0\u00bb4_4&Prime; _builder_version=\u00a0\u00bb4.27.5&Prime; _module_preset=\u00a0\u00bbdefault\u00a0\u00bb custom_padding=\u00a0\u00bb80px||||false|false\u00a0\u00bb global_colors_info=\u00a0\u00bb{}\u00a0\u00bb][et_pb_text _builder_version=\u00a0\u00bb4.27.5&Prime; _module_preset=\u00a0\u00bbdefault\u00a0\u00bb header_3_text_align=\u00a0\u00bbcenter\u00a0\u00bb header_3_font_size=\u00a0\u00bb32px\u00a0\u00bb custom_margin=\u00a0\u00bb||7px|||\u00a0\u00bb locked=\u00a0\u00bboff\u00a0\u00bb global_colors_info=\u00a0\u00bb{}\u00a0\u00bb]<\/p>\n<h3>Brevets Accord\u00e9s<\/h3>\n<p>[\/et_pb_text][dipi_timeline _builder_version=\u00a0\u00bb4.27.5&Prime; _module_preset=\u00a0\u00bbdefault\u00a0\u00bb width_tablet=\u00a0\u00bb800px\u00a0\u00bb width_phone=\u00a0\u00bb800px\u00a0\u00bb width_last_edited=\u00a0\u00bboff|desktop\u00a0\u00bb max_width_tablet=\u00a0\u00bb800px\u00a0\u00bb max_width_phone=\u00a0\u00bb800px\u00a0\u00bb max_width_last_edited=\u00a0\u00bboff|desktop\u00a0\u00bb module_alignment=\u00a0\u00bbcenter\u00a0\u00bb custom_margin=\u00a0\u00bb40px||||false|false\u00a0\u00bb global_colors_info=\u00a0\u00bb{}\u00a0\u00bb][dipi_timeline_item title=\u00a0\u00bbShake The Change\u00a0\u00bb timeline_icon=\u00a0\u00bb&#xf540;||fa||900&Prime; image=\u00a0\u00bbhttps:\/\/info.valquer.com\/wp-content\/uploads\/2026\/01\/shake-the-change-300&#215;300-1.jpg\u00a0\u00bb custom_card_arrow=\u00a0\u00bbon\u00a0\u00bb card_arrow_color=\u00a0\u00bb#f8f8f8&Prime; card_width=\u00a0\u00bb60%\u00a0\u00bb card_max_width=\u00a0\u00bb100%\u00a0\u00bb card_width_tablet=\u00a0\u00bb60%\u00a0\u00bb card_width_phone=\u00a0\u00bb100%\u00a0\u00bb card_width_last_edited=\u00a0\u00bbon|phone\u00a0\u00bb _builder_version=\u00a0\u00bb4.27.5&Prime; _module_preset=\u00a0\u00bbdefault\u00a0\u00bb background_color=\u00a0\u00bb#f8f8f8&Prime; background_enable_color=\u00a0\u00bbon\u00a0\u00bb border_radii=\u00a0\u00bbon|10px|10px|10px|10px\u00a0\u00bb border_radii_image=\u00a0\u00bbon|10px|10px|10px|10px\u00a0\u00bb global_colors_info=\u00a0\u00bb{}\u00a0\u00bb]<\/p>\n<p>Brevet d&rsquo;Utilit\u00e9 : U202332252<\/p>\n<p>[\/dipi_timeline_item][dipi_timeline_item title=\u00a0\u00bbShampoing Solide\u00a0\u00bb timeline_icon=\u00a0\u00bb&#xf540;||fa||900&Prime; image=\u00a0\u00bbhttps:\/\/info.valquer.com\/wp-content\/uploads\/2026\/01\/champu-solido-300&#215;300-1.jpg\u00a0\u00bb custom_card_arrow=\u00a0\u00bbon\u00a0\u00bb card_arrow_color=\u00a0\u00bb#f8f8f8&Prime; card_width=\u00a0\u00bb60%\u00a0\u00bb card_max_width=\u00a0\u00bb60%\u00a0\u00bb card_margin=\u00a0\u00bb||||false|false\u00a0\u00bb card_width_tablet=\u00a0\u00bb60%\u00a0\u00bb card_width_phone=\u00a0\u00bb100%\u00a0\u00bb card_width_last_edited=\u00a0\u00bbon|phone\u00a0\u00bb card_max_width_tablet=\u00a0\u00bb60%\u00a0\u00bb card_max_width_phone=\u00a0\u00bb100%\u00a0\u00bb card_max_width_last_edited=\u00a0\u00bbon|desktop\u00a0\u00bb _builder_version=\u00a0\u00bb4.27.5&Prime; _module_preset=\u00a0\u00bbdefault\u00a0\u00bb background_color=\u00a0\u00bb#f8f8f8&Prime; background_enable_color=\u00a0\u00bbon\u00a0\u00bb custom_margin=\u00a0\u00bb-150px||||false|false\u00a0\u00bb custom_margin_tablet=\u00a0\u00bb0px||||false|false\u00a0\u00bb custom_margin_phone=\u00a0\u00bb0px||||false|false\u00a0\u00bb custom_margin_last_edited=\u00a0\u00bbon|phone\u00a0\u00bb border_radii=\u00a0\u00bbon|10px|10px|10px|10px\u00a0\u00bb border_radii_image=\u00a0\u00bbon|10px|10px|10px|10px\u00a0\u00bb global_colors_info=\u00a0\u00bb{}\u00a0\u00bb]<\/p>\n<p>Brevet d&rsquo;Utilit\u00e9 : P201930655<\/p>\n<p>[\/dipi_timeline_item][dipi_timeline_item title=\u00a0\u00bbBombes de Bain\u00a0\u00bb timeline_icon=\u00a0\u00bb&#xf540;||fa||900&Prime; image=\u00a0\u00bbhttps:\/\/info.valquer.com\/wp-content\/uploads\/2026\/01\/bombas-de-ban\u079fo-300&#215;300-1.jpg\u00a0\u00bb custom_card_arrow=\u00a0\u00bbon\u00a0\u00bb card_arrow_color=\u00a0\u00bb#f8f8f8&Prime; card_width=\u00a0\u00bb60%\u00a0\u00bb card_max_width=\u00a0\u00bb60%\u00a0\u00bb card_margin=\u00a0\u00bb||||false|false\u00a0\u00bb card_width_tablet=\u00a0\u00bb60%\u00a0\u00bb card_width_phone=\u00a0\u00bb100%\u00a0\u00bb card_width_last_edited=\u00a0\u00bbon|phone\u00a0\u00bb card_max_width_tablet=\u00a0\u00bb60%\u00a0\u00bb card_max_width_phone=\u00a0\u00bb100%\u00a0\u00bb card_max_width_last_edited=\u00a0\u00bbon|desktop\u00a0\u00bb _builder_version=\u00a0\u00bb4.27.5&Prime; _module_preset=\u00a0\u00bbdefault\u00a0\u00bb background_color=\u00a0\u00bb#f8f8f8&Prime; background_enable_color=\u00a0\u00bbon\u00a0\u00bb custom_margin=\u00a0\u00bb-150px||||false|false\u00a0\u00bb custom_margin_tablet=\u00a0\u00bb0px||||false|false\u00a0\u00bb custom_margin_phone=\u00a0\u00bb0px||||false|false\u00a0\u00bb custom_margin_last_edited=\u00a0\u00bbon|phone\u00a0\u00bb border_radii=\u00a0\u00bbon|10px|10px|10px|10px\u00a0\u00bb border_radii_image=\u00a0\u00bbon|10px|10px|10px|10px\u00a0\u00bb global_colors_info=\u00a0\u00bb{}\u00a0\u00bb]<\/p>\n<p>Brevet d&rsquo;Utilit\u00e9 : P202230015<\/p>\n<p>[\/dipi_timeline_item][\/dipi_timeline][\/et_pb_column][\/et_pb_row][et_pb_row use_custom_gutter=\u00a0\u00bbon\u00a0\u00bb gutter_width=\u00a0\u00bb4&Prime; _builder_version=\u00a0\u00bb4.27.5&Prime; _module_preset=\u00a0\u00bba45db282-3f53-4204-b5e4-3acc2dbdc60a\u00a0\u00bb custom_padding=\u00a0\u00bb0px||0px||true|false\u00a0\u00bb global_colors_info=\u00a0\u00bb{}\u00a0\u00bb][et_pb_column type=\u00a0\u00bb4_4&Prime; _builder_version=\u00a0\u00bb4.27.5&Prime; _module_preset=\u00a0\u00bbdefault\u00a0\u00bb custom_padding=\u00a0\u00bb80px||||false|false\u00a0\u00bb global_colors_info=\u00a0\u00bb{}\u00a0\u00bb][et_pb_text _builder_version=\u00a0\u00bb4.27.5&Prime; _module_preset=\u00a0\u00bbdefault\u00a0\u00bb header_3_text_align=\u00a0\u00bbcenter\u00a0\u00bb header_3_font_size=\u00a0\u00bb32px\u00a0\u00bb custom_margin=\u00a0\u00bb||7px|||\u00a0\u00bb locked=\u00a0\u00bboff\u00a0\u00bb global_colors_info=\u00a0\u00bb{}\u00a0\u00bb]<\/p>\n<h3>Brevets en \u00c9tude et en Phase d\u2019Examen Substantiel<\/h3>\n<p>[\/et_pb_text][dipi_timeline _builder_version=\u00a0\u00bb4.27.5&Prime; _module_preset=\u00a0\u00bbdefault\u00a0\u00bb module_alignment=\u00a0\u00bbcenter\u00a0\u00bb custom_margin=\u00a0\u00bb40px||||false|false\u00a0\u00bb global_colors_info=\u00a0\u00bb{}\u00a0\u00bb][dipi_timeline_item title=\u00a0\u00bb\u00c9cran Solaire Invisible\u00a0\u00bb timeline_icon=\u00a0\u00bb&#xf540;||fa||900&Prime; image=\u00a0\u00bbhttps:\/\/info.valquer.com\/wp-content\/uploads\/2026\/01\/shake-the-change-300&#215;300-1.jpg\u00a0\u00bb custom_card_arrow=\u00a0\u00bbon\u00a0\u00bb card_arrow_color=\u00a0\u00bb#f8f8f8&Prime; card_width=\u00a0\u00bb60%\u00a0\u00bb card_max_width=\u00a0\u00bb60%\u00a0\u00bb card_width_tablet=\u00a0\u00bb60%\u00a0\u00bb card_width_phone=\u00a0\u00bb100%\u00a0\u00bb card_width_last_edited=\u00a0\u00bbon|desktop\u00a0\u00bb card_max_width_tablet=\u00a0\u00bb60%\u00a0\u00bb card_max_width_phone=\u00a0\u00bb100%\u00a0\u00bb card_max_width_last_edited=\u00a0\u00bbon|phone\u00a0\u00bb _builder_version=\u00a0\u00bb4.27.5&Prime; _module_preset=\u00a0\u00bbdefault\u00a0\u00bb background_color=\u00a0\u00bb#f8f8f8&Prime; background_enable_color=\u00a0\u00bbon\u00a0\u00bb border_radii=\u00a0\u00bbon|10px|10px|10px|10px\u00a0\u00bb border_radii_image=\u00a0\u00bbon|10px|10px|10px|10px\u00a0\u00bb global_colors_info=\u00a0\u00bb{}\u00a0\u00bb]<\/p>\n<p>Brevet d&rsquo;Utilit\u00e9 : P202430461<\/p>\n<p>[\/dipi_timeline_item][dipi_timeline_item title=\u00a0\u00bbCabbage Essence\u00a0\u00bb timeline_icon=\u00a0\u00bb&#xf540;||fa||900&Prime; image=\u00a0\u00bbhttps:\/\/info.valquer.com\/wp-content\/uploads\/2026\/01\/esencia-repollo.webp\u00a0\u00bb custom_card_arrow=\u00a0\u00bbon\u00a0\u00bb card_arrow_color=\u00a0\u00bb#f8f8f8&Prime; card_width=\u00a0\u00bb60%\u00a0\u00bb card_max_width=\u00a0\u00bb60%\u00a0\u00bb card_margin=\u00a0\u00bb||||false|false\u00a0\u00bb card_width_tablet=\u00a0\u00bb60%\u00a0\u00bb card_width_phone=\u00a0\u00bb100%\u00a0\u00bb card_width_last_edited=\u00a0\u00bbon|phone\u00a0\u00bb card_max_width_tablet=\u00a0\u00bb60%\u00a0\u00bb card_max_width_phone=\u00a0\u00bb100%\u00a0\u00bb card_max_width_last_edited=\u00a0\u00bbon|phone\u00a0\u00bb _builder_version=\u00a0\u00bb4.27.5&Prime; _module_preset=\u00a0\u00bbdefault\u00a0\u00bb background_color=\u00a0\u00bb#f8f8f8&Prime; background_enable_color=\u00a0\u00bbon\u00a0\u00bb custom_margin=\u00a0\u00bb-150px||||false|false\u00a0\u00bb custom_margin_tablet=\u00a0\u00bb0px||||false|false\u00a0\u00bb custom_margin_phone=\u00a0\u00bb0px||||false|false\u00a0\u00bb custom_margin_last_edited=\u00a0\u00bbon|tablet\u00a0\u00bb border_radii=\u00a0\u00bbon|10px|10px|10px|10px\u00a0\u00bb border_radii_image=\u00a0\u00bbon|10px|10px|10px|10px\u00a0\u00bb global_colors_info=\u00a0\u00bb{}\u00a0\u00bb]<\/p>\n<p>Brevet d&rsquo;Utilit\u00e9 : P202330358<\/p>\n<p>[\/dipi_timeline_item][\/dipi_timeline][\/et_pb_column][\/et_pb_row][\/et_pb_section]<\/p>\n","protected":false},"excerpt":{"rendered":"<p>Laboratoire d\u00e9di\u00e9 \u00e0 l&rsquo;innovationBrevetsLaboratoire Cosm\u00e9tique avec Brevets ExclusifsPionniers en innovation avec des formules brevet\u00e9es qui garantissent des r\u00e9sultats exceptionnels, d\u00e9velopp\u00e9es avec une technologie avanc\u00e9e et les meilleurs ingr\u00e9dients.Chez Valquer Laboratorios, nous disposons de divers brevets sur les produits cosm\u00e9tiques, fruit de notre d\u00e9vouement \u00e0 l&rsquo;innovation et \u00e0 l&rsquo;excellence. Ces brevets garantissent \u00e0 nos clients des [&hellip;]<\/p>\n","protected":false},"author":1,"featured_media":0,"parent":0,"menu_order":0,"comment_status":"closed","ping_status":"closed","template":"","meta":{"_et_pb_use_builder":"on","_et_pb_old_content":"","_et_gb_content_width":"","footnotes":""},"dipi_cpt_category":[],"class_list":["post-4664","page","type-page","status-publish","hentry"],"yoast_head":"<!-- This site is optimized with the Yoast SEO Premium plugin v26.8 (Yoast SEO v26.8) - https:\/\/yoast.com\/product\/yoast-seo-premium-wordpress\/ -->\n<title>Brevets - Valquer\u00ae Laboratorios<\/title>\n<meta name=\"robots\" content=\"index, follow, max-snippet:-1, max-image-preview:large, max-video-preview:-1\" \/>\n<link rel=\"canonical\" href=\"https:\/\/info.valquer.com\/fr\/brevets\/\" \/>\n<meta property=\"og:locale\" content=\"fr_FR\" \/>\n<meta property=\"og:type\" content=\"article\" \/>\n<meta property=\"og:title\" content=\"Brevets\" \/>\n<meta property=\"og:description\" content=\"Laboratoire d\u00e9di\u00e9 \u00e0 l&#039;innovationBrevetsLaboratoire Cosm\u00e9tique avec Brevets ExclusifsPionniers en innovation avec des formules brevet\u00e9es qui garantissent des r\u00e9sultats exceptionnels, d\u00e9velopp\u00e9es avec une technologie avanc\u00e9e et les meilleurs ingr\u00e9dients.Chez Valquer Laboratorios, nous disposons de divers brevets sur les produits cosm\u00e9tiques, fruit de notre d\u00e9vouement \u00e0 l&#039;innovation et \u00e0 l&#039;excellence. Ces brevets garantissent \u00e0 nos clients des [&hellip;]\" \/>\n<meta property=\"og:url\" content=\"https:\/\/info.valquer.com\/fr\/brevets\/\" \/>\n<meta property=\"og:site_name\" content=\"Valquer\u00ae Laboratorios\" \/>\n<meta property=\"article:publisher\" content=\"https:\/\/www.facebook.com\/valquerlaboratorios\/\" \/>\n<meta property=\"article:modified_time\" content=\"2026-01-25T17:05:09+00:00\" \/>\n<meta property=\"og:image\" content=\"https:\/\/info.valquer.com\/wp-content\/uploads\/2026\/01\/Logo-Valquer.jpg\" \/>\n\t<meta property=\"og:image:width\" content=\"1200\" \/>\n\t<meta property=\"og:image:height\" content=\"675\" \/>\n\t<meta property=\"og:image:type\" content=\"image\/jpeg\" \/>\n<meta name=\"twitter:card\" content=\"summary_large_image\" \/>\n<meta name=\"twitter:label1\" content=\"Dur\u00e9e de lecture estim\u00e9e\" \/>\n\t<meta name=\"twitter:data1\" content=\"7 minutes\" \/>\n<script type=\"application\/ld+json\" class=\"yoast-schema-graph\">{\"@context\":\"https:\/\/schema.org\",\"@graph\":[{\"@type\":\"WebPage\",\"@id\":\"https:\/\/info.valquer.com\/fr\/brevets\/\",\"url\":\"https:\/\/info.valquer.com\/fr\/brevets\/\",\"name\":\"Brevets - Valquer\u00ae Laboratorios\",\"isPartOf\":{\"@id\":\"https:\/\/info.valquer.com\/fr\/#website\"},\"datePublished\":\"2026-01-05T20:36:12+00:00\",\"dateModified\":\"2026-01-25T17:05:09+00:00\",\"breadcrumb\":{\"@id\":\"https:\/\/info.valquer.com\/fr\/brevets\/#breadcrumb\"},\"inLanguage\":\"fr-FR\",\"potentialAction\":[{\"@type\":\"ReadAction\",\"target\":[\"https:\/\/info.valquer.com\/fr\/brevets\/\"]}]},{\"@type\":\"BreadcrumbList\",\"@id\":\"https:\/\/info.valquer.com\/fr\/brevets\/#breadcrumb\",\"itemListElement\":[{\"@type\":\"ListItem\",\"position\":1,\"name\":\"Portada\",\"item\":\"https:\/\/info.valquer.com\/fr\/\"},{\"@type\":\"ListItem\",\"position\":2,\"name\":\"Brevets\"}]},{\"@type\":\"WebSite\",\"@id\":\"https:\/\/info.valquer.com\/fr\/#website\",\"url\":\"https:\/\/info.valquer.com\/fr\/\",\"name\":\"Valquer\u00ae Laboratorios\",\"description\":\"Dermocosm\u00e9tica Natural y Sostenible\",\"publisher\":{\"@id\":\"https:\/\/info.valquer.com\/fr\/#organization\"},\"alternateName\":\"Valquer Labs\",\"potentialAction\":[{\"@type\":\"SearchAction\",\"target\":{\"@type\":\"EntryPoint\",\"urlTemplate\":\"https:\/\/info.valquer.com\/fr\/?s={search_term_string}\"},\"query-input\":{\"@type\":\"PropertyValueSpecification\",\"valueRequired\":true,\"valueName\":\"search_term_string\"}}],\"inLanguage\":\"fr-FR\"},{\"@type\":\"Organization\",\"@id\":\"https:\/\/info.valquer.com\/fr\/#organization\",\"name\":\"Valquer\u00ae Laboratorios\",\"alternateName\":\"Valquer Labs\",\"url\":\"https:\/\/info.valquer.com\/fr\/\",\"logo\":{\"@type\":\"ImageObject\",\"inLanguage\":\"fr-FR\",\"@id\":\"https:\/\/info.valquer.com\/fr\/#\/schema\/logo\/image\/\",\"url\":\"https:\/\/info.valquer.com\/wp-content\/uploads\/2026\/01\/Logo-Valquer.jpg\",\"contentUrl\":\"https:\/\/info.valquer.com\/wp-content\/uploads\/2026\/01\/Logo-Valquer.jpg\",\"width\":1200,\"height\":675,\"caption\":\"Valquer\u00ae Laboratorios\"},\"image\":{\"@id\":\"https:\/\/info.valquer.com\/fr\/#\/schema\/logo\/image\/\"},\"sameAs\":[\"https:\/\/www.facebook.com\/valquerlaboratorios\/\",\"https:\/\/www.instagram.com\/valquer_laboratorios\/\",\"https:\/\/www.tiktok.com\/@valquer_laboratorios\",\"https:\/\/www.youtube.com\/user\/laboratoriosvalquer\",\"https:\/\/www.linkedin.com\/company\/laboratorios-valquer\/?originalSubdomain=es\"],\"description\":\"Cosm\u00e9ticos biotecnol\u00f3gicos, naturales y sostenibles. Laboratorio y fabricante de cosm\u00e9ticos desde 1975. Con presencia en m\u00e1s de 65 pa\u00edses y sedes en Espa\u00f1a, Reino Unido y M\u00e9xico. Valquer Laboratorios, investiga, desarrolla y fabrica productos cosm\u00e9ticos biotecnol\u00f3gicos, veganos, naturales, sostenibles y testados dermatol\u00f3gicamente, para terceros.\",\"email\":\"info@valquer.com\",\"telephone\":\"+34 925 91 00 99\",\"legalName\":\"VALQUER LABORATORIOS S.L.U.\",\"foundingDate\":\"1975-07-10\",\"vatID\":\"B78094489\",\"taxID\":\"B78094489\",\"numberOfEmployees\":{\"@type\":\"QuantitativeValue\",\"minValue\":\"51\",\"maxValue\":\"200\"},\"publishingPrinciples\":\"https:\/\/info.valquer.com\/home\/\"}]}<\/script>\n<!-- \/ Yoast SEO Premium plugin. -->","yoast_head_json":{"title":"Brevets - Valquer\u00ae Laboratorios","robots":{"index":"index","follow":"follow","max-snippet":"max-snippet:-1","max-image-preview":"max-image-preview:large","max-video-preview":"max-video-preview:-1"},"canonical":"https:\/\/info.valquer.com\/fr\/brevets\/","og_locale":"fr_FR","og_type":"article","og_title":"Brevets","og_description":"Laboratoire d\u00e9di\u00e9 \u00e0 l'innovationBrevetsLaboratoire Cosm\u00e9tique avec Brevets ExclusifsPionniers en innovation avec des formules brevet\u00e9es qui garantissent des r\u00e9sultats exceptionnels, d\u00e9velopp\u00e9es avec une technologie avanc\u00e9e et les meilleurs ingr\u00e9dients.Chez Valquer Laboratorios, nous disposons de divers brevets sur les produits cosm\u00e9tiques, fruit de notre d\u00e9vouement \u00e0 l'innovation et \u00e0 l'excellence. Ces brevets garantissent \u00e0 nos clients des [&hellip;]","og_url":"https:\/\/info.valquer.com\/fr\/brevets\/","og_site_name":"Valquer\u00ae Laboratorios","article_publisher":"https:\/\/www.facebook.com\/valquerlaboratorios\/","article_modified_time":"2026-01-25T17:05:09+00:00","og_image":[{"width":1200,"height":675,"url":"https:\/\/info.valquer.com\/wp-content\/uploads\/2026\/01\/Logo-Valquer.jpg","type":"image\/jpeg"}],"twitter_card":"summary_large_image","twitter_misc":{"Dur\u00e9e de lecture estim\u00e9e":"7 minutes"},"schema":{"@context":"https:\/\/schema.org","@graph":[{"@type":"WebPage","@id":"https:\/\/info.valquer.com\/fr\/brevets\/","url":"https:\/\/info.valquer.com\/fr\/brevets\/","name":"Brevets - Valquer\u00ae Laboratorios","isPartOf":{"@id":"https:\/\/info.valquer.com\/fr\/#website"},"datePublished":"2026-01-05T20:36:12+00:00","dateModified":"2026-01-25T17:05:09+00:00","breadcrumb":{"@id":"https:\/\/info.valquer.com\/fr\/brevets\/#breadcrumb"},"inLanguage":"fr-FR","potentialAction":[{"@type":"ReadAction","target":["https:\/\/info.valquer.com\/fr\/brevets\/"]}]},{"@type":"BreadcrumbList","@id":"https:\/\/info.valquer.com\/fr\/brevets\/#breadcrumb","itemListElement":[{"@type":"ListItem","position":1,"name":"Portada","item":"https:\/\/info.valquer.com\/fr\/"},{"@type":"ListItem","position":2,"name":"Brevets"}]},{"@type":"WebSite","@id":"https:\/\/info.valquer.com\/fr\/#website","url":"https:\/\/info.valquer.com\/fr\/","name":"Valquer\u00ae Laboratorios","description":"Dermocosm\u00e9tica Natural y Sostenible","publisher":{"@id":"https:\/\/info.valquer.com\/fr\/#organization"},"alternateName":"Valquer Labs","potentialAction":[{"@type":"SearchAction","target":{"@type":"EntryPoint","urlTemplate":"https:\/\/info.valquer.com\/fr\/?s={search_term_string}"},"query-input":{"@type":"PropertyValueSpecification","valueRequired":true,"valueName":"search_term_string"}}],"inLanguage":"fr-FR"},{"@type":"Organization","@id":"https:\/\/info.valquer.com\/fr\/#organization","name":"Valquer\u00ae Laboratorios","alternateName":"Valquer Labs","url":"https:\/\/info.valquer.com\/fr\/","logo":{"@type":"ImageObject","inLanguage":"fr-FR","@id":"https:\/\/info.valquer.com\/fr\/#\/schema\/logo\/image\/","url":"https:\/\/info.valquer.com\/wp-content\/uploads\/2026\/01\/Logo-Valquer.jpg","contentUrl":"https:\/\/info.valquer.com\/wp-content\/uploads\/2026\/01\/Logo-Valquer.jpg","width":1200,"height":675,"caption":"Valquer\u00ae Laboratorios"},"image":{"@id":"https:\/\/info.valquer.com\/fr\/#\/schema\/logo\/image\/"},"sameAs":["https:\/\/www.facebook.com\/valquerlaboratorios\/","https:\/\/www.instagram.com\/valquer_laboratorios\/","https:\/\/www.tiktok.com\/@valquer_laboratorios","https:\/\/www.youtube.com\/user\/laboratoriosvalquer","https:\/\/www.linkedin.com\/company\/laboratorios-valquer\/?originalSubdomain=es"],"description":"Cosm\u00e9ticos biotecnol\u00f3gicos, naturales y sostenibles. Laboratorio y fabricante de cosm\u00e9ticos desde 1975. Con presencia en m\u00e1s de 65 pa\u00edses y sedes en Espa\u00f1a, Reino Unido y M\u00e9xico. Valquer Laboratorios, investiga, desarrolla y fabrica productos cosm\u00e9ticos biotecnol\u00f3gicos, veganos, naturales, sostenibles y testados dermatol\u00f3gicamente, para terceros.","email":"info@valquer.com","telephone":"+34 925 91 00 99","legalName":"VALQUER LABORATORIOS S.L.U.","foundingDate":"1975-07-10","vatID":"B78094489","taxID":"B78094489","numberOfEmployees":{"@type":"QuantitativeValue","minValue":"51","maxValue":"200"},"publishingPrinciples":"https:\/\/info.valquer.com\/home\/"}]}},"_links":{"self":[{"href":"https:\/\/info.valquer.com\/fr\/wp-json\/wp\/v2\/pages\/4664","targetHints":{"allow":["GET"]}}],"collection":[{"href":"https:\/\/info.valquer.com\/fr\/wp-json\/wp\/v2\/pages"}],"about":[{"href":"https:\/\/info.valquer.com\/fr\/wp-json\/wp\/v2\/types\/page"}],"author":[{"embeddable":true,"href":"https:\/\/info.valquer.com\/fr\/wp-json\/wp\/v2\/users\/1"}],"replies":[{"embeddable":true,"href":"https:\/\/info.valquer.com\/fr\/wp-json\/wp\/v2\/comments?post=4664"}],"version-history":[{"count":0,"href":"https:\/\/info.valquer.com\/fr\/wp-json\/wp\/v2\/pages\/4664\/revisions"}],"wp:attachment":[{"href":"https:\/\/info.valquer.com\/fr\/wp-json\/wp\/v2\/media?parent=4664"}],"wp:term":[{"taxonomy":"dipi_cpt_category","embeddable":true,"href":"https:\/\/info.valquer.com\/fr\/wp-json\/wp\/v2\/dipi_cpt_category?post=4664"}],"curies":[{"name":"wp","href":"https:\/\/api.w.org\/{rel}","templated":true}]}}