{"id":4484,"date":"2025-12-29T13:29:29","date_gmt":"2025-12-29T13:29:29","guid":{"rendered":"https:\/\/sie7e24.es\/valquer\/travaille-avec-nous\/"},"modified":"2026-03-25T11:17:16","modified_gmt":"2026-03-25T11:17:16","slug":"travaille-avec-nous","status":"publish","type":"page","link":"https:\/\/info.valquer.com\/fr\/travaille-avec-nous\/","title":{"rendered":"Travaille Avec Nous"},"content":{"rendered":"<p>[et_pb_section fb_built=\u00a0\u00bb1&Prime; module_class=\u00a0\u00bbHeaderAzulValquer\u00a0\u00bb _builder_version=\u00a0\u00bb4.27.5&Prime; _module_preset=\u00a0\u00bbdefault\u00a0\u00bb background_color=\u00a0\u00bb#051B34&Prime; background_image=\u00a0\u00bbhttps:\/\/info.valquer.com\/wp-content\/uploads\/2026\/01\/trabajadores-valquer.webp\u00a0\u00bb background_size=\u00a0\u00bbinitial\u00a0\u00bb custom_padding=\u00a0\u00bb0px||0px||true|false\u00a0\u00bb global_colors_info=\u00a0\u00bb{}\u00a0\u00bb][et_pb_row custom_padding_last_edited=\u00a0\u00bbon|phone\u00a0\u00bb _builder_version=\u00a0\u00bb4.27.5&Prime; _module_preset=\u00a0\u00bbdefault\u00a0\u00bb width=\u00a0\u00bb100%\u00a0\u00bb max_width=\u00a0\u00bb90%\u00a0\u00bb custom_padding=\u00a0\u00bb196px||196px||true|false\u00a0\u00bb custom_padding_tablet=\u00a0\u00bb196px||196px||true|false\u00a0\u00bb custom_padding_phone=\u00a0\u00bb80px||80px||true|false\u00a0\u00bb global_colors_info=\u00a0\u00bb{}\u00a0\u00bb][et_pb_column type=\u00a0\u00bb4_4&Prime; _builder_version=\u00a0\u00bb4.27.5&Prime; _module_preset=\u00a0\u00bbdefault\u00a0\u00bb global_colors_info=\u00a0\u00bb{}\u00a0\u00bb][et_pb_text _builder_version=\u00a0\u00bb4.27.5&Prime; _module_preset=\u00a0\u00bbdefault\u00a0\u00bb header_font=\u00a0\u00bb|300|||||||\u00a0\u00bb header_text_align=\u00a0\u00bbcenter\u00a0\u00bb header_font_size=\u00a0\u00bb48px\u00a0\u00bb header_2_text_align=\u00a0\u00bbcenter\u00a0\u00bb header_2_font_size=\u00a0\u00bb18px\u00a0\u00bb background_layout=\u00a0\u00bbdark\u00a0\u00bb header_font_size_tablet=\u00a0\u00bb48px\u00a0\u00bb header_font_size_phone=\u00a0\u00bb27px\u00a0\u00bb header_font_size_last_edited=\u00a0\u00bbon|phone\u00a0\u00bb header_2_text_align_tablet=\u00a0\u00bbcenter\u00a0\u00bb header_2_font_size_tablet=\u00a0\u00bb18px\u00a0\u00bb header_2_font_size_phone=\u00a0\u00bb16px\u00a0\u00bb header_2_font_size_last_edited=\u00a0\u00bbon|tablet\u00a0\u00bb global_colors_info=\u00a0\u00bb{}\u00a0\u00bb]<\/p>\n<h2>TRAVAILLER CHEZ VALQUER<\/h2>\n<p><\/p>\n<h1>Voudriez-vous travailler avec nous?<\/h1>\n<p>[\/et_pb_text][\/et_pb_column][\/et_pb_row][\/et_pb_section][et_pb_section fb_built=\u00a0\u00bb1&Prime; _builder_version=\u00a0\u00bb4.27.5&Prime; _module_preset=\u00a0\u00bbdefault\u00a0\u00bb background_color=\u00a0\u00bbRGBA(255,255,255,0)\u00a0\u00bb custom_padding=\u00a0\u00bb0px||40px||false|false\u00a0\u00bb global_colors_info=\u00a0\u00bb{}\u00a0\u00bb][et_pb_row column_structure=\u00a0\u00bb1_2,1_2&Prime; use_custom_gutter=\u00a0\u00bbon\u00a0\u00bb gutter_width=\u00a0\u00bb4&Prime; _builder_version=\u00a0\u00bb4.27.5&Prime; _module_preset=\u00a0\u00bba45db282-3f53-4204-b5e4-3acc2dbdc60a\u00a0\u00bb custom_padding=\u00a0\u00bb0px||0px||true|false\u00a0\u00bb global_colors_info=\u00a0\u00bb{}\u00a0\u00bb][et_pb_column type=\u00a0\u00bb1_2&Prime; _builder_version=\u00a0\u00bb4.27.5&Prime; _module_preset=\u00a0\u00bbdefault\u00a0\u00bb custom_padding=\u00a0\u00bb80px||||false|false\u00a0\u00bb global_colors_info=\u00a0\u00bb{}\u00a0\u00bb][et_pb_text _builder_version=\u00a0\u00bb4.27.5&Prime; _module_preset=\u00a0\u00bbdefault\u00a0\u00bb text_font=\u00a0\u00bbMabry Pro||||||||\u00a0\u00bb text_text_color=\u00a0\u00bb#051B34&Prime; text_font_size=\u00a0\u00bb20px\u00a0\u00bb text_line_height=\u00a0\u00bb1.2em\u00a0\u00bb global_colors_info=\u00a0\u00bb{}\u00a0\u00bb]<\/p>\n<p>Les Laboratoires Valquer, leader dans la recherche et la fabrication de cosm\u00e9tiques, v\u00e9hiculent leur philosophie \u00e0 travers le message suivant :<\/p>\n<p><\/p>\n<p style=\"text-align: right;\"><em><strong>\u201cTogether. Healthier and Happier\u201d<\/strong><\/em><\/p>\n<p><\/p>\n<p>Pour cette raison, pour Valquer, la premi\u00e8re et la plus importante chose est les GENS. Si vous souhaitez faire partie de notre \u00c9QUIPE, fournissez-nous vos donn\u00e9es.<\/p>\n<p><\/p>\n<p>Nos coll\u00e8gues \u00e9tudieront attentivement votre profil en le prenant en compte pour d\u2019\u00e9ventuelles et futures candidatures.<\/p>\n<p>[\/et_pb_text][et_pb_button button_url=\u00a0\u00bbhttps:\/\/forms.gle\/jVMrWUZy9u8hogpHA\u00a0\u00bb url_new_window=\u00a0\u00bbon\u00a0\u00bb button_text=\u00a0\u00bbCompl\u00e9tez le Formulaire\u00a0\u00bb button_alignment=\u00a0\u00bbcenter\u00a0\u00bb _builder_version=\u00a0\u00bb4.27.5&Prime; _module_preset=\u00a0\u00bbdefault\u00a0\u00bb custom_button=\u00a0\u00bbon\u00a0\u00bb button_text_color=\u00a0\u00bb#ffffff\u00a0\u00bb button_bg_color=\u00a0\u00bb#051B34&Prime; custom_padding=\u00a0\u00bb15px|35px|15px|35px|true|true\u00a0\u00bb global_colors_info=\u00a0\u00bb{}\u00a0\u00bb][\/et_pb_button][\/et_pb_column][et_pb_column type=\u00a0\u00bb1_2&Prime; _builder_version=\u00a0\u00bb4.27.5&Prime; _module_preset=\u00a0\u00bbdefault\u00a0\u00bb global_colors_info=\u00a0\u00bb{}\u00a0\u00bb][et_pb_image src=\u00a0\u00bbhttps:\/\/info.valquer.com\/wp-content\/uploads\/2026\/01\/corporativo-valquer.jpeg\u00a0\u00bb alt=\u00a0\u00bbchampu-torre\u00a0\u00bb title_text=\u00a0\u00bbcorporativo-valquer\u00a0\u00bb _builder_version=\u00a0\u00bb4.27.5&Prime; _module_preset=\u00a0\u00bbdefault\u00a0\u00bb global_colors_info=\u00a0\u00bb{}\u00a0\u00bb][\/et_pb_image][\/et_pb_column][\/et_pb_row][\/et_pb_section][et_pb_section fb_built=\u00a0\u00bb1&Prime; _builder_version=\u00a0\u00bb4.27.5&Prime; _module_preset=\u00a0\u00bbdefault\u00a0\u00bb custom_padding=\u00a0\u00bb30px||||false|false\u00a0\u00bb global_colors_info=\u00a0\u00bb{}\u00a0\u00bb][et_pb_row _builder_version=\u00a0\u00bb4.27.5&Prime; _module_preset=\u00a0\u00bbdefault\u00a0\u00bb width=\u00a0\u00bb90%\u00a0\u00bb max_width=\u00a0\u00bb90%\u00a0\u00bb global_colors_info=\u00a0\u00bb{}\u00a0\u00bb][et_pb_column type=\u00a0\u00bb4_4&Prime; _builder_version=\u00a0\u00bb4.27.5&Prime; _module_preset=\u00a0\u00bbdefault\u00a0\u00bb global_colors_info=\u00a0\u00bb{}\u00a0\u00bb][et_pb_accordion toggle_icon=\u00a0\u00bb&#xe044;||divi||400&Prime; _builder_version=\u00a0\u00bb4.27.5&Prime; _module_preset=\u00a0\u00bbdefault\u00a0\u00bb global_colors_info=\u00a0\u00bb{}\u00a0\u00bb][et_pb_accordion_item title=\u00a0\u00bbDISPLAY NO (NO BORRAR)\u00a0\u00bb open=\u00a0\u00bbon\u00a0\u00bb _builder_version=\u00a0\u00bb4.27.5&Prime; _module_preset=\u00a0\u00bbdefault\u00a0\u00bb custom_css_main_element=\u00a0\u00bbdisplay:none;\u00a0\u00bb global_colors_info=\u00a0\u00bb{}\u00a0\u00bb]<\/p>\n<p>Your content goes here. Edit or remove this text inline or in the module Content settings. You can also style every aspect of this content in the module Design settings and even apply custom CSS to this text in the module Advanced settings.<\/p>\n<p>[\/et_pb_accordion_item][et_pb_accordion_item title=\u00a0\u00bbInformations de base sur la politique de confidentialit\u00e9 de Laboratorios Valquer\u00a0\u00bb icon_color=\u00a0\u00bb#051B34&Prime; toggle_icon=\u00a0\u00bb&#xe044;||divi||400&Prime; use_icon_font_size=\u00a0\u00bbon\u00a0\u00bb icon_font_size=\u00a0\u00bb30px\u00a0\u00bb _builder_version=\u00a0\u00bb4.27.5&Prime; _module_preset=\u00a0\u00bbdefault\u00a0\u00bb background_color=\u00a0\u00bbRGBA(255,255,255,0)\u00a0\u00bb background_enable_color=\u00a0\u00bbon\u00a0\u00bb global_colors_info=\u00a0\u00bb{}\u00a0\u00bb toggle_text_align=\u00a0\u00bbcenter\u00a0\u00bb open=\u00a0\u00bboff\u00a0\u00bb]<\/p>\n<p>Responsable\u00a0:<\/p>\n<p><\/p>\n<p><strong>LABORATOIRES VALQUER S.L.<\/strong><\/p>\n<p><\/p>\n<p>But:<\/p>\n<p><\/p>\n<p>Fournir les services offerts via le Web ou assister \u00e0 d\u2019autres types de relations pouvant survenir avec LABORATORIOS VALQUER \u00e0 la suite des demandes, proc\u00e9dures ou proc\u00e9dures que l\u2019utilisateur effectue via le Web.<br \/>L\u00e9gitimation:<\/p>\n<p><\/p>\n<p>Consentement de l\u2019int\u00e9ress\u00e9 conform\u00e9ment aux dispositions du r\u00e8glement (UE) 2016\/679 du PE et du Conseil du 27 avril 2016.<\/p>\n<p><\/p>\n<p>Destinataires\u00a0:<\/p>\n<p><\/p>\n<p>Fichier interne automatis\u00e9 de LABORATORIOS VALQUER et de tiers pour le d\u00e9veloppement, la maintenance et le contr\u00f4le de la relation juridique \u00e9tablie lorsqu\u2019il existe une autorisation l\u00e9gale de l\u2019utilisateur \u00e0 le faire.<\/p>\n<p><\/p>\n<p>Droits : Acc\u00e8s, rectification, cession, opposition et droit \u00e0 l\u2019oubli.<\/p>\n<p><\/p>\n<p>Information compl\u00e9mentaire:<\/p>\n<p><\/p>\n<p>Vous pouvez obtenir toutes les informations suppl\u00e9mentaires et d\u00e9taill\u00e9es dont vous avez besoin sur le traitement et la protection de vos donn\u00e9es personnelles et la politique de confidentialit\u00e9 et la politique de cookies sur les pages respectives.<\/p>\n<p>[\/et_pb_accordion_item][\/et_pb_accordion][\/et_pb_column][\/et_pb_row][\/et_pb_section]<\/p>\n","protected":false},"excerpt":{"rendered":"<p>TRAVAILLER CHEZ VALQUERVoudriez-vous travailler avec nous?Les Laboratoires Valquer, leader dans la recherche et la fabrication de cosm\u00e9tiques, v\u00e9hiculent leur philosophie \u00e0 travers le message suivant :\u201cTogether. Healthier and Happier\u201dPour cette raison, pour Valquer, la premi\u00e8re et la plus importante chose est les GENS. Si vous souhaitez faire partie de notre \u00c9QUIPE, fournissez-nous vos donn\u00e9es.Nos coll\u00e8gues [&hellip;]<\/p>\n","protected":false},"author":1,"featured_media":4338,"parent":0,"menu_order":0,"comment_status":"closed","ping_status":"closed","template":"","meta":{"_et_pb_use_builder":"on","_et_pb_old_content":"","_et_gb_content_width":"","footnotes":""},"dipi_cpt_category":[],"class_list":["post-4484","page","type-page","status-publish","has-post-thumbnail","hentry"],"yoast_head":"<!-- This site is optimized with the Yoast SEO Premium plugin v26.8 (Yoast SEO v26.8) - https:\/\/yoast.com\/product\/yoast-seo-premium-wordpress\/ -->\n<title>Travaille Avec Nous |Valquer\u00ae Laboratorios<\/title>\n<meta name=\"description\" content=\"Travaillez avec nous et faites partie d\u2019une entreprise cosm\u00e9tique innovante, engag\u00e9e envers la qualit\u00e9, le d\u00e9veloppement professionnel et les personnes.\" \/>\n<meta name=\"robots\" content=\"index, follow, max-snippet:-1, max-image-preview:large, max-video-preview:-1\" \/>\n<link rel=\"canonical\" href=\"https:\/\/info.valquer.com\/fr\/travaille-avec-nous\/\" \/>\n<meta property=\"og:locale\" content=\"fr_FR\" \/>\n<meta property=\"og:type\" content=\"article\" \/>\n<meta property=\"og:title\" content=\"Travaille Avec Nous\" \/>\n<meta property=\"og:description\" content=\"Travaillez avec nous et faites partie d\u2019une entreprise cosm\u00e9tique innovante, engag\u00e9e envers la qualit\u00e9, le d\u00e9veloppement professionnel et les personnes.\" \/>\n<meta property=\"og:url\" content=\"https:\/\/info.valquer.com\/fr\/travaille-avec-nous\/\" \/>\n<meta property=\"og:site_name\" content=\"Valquer\u00ae Laboratorios\" \/>\n<meta property=\"article:publisher\" content=\"https:\/\/www.facebook.com\/valquerlaboratorios\/\" \/>\n<meta property=\"article:modified_time\" content=\"2026-03-25T11:17:16+00:00\" \/>\n<meta property=\"og:image\" content=\"https:\/\/info.valquer.com\/wp-content\/uploads\/2026\/01\/trabajadores-valquer.webp\" \/>\n\t<meta property=\"og:image:width\" content=\"1049\" \/>\n\t<meta property=\"og:image:height\" content=\"700\" \/>\n\t<meta property=\"og:image:type\" content=\"image\/webp\" \/>\n<meta name=\"twitter:card\" content=\"summary_large_image\" \/>\n<meta name=\"twitter:label1\" content=\"Dur\u00e9e de lecture estim\u00e9e\" \/>\n\t<meta name=\"twitter:data1\" content=\"4 minutes\" \/>\n<script type=\"application\/ld+json\" class=\"yoast-schema-graph\">{\"@context\":\"https:\/\/schema.org\",\"@graph\":[{\"@type\":\"WebPage\",\"@id\":\"https:\/\/info.valquer.com\/fr\/travaille-avec-nous\/\",\"url\":\"https:\/\/info.valquer.com\/fr\/travaille-avec-nous\/\",\"name\":\"Travaille Avec Nous |Valquer\u00ae Laboratorios\",\"isPartOf\":{\"@id\":\"https:\/\/info.valquer.com\/fr\/#website\"},\"primaryImageOfPage\":{\"@id\":\"https:\/\/info.valquer.com\/fr\/travaille-avec-nous\/#primaryimage\"},\"image\":{\"@id\":\"https:\/\/info.valquer.com\/fr\/travaille-avec-nous\/#primaryimage\"},\"thumbnailUrl\":\"https:\/\/info.valquer.com\/wp-content\/uploads\/2026\/01\/trabajadores-valquer.webp\",\"datePublished\":\"2025-12-29T13:29:29+00:00\",\"dateModified\":\"2026-03-25T11:17:16+00:00\",\"description\":\"Travaillez avec nous et faites partie d\u2019une entreprise cosm\u00e9tique innovante, engag\u00e9e envers la qualit\u00e9, le d\u00e9veloppement professionnel et les personnes.\",\"breadcrumb\":{\"@id\":\"https:\/\/info.valquer.com\/fr\/travaille-avec-nous\/#breadcrumb\"},\"inLanguage\":\"fr-FR\",\"potentialAction\":[{\"@type\":\"ReadAction\",\"target\":[\"https:\/\/info.valquer.com\/fr\/travaille-avec-nous\/\"]}]},{\"@type\":\"ImageObject\",\"inLanguage\":\"fr-FR\",\"@id\":\"https:\/\/info.valquer.com\/fr\/travaille-avec-nous\/#primaryimage\",\"url\":\"https:\/\/info.valquer.com\/wp-content\/uploads\/2026\/01\/trabajadores-valquer.webp\",\"contentUrl\":\"https:\/\/info.valquer.com\/wp-content\/uploads\/2026\/01\/trabajadores-valquer.webp\",\"width\":1049,\"height\":700,\"caption\":\"ouvriers valquer\"},{\"@type\":\"BreadcrumbList\",\"@id\":\"https:\/\/info.valquer.com\/fr\/travaille-avec-nous\/#breadcrumb\",\"itemListElement\":[{\"@type\":\"ListItem\",\"position\":1,\"name\":\"Portada\",\"item\":\"https:\/\/info.valquer.com\/fr\/\"},{\"@type\":\"ListItem\",\"position\":2,\"name\":\"Travaille Avec Nous\"}]},{\"@type\":\"WebSite\",\"@id\":\"https:\/\/info.valquer.com\/fr\/#website\",\"url\":\"https:\/\/info.valquer.com\/fr\/\",\"name\":\"Valquer\u00ae Laboratorios\",\"description\":\"Dermocosm\u00e9tica Natural y Sostenible\",\"publisher\":{\"@id\":\"https:\/\/info.valquer.com\/fr\/#organization\"},\"alternateName\":\"Valquer Labs\",\"potentialAction\":[{\"@type\":\"SearchAction\",\"target\":{\"@type\":\"EntryPoint\",\"urlTemplate\":\"https:\/\/info.valquer.com\/fr\/?s={search_term_string}\"},\"query-input\":{\"@type\":\"PropertyValueSpecification\",\"valueRequired\":true,\"valueName\":\"search_term_string\"}}],\"inLanguage\":\"fr-FR\"},{\"@type\":\"Organization\",\"@id\":\"https:\/\/info.valquer.com\/fr\/#organization\",\"name\":\"Valquer\u00ae Laboratorios\",\"alternateName\":\"Valquer Labs\",\"url\":\"https:\/\/info.valquer.com\/fr\/\",\"logo\":{\"@type\":\"ImageObject\",\"inLanguage\":\"fr-FR\",\"@id\":\"https:\/\/info.valquer.com\/fr\/#\/schema\/logo\/image\/\",\"url\":\"https:\/\/info.valquer.com\/wp-content\/uploads\/2026\/01\/Logo-Valquer.jpg\",\"contentUrl\":\"https:\/\/info.valquer.com\/wp-content\/uploads\/2026\/01\/Logo-Valquer.jpg\",\"width\":1200,\"height\":675,\"caption\":\"Valquer\u00ae Laboratorios\"},\"image\":{\"@id\":\"https:\/\/info.valquer.com\/fr\/#\/schema\/logo\/image\/\"},\"sameAs\":[\"https:\/\/www.facebook.com\/valquerlaboratorios\/\",\"https:\/\/www.instagram.com\/valquer_laboratorios\/\",\"https:\/\/www.tiktok.com\/@valquer_laboratorios\",\"https:\/\/www.youtube.com\/user\/laboratoriosvalquer\",\"https:\/\/www.linkedin.com\/company\/laboratorios-valquer\/?originalSubdomain=es\"],\"description\":\"Cosm\u00e9ticos biotecnol\u00f3gicos, naturales y sostenibles. Laboratorio y fabricante de cosm\u00e9ticos desde 1975. Con presencia en m\u00e1s de 65 pa\u00edses y sedes en Espa\u00f1a, Reino Unido y M\u00e9xico. Valquer Laboratorios, investiga, desarrolla y fabrica productos cosm\u00e9ticos biotecnol\u00f3gicos, veganos, naturales, sostenibles y testados dermatol\u00f3gicamente, para terceros.\",\"email\":\"info@valquer.com\",\"telephone\":\"+34 925 91 00 99\",\"legalName\":\"VALQUER LABORATORIOS S.L.U.\",\"foundingDate\":\"1975-07-10\",\"vatID\":\"B78094489\",\"taxID\":\"B78094489\",\"numberOfEmployees\":{\"@type\":\"QuantitativeValue\",\"minValue\":\"51\",\"maxValue\":\"200\"},\"publishingPrinciples\":\"https:\/\/info.valquer.com\/home\/\"}]}<\/script>\n<!-- \/ Yoast SEO Premium plugin. -->","yoast_head_json":{"title":"Travaille Avec Nous |Valquer\u00ae Laboratorios","description":"Travaillez avec nous et faites partie d\u2019une entreprise cosm\u00e9tique innovante, engag\u00e9e envers la qualit\u00e9, le d\u00e9veloppement professionnel et les personnes.","robots":{"index":"index","follow":"follow","max-snippet":"max-snippet:-1","max-image-preview":"max-image-preview:large","max-video-preview":"max-video-preview:-1"},"canonical":"https:\/\/info.valquer.com\/fr\/travaille-avec-nous\/","og_locale":"fr_FR","og_type":"article","og_title":"Travaille Avec Nous","og_description":"Travaillez avec nous et faites partie d\u2019une entreprise cosm\u00e9tique innovante, engag\u00e9e envers la qualit\u00e9, le d\u00e9veloppement professionnel et les personnes.","og_url":"https:\/\/info.valquer.com\/fr\/travaille-avec-nous\/","og_site_name":"Valquer\u00ae Laboratorios","article_publisher":"https:\/\/www.facebook.com\/valquerlaboratorios\/","article_modified_time":"2026-03-25T11:17:16+00:00","og_image":[{"width":1049,"height":700,"url":"https:\/\/info.valquer.com\/wp-content\/uploads\/2026\/01\/trabajadores-valquer.webp","type":"image\/webp"}],"twitter_card":"summary_large_image","twitter_misc":{"Dur\u00e9e de lecture estim\u00e9e":"4 minutes"},"schema":{"@context":"https:\/\/schema.org","@graph":[{"@type":"WebPage","@id":"https:\/\/info.valquer.com\/fr\/travaille-avec-nous\/","url":"https:\/\/info.valquer.com\/fr\/travaille-avec-nous\/","name":"Travaille Avec Nous |Valquer\u00ae Laboratorios","isPartOf":{"@id":"https:\/\/info.valquer.com\/fr\/#website"},"primaryImageOfPage":{"@id":"https:\/\/info.valquer.com\/fr\/travaille-avec-nous\/#primaryimage"},"image":{"@id":"https:\/\/info.valquer.com\/fr\/travaille-avec-nous\/#primaryimage"},"thumbnailUrl":"https:\/\/info.valquer.com\/wp-content\/uploads\/2026\/01\/trabajadores-valquer.webp","datePublished":"2025-12-29T13:29:29+00:00","dateModified":"2026-03-25T11:17:16+00:00","description":"Travaillez avec nous et faites partie d\u2019une entreprise cosm\u00e9tique innovante, engag\u00e9e envers la qualit\u00e9, le d\u00e9veloppement professionnel et les personnes.","breadcrumb":{"@id":"https:\/\/info.valquer.com\/fr\/travaille-avec-nous\/#breadcrumb"},"inLanguage":"fr-FR","potentialAction":[{"@type":"ReadAction","target":["https:\/\/info.valquer.com\/fr\/travaille-avec-nous\/"]}]},{"@type":"ImageObject","inLanguage":"fr-FR","@id":"https:\/\/info.valquer.com\/fr\/travaille-avec-nous\/#primaryimage","url":"https:\/\/info.valquer.com\/wp-content\/uploads\/2026\/01\/trabajadores-valquer.webp","contentUrl":"https:\/\/info.valquer.com\/wp-content\/uploads\/2026\/01\/trabajadores-valquer.webp","width":1049,"height":700,"caption":"ouvriers valquer"},{"@type":"BreadcrumbList","@id":"https:\/\/info.valquer.com\/fr\/travaille-avec-nous\/#breadcrumb","itemListElement":[{"@type":"ListItem","position":1,"name":"Portada","item":"https:\/\/info.valquer.com\/fr\/"},{"@type":"ListItem","position":2,"name":"Travaille Avec Nous"}]},{"@type":"WebSite","@id":"https:\/\/info.valquer.com\/fr\/#website","url":"https:\/\/info.valquer.com\/fr\/","name":"Valquer\u00ae Laboratorios","description":"Dermocosm\u00e9tica Natural y Sostenible","publisher":{"@id":"https:\/\/info.valquer.com\/fr\/#organization"},"alternateName":"Valquer Labs","potentialAction":[{"@type":"SearchAction","target":{"@type":"EntryPoint","urlTemplate":"https:\/\/info.valquer.com\/fr\/?s={search_term_string}"},"query-input":{"@type":"PropertyValueSpecification","valueRequired":true,"valueName":"search_term_string"}}],"inLanguage":"fr-FR"},{"@type":"Organization","@id":"https:\/\/info.valquer.com\/fr\/#organization","name":"Valquer\u00ae Laboratorios","alternateName":"Valquer Labs","url":"https:\/\/info.valquer.com\/fr\/","logo":{"@type":"ImageObject","inLanguage":"fr-FR","@id":"https:\/\/info.valquer.com\/fr\/#\/schema\/logo\/image\/","url":"https:\/\/info.valquer.com\/wp-content\/uploads\/2026\/01\/Logo-Valquer.jpg","contentUrl":"https:\/\/info.valquer.com\/wp-content\/uploads\/2026\/01\/Logo-Valquer.jpg","width":1200,"height":675,"caption":"Valquer\u00ae Laboratorios"},"image":{"@id":"https:\/\/info.valquer.com\/fr\/#\/schema\/logo\/image\/"},"sameAs":["https:\/\/www.facebook.com\/valquerlaboratorios\/","https:\/\/www.instagram.com\/valquer_laboratorios\/","https:\/\/www.tiktok.com\/@valquer_laboratorios","https:\/\/www.youtube.com\/user\/laboratoriosvalquer","https:\/\/www.linkedin.com\/company\/laboratorios-valquer\/?originalSubdomain=es"],"description":"Cosm\u00e9ticos biotecnol\u00f3gicos, naturales y sostenibles. Laboratorio y fabricante de cosm\u00e9ticos desde 1975. Con presencia en m\u00e1s de 65 pa\u00edses y sedes en Espa\u00f1a, Reino Unido y M\u00e9xico. Valquer Laboratorios, investiga, desarrolla y fabrica productos cosm\u00e9ticos biotecnol\u00f3gicos, veganos, naturales, sostenibles y testados dermatol\u00f3gicamente, para terceros.","email":"info@valquer.com","telephone":"+34 925 91 00 99","legalName":"VALQUER LABORATORIOS S.L.U.","foundingDate":"1975-07-10","vatID":"B78094489","taxID":"B78094489","numberOfEmployees":{"@type":"QuantitativeValue","minValue":"51","maxValue":"200"},"publishingPrinciples":"https:\/\/info.valquer.com\/home\/"}]}},"_links":{"self":[{"href":"https:\/\/info.valquer.com\/fr\/wp-json\/wp\/v2\/pages\/4484","targetHints":{"allow":["GET"]}}],"collection":[{"href":"https:\/\/info.valquer.com\/fr\/wp-json\/wp\/v2\/pages"}],"about":[{"href":"https:\/\/info.valquer.com\/fr\/wp-json\/wp\/v2\/types\/page"}],"author":[{"embeddable":true,"href":"https:\/\/info.valquer.com\/fr\/wp-json\/wp\/v2\/users\/1"}],"replies":[{"embeddable":true,"href":"https:\/\/info.valquer.com\/fr\/wp-json\/wp\/v2\/comments?post=4484"}],"version-history":[{"count":5,"href":"https:\/\/info.valquer.com\/fr\/wp-json\/wp\/v2\/pages\/4484\/revisions"}],"predecessor-version":[{"id":9793,"href":"https:\/\/info.valquer.com\/fr\/wp-json\/wp\/v2\/pages\/4484\/revisions\/9793"}],"wp:featuredmedia":[{"embeddable":true,"href":"https:\/\/info.valquer.com\/fr\/wp-json\/wp\/v2\/media\/4338"}],"wp:attachment":[{"href":"https:\/\/info.valquer.com\/fr\/wp-json\/wp\/v2\/media?parent=4484"}],"wp:term":[{"taxonomy":"dipi_cpt_category","embeddable":true,"href":"https:\/\/info.valquer.com\/fr\/wp-json\/wp\/v2\/dipi_cpt_category?post=4484"}],"curies":[{"name":"wp","href":"https:\/\/api.w.org\/{rel}","templated":true}]}}