{"id":4119,"date":"2026-01-05T20:36:18","date_gmt":"2026-01-05T20:36:18","guid":{"rendered":"https:\/\/sie7e24.es\/valquer\/alliances\/"},"modified":"2026-01-25T16:45:45","modified_gmt":"2026-01-25T16:45:45","slug":"alliances","status":"publish","type":"page","link":"https:\/\/info.valquer.com\/fr\/alliances\/","title":{"rendered":"Alliances"},"content":{"rendered":"<p>[et_pb_section fb_built=\u00a0\u00bb1&Prime; module_class=\u00a0\u00bbHeaderAzulValquer\u00a0\u00bb _builder_version=\u00a0\u00bb4.27.5&Prime; _module_preset=\u00a0\u00bbdefault\u00a0\u00bb background_color=\u00a0\u00bb#051B34&Prime; background_image=\u00a0\u00bbhttps:\/\/info.valquer.com\/wp-content\/uploads\/2026\/01\/alianzas.jpg\u00a0\u00bb background_size=\u00a0\u00bbinitial\u00a0\u00bb custom_padding=\u00a0\u00bb0px||0px||true|false\u00a0\u00bb global_colors_info=\u00a0\u00bb{}\u00a0\u00bb][et_pb_row custom_padding_last_edited=\u00a0\u00bbon|phone\u00a0\u00bb _builder_version=\u00a0\u00bb4.27.5&Prime; _module_preset=\u00a0\u00bbdefault\u00a0\u00bb width=\u00a0\u00bb100%\u00a0\u00bb max_width=\u00a0\u00bb90%\u00a0\u00bb custom_padding=\u00a0\u00bb196px||196px||true|false\u00a0\u00bb custom_padding_tablet=\u00a0\u00bb196px||196px||true|false\u00a0\u00bb custom_padding_phone=\u00a0\u00bb80px||80px||true|false\u00a0\u00bb global_colors_info=\u00a0\u00bb{}\u00a0\u00bb][et_pb_column type=\u00a0\u00bb4_4&Prime; _builder_version=\u00a0\u00bb4.27.5&Prime; _module_preset=\u00a0\u00bbdefault\u00a0\u00bb global_colors_info=\u00a0\u00bb{}\u00a0\u00bb][et_pb_text _builder_version=\u00a0\u00bb4.27.5&Prime; _module_preset=\u00a0\u00bbdefault\u00a0\u00bb header_font=\u00a0\u00bb|300|||||||\u00a0\u00bb header_text_align=\u00a0\u00bbcenter\u00a0\u00bb header_font_size=\u00a0\u00bb48px\u00a0\u00bb header_2_text_align=\u00a0\u00bbcenter\u00a0\u00bb header_2_font_size=\u00a0\u00bb18px\u00a0\u00bb background_layout=\u00a0\u00bbdark\u00a0\u00bb header_font_size_tablet=\u00a0\u00bb48px\u00a0\u00bb header_font_size_phone=\u00a0\u00bb27px\u00a0\u00bb header_font_size_last_edited=\u00a0\u00bbon|phone\u00a0\u00bb header_2_text_align_tablet=\u00a0\u00bbcenter\u00a0\u00bb header_2_font_size_tablet=\u00a0\u00bb18px\u00a0\u00bb header_2_font_size_phone=\u00a0\u00bb16px\u00a0\u00bb header_2_font_size_last_edited=\u00a0\u00bbon|tablet\u00a0\u00bb global_colors_info=\u00a0\u00bb{}\u00a0\u00bb]<\/p>\n<h1>Alliances<\/h1>\n<p>[\/et_pb_text][\/et_pb_column][\/et_pb_row][\/et_pb_section][et_pb_section fb_built=\u00a0\u00bb1&Prime; _builder_version=\u00a0\u00bb4.27.5&Prime; _module_preset=\u00a0\u00bbdefault\u00a0\u00bb background_enable_color=\u00a0\u00bboff\u00a0\u00bb custom_padding=\u00a0\u00bb0px||40px||false|false\u00a0\u00bb global_colors_info=\u00a0\u00bb{}\u00a0\u00bb][et_pb_row use_custom_gutter=\u00a0\u00bbon\u00a0\u00bb gutter_width=\u00a0\u00bb4&Prime; _builder_version=\u00a0\u00bb4.27.5&Prime; _module_preset=\u00a0\u00bba45db282-3f53-4204-b5e4-3acc2dbdc60a\u00a0\u00bb custom_padding=\u00a0\u00bb0px||0px||true|false\u00a0\u00bb global_colors_info=\u00a0\u00bb{}\u00a0\u00bb][et_pb_column type=\u00a0\u00bb4_4&Prime; _builder_version=\u00a0\u00bb4.27.5&Prime; _module_preset=\u00a0\u00bbdefault\u00a0\u00bb custom_padding=\u00a0\u00bb80px||||false|false\u00a0\u00bb global_colors_info=\u00a0\u00bb{}\u00a0\u00bb][et_pb_text _builder_version=\u00a0\u00bb4.27.5&Prime; _module_preset=\u00a0\u00bbdefault\u00a0\u00bb header_3_text_align=\u00a0\u00bbcenter\u00a0\u00bb header_3_font_size=\u00a0\u00bb32px\u00a0\u00bb custom_margin=\u00a0\u00bb||7px|||\u00a0\u00bb global_colors_info=\u00a0\u00bb{}\u00a0\u00bb]<\/p>\n<h3>Alliances strat\u00e9giques: Renforcer les capacit\u00e9s et cr\u00e9er un impact durable<\/h3>\n<p>[\/et_pb_text][et_pb_text _builder_version=\u00a0\u00bb4.27.5&Prime; _module_preset=\u00a0\u00bbdefault\u00a0\u00bb text_font=\u00a0\u00bbMabry Pro||||||||\u00a0\u00bb text_text_color=\u00a0\u00bb#051B34&Prime; text_line_height=\u00a0\u00bb1.2em\u00a0\u00bb text_orientation=\u00a0\u00bbcenter\u00a0\u00bb global_colors_info=\u00a0\u00bb{}\u00a0\u00bb]Chez Valquer, nous collaborons avec diff\u00e9rentes entreprises et organisations qui stimulent la croissance et s&rsquo;engagent pour le bien-\u00eatre social.[\/et_pb_text][\/et_pb_column][\/et_pb_row][et_pb_row use_custom_gutter=\u00a0\u00bbon\u00a0\u00bb gutter_width=\u00a0\u00bb2&Prime; _builder_version=\u00a0\u00bb4.27.5&Prime; _module_preset=\u00a0\u00bba45db282-3f53-4204-b5e4-3acc2dbdc60a\u00a0\u00bb custom_margin=\u00a0\u00bb40px||||false|false\u00a0\u00bb custom_padding=\u00a0\u00bb||||true|false\u00a0\u00bb locked=\u00a0\u00bboff\u00a0\u00bb global_colors_info=\u00a0\u00bb{}\u00a0\u00bb][et_pb_column type=\u00a0\u00bb4_4&Prime; _builder_version=\u00a0\u00bb4.27.5&Prime; _module_preset=\u00a0\u00bbdefault\u00a0\u00bb custom_padding=\u00a0\u00bb||||false|false\u00a0\u00bb global_colors_info=\u00a0\u00bb{}\u00a0\u00bb][dipi_carousel columns=\u00a0\u00bb6&Prime; space_between=\u00a0\u00bb0&Prime; container_padding=\u00a0\u00bb0px|0px|0px|0px|true|true\u00a0\u00bb speed=\u00a0\u00bb3000&Prime; loop_wide=\u00a0\u00bbon\u00a0\u00bb autoplay_wide=\u00a0\u00bbon\u00a0\u00bb continues_wide=\u00a0\u00bbon\u00a0\u00bb pause_on_hover_wide=\u00a0\u00bbon\u00a0\u00bb autoplay_speed_wide=\u00a0\u00bb500&Prime; loop_mid=\u00a0\u00bbon\u00a0\u00bb autoplay_mid=\u00a0\u00bbon\u00a0\u00bb continues_mid=\u00a0\u00bbon\u00a0\u00bb pause_on_hover_mid=\u00a0\u00bbon\u00a0\u00bb loop_small=\u00a0\u00bbon\u00a0\u00bb autoplay_small=\u00a0\u00bbon\u00a0\u00bb continues_small=\u00a0\u00bbon\u00a0\u00bb pause_on_hover_small=\u00a0\u00bbon\u00a0\u00bb show_lightbox=\u00a0\u00bboff\u00a0\u00bb carousel_icon_align=\u00a0\u00bbcenter\u00a0\u00bb columns_tablet=\u00a0\u00bb5&Prime; columns_phone=\u00a0\u00bb3&Prime; columns_last_edited=\u00a0\u00bbon|phone\u00a0\u00bb _builder_version=\u00a0\u00bb4.27.5&Prime; _module_preset=\u00a0\u00bbdefault\u00a0\u00bb module_alignment=\u00a0\u00bbcenter\u00a0\u00bb custom_margin=\u00a0\u00bb0px|0px|0px|0px|true|true\u00a0\u00bb custom_padding=\u00a0\u00bb0px|0px|0px|0px|true|true\u00a0\u00bb locked=\u00a0\u00bboff\u00a0\u00bb global_colors_info=\u00a0\u00bb{}\u00a0\u00bb][dipi_carousel_child label=\u00a0\u00bbasociacion-empresas-familiar-clm-150&#215;150-1&Prime; img_src=\u00a0\u00bbhttps:\/\/info.valquer.com\/wp-content\/uploads\/2026\/01\/asociacion-empresas-familiar-clm-150&#215;150-1.png\u00a0\u00bb carousel_image_align=\u00a0\u00bbcenter\u00a0\u00bb img_width=\u00a0\u00bb150px\u00a0\u00bb _builder_version=\u00a0\u00bb4.27.5&Prime; _module_preset=\u00a0\u00bbdefault\u00a0\u00bb global_colors_info=\u00a0\u00bb{}\u00a0\u00bb][\/dipi_carousel_child][dipi_carousel_child label=\u00a0\u00bbcamara comercio\u00a0\u00bb img_src=\u00a0\u00bbhttps:\/\/info.valquer.com\/wp-content\/uploads\/2026\/01\/camara-de-comercio-spain.png\u00a0\u00bb carousel_image_align=\u00a0\u00bbcenter\u00a0\u00bb img_width=\u00a0\u00bb150px\u00a0\u00bb _builder_version=\u00a0\u00bb4.27.5&Prime; _module_preset=\u00a0\u00bbdefault\u00a0\u00bb global_colors_info=\u00a0\u00bb{}\u00a0\u00bb][\/dipi_carousel_child][dipi_carousel_child label=\u00a0\u00bbMonteverde\u00a0\u00bb img_src=\u00a0\u00bbhttps:\/\/info.valquer.com\/wp-content\/uploads\/2026\/01\/monteverde.png\u00a0\u00bb carousel_image_align=\u00a0\u00bbcenter\u00a0\u00bb img_width=\u00a0\u00bb150px\u00a0\u00bb _builder_version=\u00a0\u00bb4.27.5&Prime; _module_preset=\u00a0\u00bbdefault\u00a0\u00bb global_colors_info=\u00a0\u00bb{}\u00a0\u00bb][\/dipi_carousel_child][dipi_carousel_child label=\u00a0\u00bbfedeto\u00a0\u00bb img_src=\u00a0\u00bbhttps:\/\/info.valquer.com\/wp-content\/uploads\/2026\/01\/fedeto-4.png\u00a0\u00bb carousel_image_align=\u00a0\u00bbcenter\u00a0\u00bb img_width=\u00a0\u00bb150px\u00a0\u00bb _builder_version=\u00a0\u00bb4.27.5&Prime; _module_preset=\u00a0\u00bbdefault\u00a0\u00bb global_colors_info=\u00a0\u00bb{}\u00a0\u00bb][\/dipi_carousel_child][dipi_carousel_child label=\u00a0\u00bbgrupo pymesa\u00a0\u00bb img_src=\u00a0\u00bbhttps:\/\/info.valquer.com\/wp-content\/uploads\/2026\/01\/grupo-pymesa-4.png\u00a0\u00bb carousel_image_align=\u00a0\u00bbcenter\u00a0\u00bb img_width=\u00a0\u00bb150px\u00a0\u00bb _builder_version=\u00a0\u00bb4.27.5&Prime; _module_preset=\u00a0\u00bbdefault\u00a0\u00bb global_colors_info=\u00a0\u00bb{}\u00a0\u00bb][\/dipi_carousel_child][dipi_carousel_child label=\u00a0\u00bbjypesa\u00a0\u00bb img_src=\u00a0\u00bbhttps:\/\/info.valquer.com\/wp-content\/uploads\/2026\/01\/jypesa-4.png\u00a0\u00bb carousel_image_align=\u00a0\u00bbcenter\u00a0\u00bb img_width=\u00a0\u00bb150px\u00a0\u00bb _builder_version=\u00a0\u00bb4.27.5&Prime; _module_preset=\u00a0\u00bbdefault\u00a0\u00bb global_colors_info=\u00a0\u00bb{}\u00a0\u00bb][\/dipi_carousel_child][dipi_carousel_child label=\u00a0\u00bbnet-pharma\u00a0\u00bb img_src=\u00a0\u00bbhttps:\/\/info.valquer.com\/wp-content\/uploads\/2026\/01\/net-pharma-3.png\u00a0\u00bb carousel_image_align=\u00a0\u00bbcenter\u00a0\u00bb img_width=\u00a0\u00bb150px\u00a0\u00bb _builder_version=\u00a0\u00bb4.27.5&Prime; _module_preset=\u00a0\u00bbdefault\u00a0\u00bb global_colors_info=\u00a0\u00bb{}\u00a0\u00bb][\/dipi_carousel_child][dipi_carousel_child label=\u00a0\u00bbnetmentora\u00a0\u00bb img_src=\u00a0\u00bbhttps:\/\/info.valquer.com\/wp-content\/uploads\/2026\/01\/netmentora-3.png\u00a0\u00bb carousel_image_align=\u00a0\u00bbcenter\u00a0\u00bb img_width=\u00a0\u00bb150px\u00a0\u00bb _builder_version=\u00a0\u00bb4.27.5&Prime; _module_preset=\u00a0\u00bbdefault\u00a0\u00bb global_colors_info=\u00a0\u00bb{}\u00a0\u00bb][\/dipi_carousel_child][dipi_carousel_child label=\u00a0\u00bbstanpa\u00a0\u00bb img_src=\u00a0\u00bbhttps:\/\/info.valquer.com\/wp-content\/uploads\/2026\/01\/stanpa-4.png\u00a0\u00bb carousel_image_align=\u00a0\u00bbcenter\u00a0\u00bb img_width=\u00a0\u00bb150px\u00a0\u00bb _builder_version=\u00a0\u00bb4.27.5&Prime; _module_preset=\u00a0\u00bbdefault\u00a0\u00bb global_colors_info=\u00a0\u00bb{}\u00a0\u00bb][\/dipi_carousel_child][dipi_carousel_child label=\u00a0\u00bbfundacion stanpa\u00a0\u00bb img_src=\u00a0\u00bbhttps:\/\/info.valquer.com\/wp-content\/uploads\/2026\/01\/fundacion-stanpa-4.png\u00a0\u00bb carousel_image_align=\u00a0\u00bbcenter\u00a0\u00bb img_width=\u00a0\u00bb150px\u00a0\u00bb _builder_version=\u00a0\u00bb4.27.5&Prime; _module_preset=\u00a0\u00bbdefault\u00a0\u00bb global_colors_info=\u00a0\u00bb{}\u00a0\u00bb][\/dipi_carousel_child][\/dipi_carousel][\/et_pb_column][\/et_pb_row][et_pb_row use_custom_gutter=\u00a0\u00bbon\u00a0\u00bb gutter_width=\u00a0\u00bb4&Prime; _builder_version=\u00a0\u00bb4.27.5&Prime; _module_preset=\u00a0\u00bba45db282-3f53-4204-b5e4-3acc2dbdc60a\u00a0\u00bb custom_padding=\u00a0\u00bb0px||0px||true|false\u00a0\u00bb locked=\u00a0\u00bboff\u00a0\u00bb global_colors_info=\u00a0\u00bb{}\u00a0\u00bb][et_pb_column type=\u00a0\u00bb4_4&Prime; _builder_version=\u00a0\u00bb4.27.5&Prime; _module_preset=\u00a0\u00bbdefault\u00a0\u00bb custom_padding=\u00a0\u00bb||||false|false\u00a0\u00bb global_colors_info=\u00a0\u00bb{}\u00a0\u00bb][et_pb_text _builder_version=\u00a0\u00bb4.27.5&Prime; _module_preset=\u00a0\u00bbdefault\u00a0\u00bb text_font=\u00a0\u00bbMabry Pro||||||||\u00a0\u00bb text_text_color=\u00a0\u00bb#051B34&Prime; text_line_height=\u00a0\u00bb1.2em\u00a0\u00bb global_colors_info=\u00a0\u00bb{}\u00a0\u00bb]<\/p>\n<p>Chez Valquer Laboratorios, nous \u00e9tablissons des alliances strat\u00e9giques avec des entreprises et des organisations qui partagent notre engagement envers la croissance durable et le bien-\u00eatre social. Ces collaborations nous permettent de renforcer nos capacit\u00e9s internes et d\u2019offrir une valeur sup\u00e9rieure \u00e0 nos clients.<\/p>\n<p><\/p>\n<p>Nous avons forg\u00e9 des relations solides avec divers partenaires qui nous aident \u00e0 diriger notre march\u00e9 et \u00e0 atteindre nos objectifs de Responsabilit\u00e9 Soci\u00e9tale des Entreprises (RSE). Nous nous engageons \u00e0 continuer de d\u00e9velopper ces alliances pour cr\u00e9er un impact durable et positif sur la soci\u00e9t\u00e9.<\/p>\n<p><\/p>\n<p>Notre mission est claire: en travaillant ensemble avec nos collaborateurs, nous pouvons impulser un changement significatif dans le monde, en accord avec nos valeurs d\u2019innovation et de durabilit\u00e9.<\/p>\n<p>[\/et_pb_text][et_pb_button button_url=\u00a0\u00bbhttps:\/\/info.valquer.com\/contacto\u00a0\u00bb button_text=\u00a0\u00bbENTRER EN CONTACT\u00a0\u00bb button_alignment=\u00a0\u00bbcenter\u00a0\u00bb _builder_version=\u00a0\u00bb4.27.5&Prime; _module_preset=\u00a0\u00bbdefault\u00a0\u00bb custom_button=\u00a0\u00bbon\u00a0\u00bb button_text_color=\u00a0\u00bb#ffffff\u00a0\u00bb button_bg_color=\u00a0\u00bb#051B34&Prime; button_icon=\u00a0\u00bb&#x35;||divi||400&Prime; button_icon_placement=\u00a0\u00bbleft\u00a0\u00bb button_on_hover=\u00a0\u00bboff\u00a0\u00bb custom_padding=\u00a0\u00bb10px|25px|10px|25px|true|true\u00a0\u00bb global_colors_info=\u00a0\u00bb{}\u00a0\u00bb button_bg_color__hover_enabled=\u00a0\u00bbon|hover\u00a0\u00bb button_bg_color__hover=\u00a0\u00bb#ffffff\u00a0\u00bb button_bg_enable_color__hover=\u00a0\u00bbon\u00a0\u00bb button_text_color__hover_enabled=\u00a0\u00bbon|desktop\u00a0\u00bb button_text_color__hover=\u00a0\u00bb#051B34&Prime;][\/et_pb_button][\/et_pb_column][\/et_pb_row][\/et_pb_section]<\/p>\n","protected":false},"excerpt":{"rendered":"<p>AlliancesAlliances strat\u00e9giques: Renforcer les capacit\u00e9s et cr\u00e9er un impact durableChez Valquer, nous collaborons avec diff\u00e9rentes entreprises et organisations qui stimulent la croissance et s&rsquo;engagent pour le bien-\u00eatre social.<div class=\"et_pb_module dipi_carousel dipi_carousel_0\">\n\t\t\t\t\n\t\t\t\t\n\t\t\t\t\n\t\t\t\t\n\t\t\t\t\n\t\t\t\t\n\t\t\t\t<div class=\"et_pb_module_inner\">\n\t\t\t\t\t\n            <div class=\"dipi-carousel-main dipi_loading hide_lightbox hide_lightbox_tablet hide_lightbox_phone\" data-columnsdesktop='\u00bb6&Prime;' data-columnstablet='\u00bb6&Prime;' data-columnsphone='\u00bb6&Prime;' data-spacebetween='\u00bb0&Prime;' data-spacebetween_tablet='\u00bb0&Prime;' data-spacebetween_phone='\u00bb0&Prime;' data-speed='\u00bb3000&Prime;|\u00bb3000&Prime;|\u00bb3000&Prime;' data-navigation='off' data-navigation_t='off' data-navigation_m='off' data-pagination='off' data-pagination_t='off' data-pagination_m='off' data-autoplay_settigns='{\"loop_wide\":\"\\u00bbon\",\"autoplay_wide\":\"\\u00bbon\",\"continues_wide\":\"\\u00bbon\",\"autoplay_reverse_wide\":\"off\",\"pause_on_hover_wide\":\"\\u00bbon\",\"autoplay_speed_wide\":\"\\u00bb500&Prime;\",\"loop_mid\":\"\\u00bbon\",\"autoplay_mid\":\"\\u00bbon\",\"continues_mid\":\"\\u00bbon\",\"autoplay_reverse_mid\":\"off\",\"pause_on_hover_mid\":\"\\u00bbon\",\"autoplay_speed_mid\":\"5000\",\"loop_small\":\"\\u00bbon\",\"autoplay_small\":\"\\u00bbon\",\"continues_small\":\"\\u00bbon\",\"autoplay_reverse_small\":\"off\",\"pause_on_hover_small\":\"\\u00bbon\",\"autoplay_speed_small\":\"5000\"}' data-effect='slide' data-rotate='50' data-dynamicbullets='on' data-ordernumber='0' data-centered='off' data-allow_touch_move='on' data-allow_touch_move_t='on' data-allow_touch_move_p='on' data-shadow='on' data-continues='off' style=\"display:none;\">\n                <div class=\"swiper-container\">\n                    <div class=\"dipi-carousel-wrapper\">\n                        \n                    <\/div>\n                <\/div>\n                <div class=\"swiper-button-next swiper-arrow-button dipi-sbn0 \" data-icon=\"9\"><\/div>\n                <div class=\"swiper-button-prev swiper-arrow-button dipi-sbp0 \" data-icon=\"8\"><\/div>\n                \n                <div class=\"swiper-container-horizontal\">\n                    <div class=\"swiper-pagination dipi-sp0\"><\/div>\n                <\/div>\n            <\/div>\n\t\t\t\t<\/div>\n\t\t\t<\/div><\/p>\n","protected":false},"author":1,"featured_media":4118,"parent":0,"menu_order":0,"comment_status":"closed","ping_status":"closed","template":"","meta":{"_et_pb_use_builder":"on","_et_pb_old_content":"","_et_gb_content_width":"","footnotes":""},"dipi_cpt_category":[],"class_list":["post-4119","page","type-page","status-publish","has-post-thumbnail","hentry"],"yoast_head":"<!-- This site is optimized with the Yoast SEO Premium plugin v26.8 (Yoast SEO v26.8) - https:\/\/yoast.com\/product\/yoast-seo-premium-wordpress\/ -->\n<title>Alliances - Valquer\u00ae Laboratorios<\/title>\n<meta name=\"robots\" content=\"index, follow, max-snippet:-1, max-image-preview:large, max-video-preview:-1\" \/>\n<link rel=\"canonical\" href=\"https:\/\/info.valquer.com\/fr\/alliances\/\" \/>\n<meta property=\"og:locale\" content=\"fr_FR\" \/>\n<meta property=\"og:type\" content=\"article\" \/>\n<meta property=\"og:title\" content=\"Alliances\" \/>\n<meta property=\"og:description\" content=\"AlliancesAlliances strat\u00e9giques: Renforcer les capacit\u00e9s et cr\u00e9er un impact durableChez Valquer, nous collaborons avec diff\u00e9rentes entreprises et organisations qui stimulent la croissance et s&#039;engagent pour le bien-\u00eatre social.\" \/>\n<meta property=\"og:url\" content=\"https:\/\/info.valquer.com\/fr\/alliances\/\" \/>\n<meta property=\"og:site_name\" content=\"Valquer\u00ae Laboratorios\" \/>\n<meta property=\"article:publisher\" content=\"https:\/\/www.facebook.com\/valquerlaboratorios\/\" \/>\n<meta property=\"article:modified_time\" content=\"2026-01-25T16:45:45+00:00\" \/>\n<meta property=\"og:image\" content=\"https:\/\/info.valquer.com\/wp-content\/uploads\/2026\/01\/alianzas.jpg\" \/>\n\t<meta property=\"og:image:width\" content=\"1400\" \/>\n\t<meta property=\"og:image:height\" content=\"600\" \/>\n\t<meta property=\"og:image:type\" content=\"image\/jpeg\" \/>\n<meta name=\"twitter:card\" content=\"summary_large_image\" \/>\n<meta name=\"twitter:label1\" content=\"Dur\u00e9e de lecture estim\u00e9e\" \/>\n\t<meta name=\"twitter:data1\" content=\"6 minutes\" \/>\n<script type=\"application\/ld+json\" class=\"yoast-schema-graph\">{\"@context\":\"https:\/\/schema.org\",\"@graph\":[{\"@type\":\"WebPage\",\"@id\":\"https:\/\/info.valquer.com\/fr\/alliances\/\",\"url\":\"https:\/\/info.valquer.com\/fr\/alliances\/\",\"name\":\"Alliances - Valquer\u00ae Laboratorios\",\"isPartOf\":{\"@id\":\"https:\/\/info.valquer.com\/fr\/#website\"},\"primaryImageOfPage\":{\"@id\":\"https:\/\/info.valquer.com\/fr\/alliances\/#primaryimage\"},\"image\":{\"@id\":\"https:\/\/info.valquer.com\/fr\/alliances\/#primaryimage\"},\"thumbnailUrl\":\"https:\/\/info.valquer.com\/wp-content\/uploads\/2026\/01\/alianzas.jpg\",\"datePublished\":\"2026-01-05T20:36:18+00:00\",\"dateModified\":\"2026-01-25T16:45:45+00:00\",\"breadcrumb\":{\"@id\":\"https:\/\/info.valquer.com\/fr\/alliances\/#breadcrumb\"},\"inLanguage\":\"fr-FR\",\"potentialAction\":[{\"@type\":\"ReadAction\",\"target\":[\"https:\/\/info.valquer.com\/fr\/alliances\/\"]}]},{\"@type\":\"ImageObject\",\"inLanguage\":\"fr-FR\",\"@id\":\"https:\/\/info.valquer.com\/fr\/alliances\/#primaryimage\",\"url\":\"https:\/\/info.valquer.com\/wp-content\/uploads\/2026\/01\/alianzas.jpg\",\"contentUrl\":\"https:\/\/info.valquer.com\/wp-content\/uploads\/2026\/01\/alianzas.jpg\",\"width\":1400,\"height\":600,\"caption\":\"alianzas\"},{\"@type\":\"BreadcrumbList\",\"@id\":\"https:\/\/info.valquer.com\/fr\/alliances\/#breadcrumb\",\"itemListElement\":[{\"@type\":\"ListItem\",\"position\":1,\"name\":\"Portada\",\"item\":\"https:\/\/info.valquer.com\/fr\/\"},{\"@type\":\"ListItem\",\"position\":2,\"name\":\"Alliances\"}]},{\"@type\":\"WebSite\",\"@id\":\"https:\/\/info.valquer.com\/fr\/#website\",\"url\":\"https:\/\/info.valquer.com\/fr\/\",\"name\":\"Valquer\u00ae Laboratorios\",\"description\":\"Dermocosm\u00e9tica Natural y Sostenible\",\"publisher\":{\"@id\":\"https:\/\/info.valquer.com\/fr\/#organization\"},\"alternateName\":\"Valquer Labs\",\"potentialAction\":[{\"@type\":\"SearchAction\",\"target\":{\"@type\":\"EntryPoint\",\"urlTemplate\":\"https:\/\/info.valquer.com\/fr\/?s={search_term_string}\"},\"query-input\":{\"@type\":\"PropertyValueSpecification\",\"valueRequired\":true,\"valueName\":\"search_term_string\"}}],\"inLanguage\":\"fr-FR\"},{\"@type\":\"Organization\",\"@id\":\"https:\/\/info.valquer.com\/fr\/#organization\",\"name\":\"Valquer\u00ae Laboratorios\",\"alternateName\":\"Valquer Labs\",\"url\":\"https:\/\/info.valquer.com\/fr\/\",\"logo\":{\"@type\":\"ImageObject\",\"inLanguage\":\"fr-FR\",\"@id\":\"https:\/\/info.valquer.com\/fr\/#\/schema\/logo\/image\/\",\"url\":\"https:\/\/info.valquer.com\/wp-content\/uploads\/2026\/01\/Logo-Valquer.jpg\",\"contentUrl\":\"https:\/\/info.valquer.com\/wp-content\/uploads\/2026\/01\/Logo-Valquer.jpg\",\"width\":1200,\"height\":675,\"caption\":\"Valquer\u00ae Laboratorios\"},\"image\":{\"@id\":\"https:\/\/info.valquer.com\/fr\/#\/schema\/logo\/image\/\"},\"sameAs\":[\"https:\/\/www.facebook.com\/valquerlaboratorios\/\",\"https:\/\/www.instagram.com\/valquer_laboratorios\/\",\"https:\/\/www.tiktok.com\/@valquer_laboratorios\",\"https:\/\/www.youtube.com\/user\/laboratoriosvalquer\",\"https:\/\/www.linkedin.com\/company\/laboratorios-valquer\/?originalSubdomain=es\"],\"description\":\"Cosm\u00e9ticos biotecnol\u00f3gicos, naturales y sostenibles. Laboratorio y fabricante de cosm\u00e9ticos desde 1975. Con presencia en m\u00e1s de 65 pa\u00edses y sedes en Espa\u00f1a, Reino Unido y M\u00e9xico. Valquer Laboratorios, investiga, desarrolla y fabrica productos cosm\u00e9ticos biotecnol\u00f3gicos, veganos, naturales, sostenibles y testados dermatol\u00f3gicamente, para terceros.\",\"email\":\"info@valquer.com\",\"telephone\":\"+34 925 91 00 99\",\"legalName\":\"VALQUER LABORATORIOS S.L.U.\",\"foundingDate\":\"1975-07-10\",\"vatID\":\"B78094489\",\"taxID\":\"B78094489\",\"numberOfEmployees\":{\"@type\":\"QuantitativeValue\",\"minValue\":\"51\",\"maxValue\":\"200\"},\"publishingPrinciples\":\"https:\/\/info.valquer.com\/home\/\"}]}<\/script>\n<!-- \/ Yoast SEO Premium plugin. -->","yoast_head_json":{"title":"Alliances - Valquer\u00ae Laboratorios","robots":{"index":"index","follow":"follow","max-snippet":"max-snippet:-1","max-image-preview":"max-image-preview:large","max-video-preview":"max-video-preview:-1"},"canonical":"https:\/\/info.valquer.com\/fr\/alliances\/","og_locale":"fr_FR","og_type":"article","og_title":"Alliances","og_description":"AlliancesAlliances strat\u00e9giques: Renforcer les capacit\u00e9s et cr\u00e9er un impact durableChez Valquer, nous collaborons avec diff\u00e9rentes entreprises et organisations qui stimulent la croissance et s'engagent pour le bien-\u00eatre social.","og_url":"https:\/\/info.valquer.com\/fr\/alliances\/","og_site_name":"Valquer\u00ae Laboratorios","article_publisher":"https:\/\/www.facebook.com\/valquerlaboratorios\/","article_modified_time":"2026-01-25T16:45:45+00:00","og_image":[{"width":1400,"height":600,"url":"https:\/\/info.valquer.com\/wp-content\/uploads\/2026\/01\/alianzas.jpg","type":"image\/jpeg"}],"twitter_card":"summary_large_image","twitter_misc":{"Dur\u00e9e de lecture estim\u00e9e":"6 minutes"},"schema":{"@context":"https:\/\/schema.org","@graph":[{"@type":"WebPage","@id":"https:\/\/info.valquer.com\/fr\/alliances\/","url":"https:\/\/info.valquer.com\/fr\/alliances\/","name":"Alliances - Valquer\u00ae Laboratorios","isPartOf":{"@id":"https:\/\/info.valquer.com\/fr\/#website"},"primaryImageOfPage":{"@id":"https:\/\/info.valquer.com\/fr\/alliances\/#primaryimage"},"image":{"@id":"https:\/\/info.valquer.com\/fr\/alliances\/#primaryimage"},"thumbnailUrl":"https:\/\/info.valquer.com\/wp-content\/uploads\/2026\/01\/alianzas.jpg","datePublished":"2026-01-05T20:36:18+00:00","dateModified":"2026-01-25T16:45:45+00:00","breadcrumb":{"@id":"https:\/\/info.valquer.com\/fr\/alliances\/#breadcrumb"},"inLanguage":"fr-FR","potentialAction":[{"@type":"ReadAction","target":["https:\/\/info.valquer.com\/fr\/alliances\/"]}]},{"@type":"ImageObject","inLanguage":"fr-FR","@id":"https:\/\/info.valquer.com\/fr\/alliances\/#primaryimage","url":"https:\/\/info.valquer.com\/wp-content\/uploads\/2026\/01\/alianzas.jpg","contentUrl":"https:\/\/info.valquer.com\/wp-content\/uploads\/2026\/01\/alianzas.jpg","width":1400,"height":600,"caption":"alianzas"},{"@type":"BreadcrumbList","@id":"https:\/\/info.valquer.com\/fr\/alliances\/#breadcrumb","itemListElement":[{"@type":"ListItem","position":1,"name":"Portada","item":"https:\/\/info.valquer.com\/fr\/"},{"@type":"ListItem","position":2,"name":"Alliances"}]},{"@type":"WebSite","@id":"https:\/\/info.valquer.com\/fr\/#website","url":"https:\/\/info.valquer.com\/fr\/","name":"Valquer\u00ae Laboratorios","description":"Dermocosm\u00e9tica Natural y Sostenible","publisher":{"@id":"https:\/\/info.valquer.com\/fr\/#organization"},"alternateName":"Valquer Labs","potentialAction":[{"@type":"SearchAction","target":{"@type":"EntryPoint","urlTemplate":"https:\/\/info.valquer.com\/fr\/?s={search_term_string}"},"query-input":{"@type":"PropertyValueSpecification","valueRequired":true,"valueName":"search_term_string"}}],"inLanguage":"fr-FR"},{"@type":"Organization","@id":"https:\/\/info.valquer.com\/fr\/#organization","name":"Valquer\u00ae Laboratorios","alternateName":"Valquer Labs","url":"https:\/\/info.valquer.com\/fr\/","logo":{"@type":"ImageObject","inLanguage":"fr-FR","@id":"https:\/\/info.valquer.com\/fr\/#\/schema\/logo\/image\/","url":"https:\/\/info.valquer.com\/wp-content\/uploads\/2026\/01\/Logo-Valquer.jpg","contentUrl":"https:\/\/info.valquer.com\/wp-content\/uploads\/2026\/01\/Logo-Valquer.jpg","width":1200,"height":675,"caption":"Valquer\u00ae Laboratorios"},"image":{"@id":"https:\/\/info.valquer.com\/fr\/#\/schema\/logo\/image\/"},"sameAs":["https:\/\/www.facebook.com\/valquerlaboratorios\/","https:\/\/www.instagram.com\/valquer_laboratorios\/","https:\/\/www.tiktok.com\/@valquer_laboratorios","https:\/\/www.youtube.com\/user\/laboratoriosvalquer","https:\/\/www.linkedin.com\/company\/laboratorios-valquer\/?originalSubdomain=es"],"description":"Cosm\u00e9ticos biotecnol\u00f3gicos, naturales y sostenibles. Laboratorio y fabricante de cosm\u00e9ticos desde 1975. Con presencia en m\u00e1s de 65 pa\u00edses y sedes en Espa\u00f1a, Reino Unido y M\u00e9xico. Valquer Laboratorios, investiga, desarrolla y fabrica productos cosm\u00e9ticos biotecnol\u00f3gicos, veganos, naturales, sostenibles y testados dermatol\u00f3gicamente, para terceros.","email":"info@valquer.com","telephone":"+34 925 91 00 99","legalName":"VALQUER LABORATORIOS S.L.U.","foundingDate":"1975-07-10","vatID":"B78094489","taxID":"B78094489","numberOfEmployees":{"@type":"QuantitativeValue","minValue":"51","maxValue":"200"},"publishingPrinciples":"https:\/\/info.valquer.com\/home\/"}]}},"_links":{"self":[{"href":"https:\/\/info.valquer.com\/fr\/wp-json\/wp\/v2\/pages\/4119","targetHints":{"allow":["GET"]}}],"collection":[{"href":"https:\/\/info.valquer.com\/fr\/wp-json\/wp\/v2\/pages"}],"about":[{"href":"https:\/\/info.valquer.com\/fr\/wp-json\/wp\/v2\/types\/page"}],"author":[{"embeddable":true,"href":"https:\/\/info.valquer.com\/fr\/wp-json\/wp\/v2\/users\/1"}],"replies":[{"embeddable":true,"href":"https:\/\/info.valquer.com\/fr\/wp-json\/wp\/v2\/comments?post=4119"}],"version-history":[{"count":0,"href":"https:\/\/info.valquer.com\/fr\/wp-json\/wp\/v2\/pages\/4119\/revisions"}],"wp:featuredmedia":[{"embeddable":true,"href":"https:\/\/info.valquer.com\/fr\/wp-json\/wp\/v2\/media\/4118"}],"wp:attachment":[{"href":"https:\/\/info.valquer.com\/fr\/wp-json\/wp\/v2\/media?parent=4119"}],"wp:term":[{"taxonomy":"dipi_cpt_category","embeddable":true,"href":"https:\/\/info.valquer.com\/fr\/wp-json\/wp\/v2\/dipi_cpt_category?post=4119"}],"curies":[{"name":"wp","href":"https:\/\/api.w.org\/{rel}","templated":true}]}}