{"id":3633,"date":"2026-01-07T20:00:15","date_gmt":"2026-01-07T20:00:15","guid":{"rendered":"https:\/\/sie7e24.es\/valquer\/catalogue\/animaux-de-compagnie\/"},"modified":"2026-04-15T07:14:58","modified_gmt":"2026-04-15T07:14:58","slug":"animaux-de-compagnie","status":"publish","type":"page","link":"https:\/\/info.valquer.com\/fr\/professionnels\/catalogue\/animaux-de-compagnie\/","title":{"rendered":"Animaux de Compagnie"},"content":{"rendered":"","protected":false},"excerpt":{"rendered":"","protected":false},"author":2,"featured_media":9861,"parent":3212,"menu_order":0,"comment_status":"closed","ping_status":"closed","template":"","meta":{"_et_pb_use_builder":"on","_et_pb_old_content":"","_et_gb_content_width":"","footnotes":""},"dipi_cpt_category":[],"class_list":["post-3633","page","type-page","status-publish","has-post-thumbnail","hentry"],"yoast_head":"<!-- This site is optimized with the Yoast SEO Premium plugin v26.8 (Yoast SEO v26.8) - https:\/\/yoast.com\/product\/yoast-seo-premium-wordpress\/ -->\n<title>Animaux de compagnie |Valquer\u00ae Laboratorios<\/title>\n<meta name=\"description\" content=\"D\u00e9couvrez notre univers Animaux de compagnie avec des produits pens\u00e9s pour le bien-\u00eatre, l\u2019hygi\u00e8ne et le soin quotidien de vos compagnons.\" \/>\n<meta name=\"robots\" content=\"index, follow, max-snippet:-1, max-image-preview:large, max-video-preview:-1\" \/>\n<link rel=\"canonical\" href=\"https:\/\/info.valquer.com\/fr\/professionnels\/catalogue\/animaux-de-compagnie\/\" \/>\n<meta property=\"og:locale\" content=\"fr_FR\" \/>\n<meta property=\"og:type\" content=\"article\" \/>\n<meta property=\"og:title\" content=\"Animaux de Compagnie\" \/>\n<meta property=\"og:description\" content=\"D\u00e9couvrez notre univers Animaux de compagnie avec des produits pens\u00e9s pour le bien-\u00eatre, l\u2019hygi\u00e8ne et le soin quotidien de vos compagnons.\" \/>\n<meta property=\"og:url\" content=\"https:\/\/info.valquer.com\/fr\/professionnels\/catalogue\/animaux-de-compagnie\/\" \/>\n<meta property=\"og:site_name\" content=\"Valquer\u00ae Laboratorios\" \/>\n<meta property=\"article:publisher\" content=\"https:\/\/www.facebook.com\/valquerlaboratorios\/\" \/>\n<meta property=\"article:modified_time\" content=\"2026-04-15T07:14:58+00:00\" \/>\n<meta property=\"og:image\" content=\"https:\/\/info.valquer.com\/wp-content\/uploads\/2026\/03\/Catalogo_Mascotas-scaled.webp\" \/>\n\t<meta property=\"og:image:width\" content=\"2560\" \/>\n\t<meta property=\"og:image:height\" content=\"1920\" \/>\n\t<meta property=\"og:image:type\" content=\"image\/webp\" \/>\n<meta name=\"twitter:card\" content=\"summary_large_image\" \/>\n<meta name=\"twitter:label1\" content=\"Dur\u00e9e de lecture estim\u00e9e\" \/>\n\t<meta name=\"twitter:data1\" content=\"7 minutes\" \/>\n<script type=\"application\/ld+json\" class=\"yoast-schema-graph\">{\"@context\":\"https:\/\/schema.org\",\"@graph\":[{\"@type\":\"WebPage\",\"@id\":\"https:\/\/info.valquer.com\/fr\/professionnels\/catalogue\/animaux-de-compagnie\/\",\"url\":\"https:\/\/info.valquer.com\/fr\/professionnels\/catalogue\/animaux-de-compagnie\/\",\"name\":\"Animaux de compagnie |Valquer\u00ae Laboratorios\",\"isPartOf\":{\"@id\":\"https:\/\/info.valquer.com\/fr\/#website\"},\"primaryImageOfPage\":{\"@id\":\"https:\/\/info.valquer.com\/fr\/professionnels\/catalogue\/animaux-de-compagnie\/#primaryimage\"},\"image\":{\"@id\":\"https:\/\/info.valquer.com\/fr\/professionnels\/catalogue\/animaux-de-compagnie\/#primaryimage\"},\"thumbnailUrl\":\"https:\/\/info.valquer.com\/wp-content\/uploads\/2026\/03\/Catalogo_Mascotas-scaled.webp\",\"datePublished\":\"2026-01-07T20:00:15+00:00\",\"dateModified\":\"2026-04-15T07:14:58+00:00\",\"description\":\"D\u00e9couvrez notre univers Animaux de compagnie avec des produits pens\u00e9s pour le bien-\u00eatre, l\u2019hygi\u00e8ne et le soin quotidien de vos compagnons.\",\"breadcrumb\":{\"@id\":\"https:\/\/info.valquer.com\/fr\/professionnels\/catalogue\/animaux-de-compagnie\/#breadcrumb\"},\"inLanguage\":\"fr-FR\",\"potentialAction\":[{\"@type\":\"ReadAction\",\"target\":[\"https:\/\/info.valquer.com\/fr\/professionnels\/catalogue\/animaux-de-compagnie\/\"]}]},{\"@type\":\"ImageObject\",\"inLanguage\":\"fr-FR\",\"@id\":\"https:\/\/info.valquer.com\/fr\/professionnels\/catalogue\/animaux-de-compagnie\/#primaryimage\",\"url\":\"https:\/\/info.valquer.com\/wp-content\/uploads\/2026\/03\/Catalogo_Mascotas-scaled.webp\",\"contentUrl\":\"https:\/\/info.valquer.com\/wp-content\/uploads\/2026\/03\/Catalogo_Mascotas-scaled.webp\",\"width\":2560,\"height\":1920,\"caption\":\"catalogo mascotas\"},{\"@type\":\"BreadcrumbList\",\"@id\":\"https:\/\/info.valquer.com\/fr\/professionnels\/catalogue\/animaux-de-compagnie\/#breadcrumb\",\"itemListElement\":[{\"@type\":\"ListItem\",\"position\":1,\"name\":\"Portada\",\"item\":\"https:\/\/info.valquer.com\/fr\/\"},{\"@type\":\"ListItem\",\"position\":2,\"name\":\"Je suis un professionnel\",\"item\":\"https:\/\/info.valquer.com\/fr\/professionnels\/\"},{\"@type\":\"ListItem\",\"position\":3,\"name\":\"CATALOGUE\",\"item\":\"https:\/\/info.valquer.com\/fr\/professionnels\/catalogue\/\"},{\"@type\":\"ListItem\",\"position\":4,\"name\":\"Animaux de Compagnie\"}]},{\"@type\":\"WebSite\",\"@id\":\"https:\/\/info.valquer.com\/fr\/#website\",\"url\":\"https:\/\/info.valquer.com\/fr\/\",\"name\":\"Valquer\u00ae Laboratorios\",\"description\":\"Dermocosm\u00e9tica Natural y Sostenible\",\"publisher\":{\"@id\":\"https:\/\/info.valquer.com\/fr\/#organization\"},\"alternateName\":\"Valquer Labs\",\"potentialAction\":[{\"@type\":\"SearchAction\",\"target\":{\"@type\":\"EntryPoint\",\"urlTemplate\":\"https:\/\/info.valquer.com\/fr\/?s={search_term_string}\"},\"query-input\":{\"@type\":\"PropertyValueSpecification\",\"valueRequired\":true,\"valueName\":\"search_term_string\"}}],\"inLanguage\":\"fr-FR\"},{\"@type\":\"Organization\",\"@id\":\"https:\/\/info.valquer.com\/fr\/#organization\",\"name\":\"Valquer\u00ae Laboratorios\",\"alternateName\":\"Valquer Labs\",\"url\":\"https:\/\/info.valquer.com\/fr\/\",\"logo\":{\"@type\":\"ImageObject\",\"inLanguage\":\"fr-FR\",\"@id\":\"https:\/\/info.valquer.com\/fr\/#\/schema\/logo\/image\/\",\"url\":\"https:\/\/info.valquer.com\/wp-content\/uploads\/2026\/01\/Logo-Valquer.jpg\",\"contentUrl\":\"https:\/\/info.valquer.com\/wp-content\/uploads\/2026\/01\/Logo-Valquer.jpg\",\"width\":1200,\"height\":675,\"caption\":\"Valquer\u00ae Laboratorios\"},\"image\":{\"@id\":\"https:\/\/info.valquer.com\/fr\/#\/schema\/logo\/image\/\"},\"sameAs\":[\"https:\/\/www.facebook.com\/valquerlaboratorios\/\",\"https:\/\/www.instagram.com\/valquer_laboratorios\/\",\"https:\/\/www.tiktok.com\/@valquer_laboratorios\",\"https:\/\/www.youtube.com\/user\/laboratoriosvalquer\",\"https:\/\/www.linkedin.com\/company\/laboratorios-valquer\/?originalSubdomain=es\"],\"description\":\"Cosm\u00e9ticos biotecnol\u00f3gicos, naturales y sostenibles. Laboratorio y fabricante de cosm\u00e9ticos desde 1975. Con presencia en m\u00e1s de 65 pa\u00edses y sedes en Espa\u00f1a, Reino Unido y M\u00e9xico. Valquer Laboratorios, investiga, desarrolla y fabrica productos cosm\u00e9ticos biotecnol\u00f3gicos, veganos, naturales, sostenibles y testados dermatol\u00f3gicamente, para terceros.\",\"email\":\"info@valquer.com\",\"telephone\":\"+34 925 91 00 99\",\"legalName\":\"VALQUER LABORATORIOS S.L.U.\",\"foundingDate\":\"1975-07-10\",\"vatID\":\"B78094489\",\"taxID\":\"B78094489\",\"numberOfEmployees\":{\"@type\":\"QuantitativeValue\",\"minValue\":\"51\",\"maxValue\":\"200\"},\"publishingPrinciples\":\"https:\/\/info.valquer.com\/home\/\"}]}<\/script>\n<!-- \/ Yoast SEO Premium plugin. -->","yoast_head_json":{"title":"Animaux de compagnie |Valquer\u00ae Laboratorios","description":"D\u00e9couvrez notre univers Animaux de compagnie avec des produits pens\u00e9s pour le bien-\u00eatre, l\u2019hygi\u00e8ne et le soin quotidien de vos compagnons.","robots":{"index":"index","follow":"follow","max-snippet":"max-snippet:-1","max-image-preview":"max-image-preview:large","max-video-preview":"max-video-preview:-1"},"canonical":"https:\/\/info.valquer.com\/fr\/professionnels\/catalogue\/animaux-de-compagnie\/","og_locale":"fr_FR","og_type":"article","og_title":"Animaux de Compagnie","og_description":"D\u00e9couvrez notre univers Animaux de compagnie avec des produits pens\u00e9s pour le bien-\u00eatre, l\u2019hygi\u00e8ne et le soin quotidien de vos compagnons.","og_url":"https:\/\/info.valquer.com\/fr\/professionnels\/catalogue\/animaux-de-compagnie\/","og_site_name":"Valquer\u00ae Laboratorios","article_publisher":"https:\/\/www.facebook.com\/valquerlaboratorios\/","article_modified_time":"2026-04-15T07:14:58+00:00","og_image":[{"width":2560,"height":1920,"url":"https:\/\/info.valquer.com\/wp-content\/uploads\/2026\/03\/Catalogo_Mascotas-scaled.webp","type":"image\/webp"}],"twitter_card":"summary_large_image","twitter_misc":{"Dur\u00e9e de lecture estim\u00e9e":"7 minutes"},"schema":{"@context":"https:\/\/schema.org","@graph":[{"@type":"WebPage","@id":"https:\/\/info.valquer.com\/fr\/professionnels\/catalogue\/animaux-de-compagnie\/","url":"https:\/\/info.valquer.com\/fr\/professionnels\/catalogue\/animaux-de-compagnie\/","name":"Animaux de compagnie |Valquer\u00ae Laboratorios","isPartOf":{"@id":"https:\/\/info.valquer.com\/fr\/#website"},"primaryImageOfPage":{"@id":"https:\/\/info.valquer.com\/fr\/professionnels\/catalogue\/animaux-de-compagnie\/#primaryimage"},"image":{"@id":"https:\/\/info.valquer.com\/fr\/professionnels\/catalogue\/animaux-de-compagnie\/#primaryimage"},"thumbnailUrl":"https:\/\/info.valquer.com\/wp-content\/uploads\/2026\/03\/Catalogo_Mascotas-scaled.webp","datePublished":"2026-01-07T20:00:15+00:00","dateModified":"2026-04-15T07:14:58+00:00","description":"D\u00e9couvrez notre univers Animaux de compagnie avec des produits pens\u00e9s pour le bien-\u00eatre, l\u2019hygi\u00e8ne et le soin quotidien de vos compagnons.","breadcrumb":{"@id":"https:\/\/info.valquer.com\/fr\/professionnels\/catalogue\/animaux-de-compagnie\/#breadcrumb"},"inLanguage":"fr-FR","potentialAction":[{"@type":"ReadAction","target":["https:\/\/info.valquer.com\/fr\/professionnels\/catalogue\/animaux-de-compagnie\/"]}]},{"@type":"ImageObject","inLanguage":"fr-FR","@id":"https:\/\/info.valquer.com\/fr\/professionnels\/catalogue\/animaux-de-compagnie\/#primaryimage","url":"https:\/\/info.valquer.com\/wp-content\/uploads\/2026\/03\/Catalogo_Mascotas-scaled.webp","contentUrl":"https:\/\/info.valquer.com\/wp-content\/uploads\/2026\/03\/Catalogo_Mascotas-scaled.webp","width":2560,"height":1920,"caption":"catalogo mascotas"},{"@type":"BreadcrumbList","@id":"https:\/\/info.valquer.com\/fr\/professionnels\/catalogue\/animaux-de-compagnie\/#breadcrumb","itemListElement":[{"@type":"ListItem","position":1,"name":"Portada","item":"https:\/\/info.valquer.com\/fr\/"},{"@type":"ListItem","position":2,"name":"Je suis un professionnel","item":"https:\/\/info.valquer.com\/fr\/professionnels\/"},{"@type":"ListItem","position":3,"name":"CATALOGUE","item":"https:\/\/info.valquer.com\/fr\/professionnels\/catalogue\/"},{"@type":"ListItem","position":4,"name":"Animaux de Compagnie"}]},{"@type":"WebSite","@id":"https:\/\/info.valquer.com\/fr\/#website","url":"https:\/\/info.valquer.com\/fr\/","name":"Valquer\u00ae Laboratorios","description":"Dermocosm\u00e9tica Natural y Sostenible","publisher":{"@id":"https:\/\/info.valquer.com\/fr\/#organization"},"alternateName":"Valquer Labs","potentialAction":[{"@type":"SearchAction","target":{"@type":"EntryPoint","urlTemplate":"https:\/\/info.valquer.com\/fr\/?s={search_term_string}"},"query-input":{"@type":"PropertyValueSpecification","valueRequired":true,"valueName":"search_term_string"}}],"inLanguage":"fr-FR"},{"@type":"Organization","@id":"https:\/\/info.valquer.com\/fr\/#organization","name":"Valquer\u00ae Laboratorios","alternateName":"Valquer Labs","url":"https:\/\/info.valquer.com\/fr\/","logo":{"@type":"ImageObject","inLanguage":"fr-FR","@id":"https:\/\/info.valquer.com\/fr\/#\/schema\/logo\/image\/","url":"https:\/\/info.valquer.com\/wp-content\/uploads\/2026\/01\/Logo-Valquer.jpg","contentUrl":"https:\/\/info.valquer.com\/wp-content\/uploads\/2026\/01\/Logo-Valquer.jpg","width":1200,"height":675,"caption":"Valquer\u00ae Laboratorios"},"image":{"@id":"https:\/\/info.valquer.com\/fr\/#\/schema\/logo\/image\/"},"sameAs":["https:\/\/www.facebook.com\/valquerlaboratorios\/","https:\/\/www.instagram.com\/valquer_laboratorios\/","https:\/\/www.tiktok.com\/@valquer_laboratorios","https:\/\/www.youtube.com\/user\/laboratoriosvalquer","https:\/\/www.linkedin.com\/company\/laboratorios-valquer\/?originalSubdomain=es"],"description":"Cosm\u00e9ticos biotecnol\u00f3gicos, naturales y sostenibles. Laboratorio y fabricante de cosm\u00e9ticos desde 1975. Con presencia en m\u00e1s de 65 pa\u00edses y sedes en Espa\u00f1a, Reino Unido y M\u00e9xico. Valquer Laboratorios, investiga, desarrolla y fabrica productos cosm\u00e9ticos biotecnol\u00f3gicos, veganos, naturales, sostenibles y testados dermatol\u00f3gicamente, para terceros.","email":"info@valquer.com","telephone":"+34 925 91 00 99","legalName":"VALQUER LABORATORIOS S.L.U.","foundingDate":"1975-07-10","vatID":"B78094489","taxID":"B78094489","numberOfEmployees":{"@type":"QuantitativeValue","minValue":"51","maxValue":"200"},"publishingPrinciples":"https:\/\/info.valquer.com\/home\/"}]}},"_links":{"self":[{"href":"https:\/\/info.valquer.com\/fr\/wp-json\/wp\/v2\/pages\/3633","targetHints":{"allow":["GET"]}}],"collection":[{"href":"https:\/\/info.valquer.com\/fr\/wp-json\/wp\/v2\/pages"}],"about":[{"href":"https:\/\/info.valquer.com\/fr\/wp-json\/wp\/v2\/types\/page"}],"author":[{"embeddable":true,"href":"https:\/\/info.valquer.com\/fr\/wp-json\/wp\/v2\/users\/2"}],"replies":[{"embeddable":true,"href":"https:\/\/info.valquer.com\/fr\/wp-json\/wp\/v2\/comments?post=3633"}],"version-history":[{"count":3,"href":"https:\/\/info.valquer.com\/fr\/wp-json\/wp\/v2\/pages\/3633\/revisions"}],"predecessor-version":[{"id":10777,"href":"https:\/\/info.valquer.com\/fr\/wp-json\/wp\/v2\/pages\/3633\/revisions\/10777"}],"up":[{"embeddable":true,"href":"https:\/\/info.valquer.com\/fr\/wp-json\/wp\/v2\/pages\/3212"}],"wp:featuredmedia":[{"embeddable":true,"href":"https:\/\/info.valquer.com\/fr\/wp-json\/wp\/v2\/media\/9861"}],"wp:attachment":[{"href":"https:\/\/info.valquer.com\/fr\/wp-json\/wp\/v2\/media?parent=3633"}],"wp:term":[{"taxonomy":"dipi_cpt_category","embeddable":true,"href":"https:\/\/info.valquer.com\/fr\/wp-json\/wp\/v2\/dipi_cpt_category?post=3633"}],"curies":[{"name":"wp","href":"https:\/\/api.w.org\/{rel}","templated":true}]}}