{"id":4655,"date":"2026-01-05T20:36:12","date_gmt":"2026-01-05T20:36:12","guid":{"rendered":"https:\/\/sie7e24.es\/valquer\/patents\/"},"modified":"2026-01-25T17:05:00","modified_gmt":"2026-01-25T17:05:00","slug":"patents","status":"publish","type":"page","link":"https:\/\/info.valquer.com\/en\/patents\/","title":{"rendered":"Patents"},"content":{"rendered":"<p>[et_pb_section fb_built=&#8221;1&#8243; module_class=&#8221;HeaderAzulValquer&#8221; _builder_version=&#8221;4.27.5&#8243; _module_preset=&#8221;default&#8221; background_color=&#8221;#051B34&#8243; background_image=&#8221;https:\/\/info.valquer.com\/wp-content\/uploads\/2026\/01\/Patentes-Solidos.jpg&#8221; custom_padding=&#8221;0px||0px||true|false&#8221; global_colors_info=&#8221;{}&#8221;][et_pb_row custom_padding_last_edited=&#8221;on|phone&#8221; _builder_version=&#8221;4.27.5&#8243; _module_preset=&#8221;default&#8221; width=&#8221;100%&#8221; max_width=&#8221;90%&#8221; custom_padding=&#8221;196px||196px||true|false&#8221; custom_padding_tablet=&#8221;196px||196px||true|false&#8221; custom_padding_phone=&#8221;80px||80px||true|false&#8221; global_colors_info=&#8221;{}&#8221;][et_pb_column type=&#8221;4_4&#8243; _builder_version=&#8221;4.27.5&#8243; _module_preset=&#8221;default&#8221; global_colors_info=&#8221;{}&#8221;][et_pb_text _builder_version=&#8221;4.27.5&#8243; _module_preset=&#8221;default&#8221; header_font=&#8221;|300|||||||&#8221; header_text_align=&#8221;center&#8221; header_font_size=&#8221;48px&#8221; header_2_text_align=&#8221;center&#8221; header_2_font_size=&#8221;18px&#8221; background_layout=&#8221;dark&#8221; header_font_size_tablet=&#8221;48px&#8221; header_font_size_phone=&#8221;27px&#8221; header_font_size_last_edited=&#8221;on|phone&#8221; header_2_text_align_tablet=&#8221;center&#8221; header_2_font_size_tablet=&#8221;18px&#8221; header_2_font_size_phone=&#8221;16px&#8221; header_2_font_size_last_edited=&#8221;on|tablet&#8221; global_colors_info=&#8221;{}&#8221;]<\/p>\n<h2>Laboratory Dedicated to Innovation<\/h2>\n<p><\/p>\n<h1>Patents<\/h1>\n<p>[\/et_pb_text][\/et_pb_column][\/et_pb_row][\/et_pb_section][et_pb_section fb_built=&#8221;1&#8243; _builder_version=&#8221;4.27.5&#8243; _module_preset=&#8221;default&#8221; background_enable_color=&#8221;off&#8221; custom_padding=&#8221;0px||40px||false|false&#8221; global_colors_info=&#8221;{}&#8221;][et_pb_row use_custom_gutter=&#8221;on&#8221; gutter_width=&#8221;4&#8243; _builder_version=&#8221;4.27.5&#8243; _module_preset=&#8221;a45db282-3f53-4204-b5e4-3acc2dbdc60a&#8221; custom_padding=&#8221;0px||0px||true|false&#8221; global_colors_info=&#8221;{}&#8221;][et_pb_column type=&#8221;4_4&#8243; _builder_version=&#8221;4.27.5&#8243; _module_preset=&#8221;default&#8221; custom_padding=&#8221;80px||||false|false&#8221; global_colors_info=&#8221;{}&#8221;][et_pb_text _builder_version=&#8221;4.27.5&#8243; _module_preset=&#8221;default&#8221; header_3_text_align=&#8221;center&#8221; header_3_font_size=&#8221;32px&#8221; custom_margin=&#8221;||7px|||&#8221; global_colors_info=&#8221;{}&#8221;]<\/p>\n<h3>Cosmetic Laboratory with Exclusive Patents<\/h3>\n<p>[\/et_pb_text][et_pb_text _builder_version=&#8221;4.27.5&#8243; _module_preset=&#8221;default&#8221; text_font=&#8221;Mabry Pro||||||||&#8221; text_text_color=&#8221;#051B34&#8243; text_line_height=&#8221;1.2em&#8221; text_orientation=&#8221;center&#8221; global_colors_info=&#8221;{}&#8221;]Pioneers in innovation with patented formulas that guarantee exceptional results, developed with advanced technology and the finest ingredients.[\/et_pb_text][et_pb_video src=&#8221;https:\/\/youtu.be\/mLEYAGQpkaQ?si=zon2v0CIQYvcGG7F&#8221; image_src=&#8221;https:\/\/info.valquer.com\/wp-content\/uploads\/2026\/01\/patentes-scaled-1-1024&#215;490.jpeg&#8221; font_icon=&#8221;&#x3d;||divi||400&#8243; _builder_version=&#8221;4.27.5&#8243; _module_preset=&#8221;default&#8221; locked=&#8221;off&#8221; global_colors_info=&#8221;{}&#8221;][\/et_pb_video][et_pb_text _builder_version=&#8221;4.27.5&#8243; _module_preset=&#8221;default&#8221; text_font=&#8221;Mabry Pro||||||||&#8221; text_text_color=&#8221;#051B34&#8243; text_line_height=&#8221;1.2em&#8221; locked=&#8221;off&#8221; global_colors_info=&#8221;{}&#8221;]<\/p>\n<p>At <strong>Valquer Laboratories<\/strong>, we hold various <strong>patents for cosmetic products<\/strong>, the result of our dedication to innovation and excellence. These patents ensure our customers enjoy unique formulas, developed with advanced technology and the finest ingredients. Each product has been carefully crafted to deliver visible and effective results, backed by science, rigorous research, and a commitment to quality and sustainability. Experience the exclusivity of <strong>innovative cosmetics<\/strong> that make a difference in personal care.<\/p>\n<p>[\/et_pb_text][\/et_pb_column][\/et_pb_row][et_pb_row use_custom_gutter=&#8221;on&#8221; gutter_width=&#8221;4&#8243; _builder_version=&#8221;4.27.5&#8243; _module_preset=&#8221;a45db282-3f53-4204-b5e4-3acc2dbdc60a&#8221; custom_padding=&#8221;0px||0px||true|false&#8221; global_colors_info=&#8221;{}&#8221;][et_pb_column type=&#8221;4_4&#8243; _builder_version=&#8221;4.27.5&#8243; _module_preset=&#8221;default&#8221; custom_padding=&#8221;80px||||false|false&#8221; global_colors_info=&#8221;{}&#8221;][et_pb_text _builder_version=&#8221;4.27.5&#8243; _module_preset=&#8221;default&#8221; header_3_text_align=&#8221;center&#8221; header_3_font_size=&#8221;32px&#8221; custom_margin=&#8221;||7px|||&#8221; locked=&#8221;off&#8221; global_colors_info=&#8221;{}&#8221;]<\/p>\n<h3>Granted Patents<\/h3>\n<p>[\/et_pb_text][dipi_timeline _builder_version=&#8221;4.27.5&#8243; _module_preset=&#8221;default&#8221; width_tablet=&#8221;800px&#8221; width_phone=&#8221;800px&#8221; width_last_edited=&#8221;off|desktop&#8221; max_width_tablet=&#8221;800px&#8221; max_width_phone=&#8221;800px&#8221; max_width_last_edited=&#8221;off|desktop&#8221; module_alignment=&#8221;center&#8221; custom_margin=&#8221;40px||||false|false&#8221; global_colors_info=&#8221;{}&#8221;][dipi_timeline_item title=&#8221;Shake The Change&#8221; timeline_icon=&#8221;&#xf540;||fa||900&#8243; image=&#8221;https:\/\/info.valquer.com\/wp-content\/uploads\/2026\/01\/shake-the-change-300&#215;300-1.jpg&#8221; custom_card_arrow=&#8221;on&#8221; card_arrow_color=&#8221;#f8f8f8&#8243; card_width=&#8221;60%&#8221; card_max_width=&#8221;100%&#8221; card_width_tablet=&#8221;60%&#8221; card_width_phone=&#8221;100%&#8221; card_width_last_edited=&#8221;on|phone&#8221; _builder_version=&#8221;4.27.5&#8243; _module_preset=&#8221;default&#8221; background_color=&#8221;#f8f8f8&#8243; background_enable_color=&#8221;on&#8221; border_radii=&#8221;on|10px|10px|10px|10px&#8221; border_radii_image=&#8221;on|10px|10px|10px|10px&#8221; global_colors_info=&#8221;{}&#8221;]<\/p>\n<p>Utility Patent: U202332252<\/p>\n<p>[\/dipi_timeline_item][dipi_timeline_item title=&#8221;Solid Shampoo&#8221; timeline_icon=&#8221;&#xf540;||fa||900&#8243; image=&#8221;https:\/\/info.valquer.com\/wp-content\/uploads\/2026\/01\/champu-solido-300&#215;300-1.jpg&#8221; custom_card_arrow=&#8221;on&#8221; card_arrow_color=&#8221;#f8f8f8&#8243; card_width=&#8221;60%&#8221; card_max_width=&#8221;60%&#8221; card_margin=&#8221;||||false|false&#8221; card_width_tablet=&#8221;60%&#8221; card_width_phone=&#8221;100%&#8221; card_width_last_edited=&#8221;on|phone&#8221; card_max_width_tablet=&#8221;60%&#8221; card_max_width_phone=&#8221;100%&#8221; card_max_width_last_edited=&#8221;on|desktop&#8221; _builder_version=&#8221;4.27.5&#8243; _module_preset=&#8221;default&#8221; background_color=&#8221;#f8f8f8&#8243; background_enable_color=&#8221;on&#8221; custom_margin=&#8221;-150px||||false|false&#8221; custom_margin_tablet=&#8221;0px||||false|false&#8221; custom_margin_phone=&#8221;0px||||false|false&#8221; custom_margin_last_edited=&#8221;on|phone&#8221; border_radii=&#8221;on|10px|10px|10px|10px&#8221; border_radii_image=&#8221;on|10px|10px|10px|10px&#8221; global_colors_info=&#8221;{}&#8221;]<\/p>\n<p>Utility Patent: P201930655<\/p>\n<p>[\/dipi_timeline_item][dipi_timeline_item title=&#8221;Bath Bombs&#8221; timeline_icon=&#8221;&#xf540;||fa||900&#8243; image=&#8221;https:\/\/info.valquer.com\/wp-content\/uploads\/2026\/01\/bombas-de-ban\u079fo-300&#215;300-1.jpg&#8221; custom_card_arrow=&#8221;on&#8221; card_arrow_color=&#8221;#f8f8f8&#8243; card_width=&#8221;60%&#8221; card_max_width=&#8221;60%&#8221; card_margin=&#8221;||||false|false&#8221; card_width_tablet=&#8221;60%&#8221; card_width_phone=&#8221;100%&#8221; card_width_last_edited=&#8221;on|phone&#8221; card_max_width_tablet=&#8221;60%&#8221; card_max_width_phone=&#8221;100%&#8221; card_max_width_last_edited=&#8221;on|desktop&#8221; _builder_version=&#8221;4.27.5&#8243; _module_preset=&#8221;default&#8221; background_color=&#8221;#f8f8f8&#8243; background_enable_color=&#8221;on&#8221; custom_margin=&#8221;-150px||||false|false&#8221; custom_margin_tablet=&#8221;0px||||false|false&#8221; custom_margin_phone=&#8221;0px||||false|false&#8221; custom_margin_last_edited=&#8221;on|phone&#8221; border_radii=&#8221;on|10px|10px|10px|10px&#8221; border_radii_image=&#8221;on|10px|10px|10px|10px&#8221; global_colors_info=&#8221;{}&#8221;]<\/p>\n<p>Utility Patent: P202230015<\/p>\n<p>[\/dipi_timeline_item][\/dipi_timeline][\/et_pb_column][\/et_pb_row][et_pb_row use_custom_gutter=&#8221;on&#8221; gutter_width=&#8221;4&#8243; _builder_version=&#8221;4.27.5&#8243; _module_preset=&#8221;a45db282-3f53-4204-b5e4-3acc2dbdc60a&#8221; custom_padding=&#8221;0px||0px||true|false&#8221; global_colors_info=&#8221;{}&#8221;][et_pb_column type=&#8221;4_4&#8243; _builder_version=&#8221;4.27.5&#8243; _module_preset=&#8221;default&#8221; custom_padding=&#8221;80px||||false|false&#8221; global_colors_info=&#8221;{}&#8221;][et_pb_text _builder_version=&#8221;4.27.5&#8243; _module_preset=&#8221;default&#8221; header_3_text_align=&#8221;center&#8221; header_3_font_size=&#8221;32px&#8221; custom_margin=&#8221;||7px|||&#8221; locked=&#8221;off&#8221; global_colors_info=&#8221;{}&#8221;]<\/p>\n<h3>Patents Under Study and in Substantive Examination Phase<\/h3>\n<p>[\/et_pb_text][dipi_timeline _builder_version=&#8221;4.27.5&#8243; _module_preset=&#8221;default&#8221; module_alignment=&#8221;center&#8221; custom_margin=&#8221;40px||||false|false&#8221; global_colors_info=&#8221;{}&#8221;][dipi_timeline_item title=&#8221;Invisible Sunscreen&#8221; timeline_icon=&#8221;&#xf540;||fa||900&#8243; image=&#8221;https:\/\/info.valquer.com\/wp-content\/uploads\/2026\/01\/shake-the-change-300&#215;300-1.jpg&#8221; custom_card_arrow=&#8221;on&#8221; card_arrow_color=&#8221;#f8f8f8&#8243; card_width=&#8221;60%&#8221; card_max_width=&#8221;60%&#8221; card_width_tablet=&#8221;60%&#8221; card_width_phone=&#8221;100%&#8221; card_width_last_edited=&#8221;on|desktop&#8221; card_max_width_tablet=&#8221;60%&#8221; card_max_width_phone=&#8221;100%&#8221; card_max_width_last_edited=&#8221;on|phone&#8221; _builder_version=&#8221;4.27.5&#8243; _module_preset=&#8221;default&#8221; background_color=&#8221;#f8f8f8&#8243; background_enable_color=&#8221;on&#8221; border_radii=&#8221;on|10px|10px|10px|10px&#8221; border_radii_image=&#8221;on|10px|10px|10px|10px&#8221; global_colors_info=&#8221;{}&#8221;]<\/p>\n<p>Utility Patent: P202430461<\/p>\n<p>[\/dipi_timeline_item][dipi_timeline_item title=&#8221;Cabbage Essence&#8221; timeline_icon=&#8221;&#xf540;||fa||900&#8243; image=&#8221;https:\/\/info.valquer.com\/wp-content\/uploads\/2026\/01\/esencia-repollo.webp&#8221; custom_card_arrow=&#8221;on&#8221; card_arrow_color=&#8221;#f8f8f8&#8243; card_width=&#8221;60%&#8221; card_max_width=&#8221;60%&#8221; card_margin=&#8221;||||false|false&#8221; card_width_tablet=&#8221;60%&#8221; card_width_phone=&#8221;100%&#8221; card_width_last_edited=&#8221;on|phone&#8221; card_max_width_tablet=&#8221;60%&#8221; card_max_width_phone=&#8221;100%&#8221; card_max_width_last_edited=&#8221;on|phone&#8221; _builder_version=&#8221;4.27.5&#8243; _module_preset=&#8221;default&#8221; background_color=&#8221;#f8f8f8&#8243; background_enable_color=&#8221;on&#8221; custom_margin=&#8221;-150px||||false|false&#8221; custom_margin_tablet=&#8221;0px||||false|false&#8221; custom_margin_phone=&#8221;0px||||false|false&#8221; custom_margin_last_edited=&#8221;on|tablet&#8221; border_radii=&#8221;on|10px|10px|10px|10px&#8221; border_radii_image=&#8221;on|10px|10px|10px|10px&#8221; global_colors_info=&#8221;{}&#8221;]<\/p>\n<p>Utility Patent: P202330358<\/p>\n<p>[\/dipi_timeline_item][\/dipi_timeline][\/et_pb_column][\/et_pb_row][\/et_pb_section]<\/p>\n","protected":false},"excerpt":{"rendered":"<p>Laboratory Dedicated to InnovationPatentsCosmetic Laboratory with Exclusive PatentsPioneers in innovation with patented formulas that guarantee exceptional results, developed with advanced technology and the finest ingredients.At Valquer Laboratories, we hold various patents for cosmetic products, the result of our dedication to innovation and excellence. These patents ensure our customers enjoy unique formulas, developed with advanced technology [&hellip;]<\/p>\n","protected":false},"author":1,"featured_media":0,"parent":0,"menu_order":0,"comment_status":"closed","ping_status":"closed","template":"","meta":{"_et_pb_use_builder":"on","_et_pb_old_content":"","_et_gb_content_width":"","footnotes":""},"dipi_cpt_category":[],"class_list":["post-4655","page","type-page","status-publish","hentry"],"yoast_head":"<!-- This site is optimized with the Yoast SEO Premium plugin v26.8 (Yoast SEO v26.8) - https:\/\/yoast.com\/product\/yoast-seo-premium-wordpress\/ -->\n<title>Patents - Valquer\u00ae Laboratorios<\/title>\n<meta name=\"robots\" content=\"index, follow, max-snippet:-1, max-image-preview:large, max-video-preview:-1\" \/>\n<link rel=\"canonical\" href=\"https:\/\/info.valquer.com\/en\/patents\/\" \/>\n<meta property=\"og:locale\" content=\"en_US\" \/>\n<meta property=\"og:type\" content=\"article\" \/>\n<meta property=\"og:title\" content=\"Patents\" \/>\n<meta property=\"og:description\" content=\"Laboratory Dedicated to InnovationPatentsCosmetic Laboratory with Exclusive PatentsPioneers in innovation with patented formulas that guarantee exceptional results, developed with advanced technology and the finest ingredients.At Valquer Laboratories, we hold various patents for cosmetic products, the result of our dedication to innovation and excellence. These patents ensure our customers enjoy unique formulas, developed with advanced technology [&hellip;]\" \/>\n<meta property=\"og:url\" content=\"https:\/\/info.valquer.com\/en\/patents\/\" \/>\n<meta property=\"og:site_name\" content=\"Valquer\u00ae Laboratorios\" \/>\n<meta property=\"article:publisher\" content=\"https:\/\/www.facebook.com\/valquerlaboratorios\/\" \/>\n<meta property=\"article:modified_time\" content=\"2026-01-25T17:05:00+00:00\" \/>\n<meta property=\"og:image\" content=\"https:\/\/info.valquer.com\/wp-content\/uploads\/2026\/01\/Logo-Valquer.jpg\" \/>\n\t<meta property=\"og:image:width\" content=\"1200\" \/>\n\t<meta property=\"og:image:height\" content=\"675\" \/>\n\t<meta property=\"og:image:type\" content=\"image\/jpeg\" \/>\n<meta name=\"twitter:card\" content=\"summary_large_image\" \/>\n<meta name=\"twitter:label1\" content=\"Est. reading time\" \/>\n\t<meta name=\"twitter:data1\" content=\"6 minutes\" \/>\n<script type=\"application\/ld+json\" class=\"yoast-schema-graph\">{\"@context\":\"https:\/\/schema.org\",\"@graph\":[{\"@type\":\"WebPage\",\"@id\":\"https:\/\/info.valquer.com\/en\/patents\/\",\"url\":\"https:\/\/info.valquer.com\/en\/patents\/\",\"name\":\"Patents - Valquer\u00ae Laboratorios\",\"isPartOf\":{\"@id\":\"https:\/\/info.valquer.com\/en\/#website\"},\"datePublished\":\"2026-01-05T20:36:12+00:00\",\"dateModified\":\"2026-01-25T17:05:00+00:00\",\"breadcrumb\":{\"@id\":\"https:\/\/info.valquer.com\/en\/patents\/#breadcrumb\"},\"inLanguage\":\"en-US\",\"potentialAction\":[{\"@type\":\"ReadAction\",\"target\":[\"https:\/\/info.valquer.com\/en\/patents\/\"]}]},{\"@type\":\"BreadcrumbList\",\"@id\":\"https:\/\/info.valquer.com\/en\/patents\/#breadcrumb\",\"itemListElement\":[{\"@type\":\"ListItem\",\"position\":1,\"name\":\"Portada\",\"item\":\"https:\/\/info.valquer.com\/en\/\"},{\"@type\":\"ListItem\",\"position\":2,\"name\":\"Patents\"}]},{\"@type\":\"WebSite\",\"@id\":\"https:\/\/info.valquer.com\/en\/#website\",\"url\":\"https:\/\/info.valquer.com\/en\/\",\"name\":\"Valquer\u00ae Laboratorios\",\"description\":\"Dermocosm\u00e9tica Natural y Sostenible\",\"publisher\":{\"@id\":\"https:\/\/info.valquer.com\/en\/#organization\"},\"alternateName\":\"Valquer Labs\",\"potentialAction\":[{\"@type\":\"SearchAction\",\"target\":{\"@type\":\"EntryPoint\",\"urlTemplate\":\"https:\/\/info.valquer.com\/en\/?s={search_term_string}\"},\"query-input\":{\"@type\":\"PropertyValueSpecification\",\"valueRequired\":true,\"valueName\":\"search_term_string\"}}],\"inLanguage\":\"en-US\"},{\"@type\":\"Organization\",\"@id\":\"https:\/\/info.valquer.com\/en\/#organization\",\"name\":\"Valquer\u00ae Laboratorios\",\"alternateName\":\"Valquer Labs\",\"url\":\"https:\/\/info.valquer.com\/en\/\",\"logo\":{\"@type\":\"ImageObject\",\"inLanguage\":\"en-US\",\"@id\":\"https:\/\/info.valquer.com\/en\/#\/schema\/logo\/image\/\",\"url\":\"https:\/\/info.valquer.com\/wp-content\/uploads\/2026\/01\/Logo-Valquer.jpg\",\"contentUrl\":\"https:\/\/info.valquer.com\/wp-content\/uploads\/2026\/01\/Logo-Valquer.jpg\",\"width\":1200,\"height\":675,\"caption\":\"Valquer\u00ae Laboratorios\"},\"image\":{\"@id\":\"https:\/\/info.valquer.com\/en\/#\/schema\/logo\/image\/\"},\"sameAs\":[\"https:\/\/www.facebook.com\/valquerlaboratorios\/\",\"https:\/\/www.instagram.com\/valquer_laboratorios\/\",\"https:\/\/www.tiktok.com\/@valquer_laboratorios\",\"https:\/\/www.youtube.com\/user\/laboratoriosvalquer\",\"https:\/\/www.linkedin.com\/company\/laboratorios-valquer\/?originalSubdomain=es\"],\"description\":\"Cosm\u00e9ticos biotecnol\u00f3gicos, naturales y sostenibles. Laboratorio y fabricante de cosm\u00e9ticos desde 1975. Con presencia en m\u00e1s de 65 pa\u00edses y sedes en Espa\u00f1a, Reino Unido y M\u00e9xico. Valquer Laboratorios, investiga, desarrolla y fabrica productos cosm\u00e9ticos biotecnol\u00f3gicos, veganos, naturales, sostenibles y testados dermatol\u00f3gicamente, para terceros.\",\"email\":\"info@valquer.com\",\"telephone\":\"+34 925 91 00 99\",\"legalName\":\"VALQUER LABORATORIOS S.L.U.\",\"foundingDate\":\"1975-07-10\",\"vatID\":\"B78094489\",\"taxID\":\"B78094489\",\"numberOfEmployees\":{\"@type\":\"QuantitativeValue\",\"minValue\":\"51\",\"maxValue\":\"200\"},\"publishingPrinciples\":\"https:\/\/info.valquer.com\/home\/\"}]}<\/script>\n<!-- \/ Yoast SEO Premium plugin. -->","yoast_head_json":{"title":"Patents - Valquer\u00ae Laboratorios","robots":{"index":"index","follow":"follow","max-snippet":"max-snippet:-1","max-image-preview":"max-image-preview:large","max-video-preview":"max-video-preview:-1"},"canonical":"https:\/\/info.valquer.com\/en\/patents\/","og_locale":"en_US","og_type":"article","og_title":"Patents","og_description":"Laboratory Dedicated to InnovationPatentsCosmetic Laboratory with Exclusive PatentsPioneers in innovation with patented formulas that guarantee exceptional results, developed with advanced technology and the finest ingredients.At Valquer Laboratories, we hold various patents for cosmetic products, the result of our dedication to innovation and excellence. These patents ensure our customers enjoy unique formulas, developed with advanced technology [&hellip;]","og_url":"https:\/\/info.valquer.com\/en\/patents\/","og_site_name":"Valquer\u00ae Laboratorios","article_publisher":"https:\/\/www.facebook.com\/valquerlaboratorios\/","article_modified_time":"2026-01-25T17:05:00+00:00","og_image":[{"width":1200,"height":675,"url":"https:\/\/info.valquer.com\/wp-content\/uploads\/2026\/01\/Logo-Valquer.jpg","type":"image\/jpeg"}],"twitter_card":"summary_large_image","twitter_misc":{"Est. reading time":"6 minutes"},"schema":{"@context":"https:\/\/schema.org","@graph":[{"@type":"WebPage","@id":"https:\/\/info.valquer.com\/en\/patents\/","url":"https:\/\/info.valquer.com\/en\/patents\/","name":"Patents - Valquer\u00ae Laboratorios","isPartOf":{"@id":"https:\/\/info.valquer.com\/en\/#website"},"datePublished":"2026-01-05T20:36:12+00:00","dateModified":"2026-01-25T17:05:00+00:00","breadcrumb":{"@id":"https:\/\/info.valquer.com\/en\/patents\/#breadcrumb"},"inLanguage":"en-US","potentialAction":[{"@type":"ReadAction","target":["https:\/\/info.valquer.com\/en\/patents\/"]}]},{"@type":"BreadcrumbList","@id":"https:\/\/info.valquer.com\/en\/patents\/#breadcrumb","itemListElement":[{"@type":"ListItem","position":1,"name":"Portada","item":"https:\/\/info.valquer.com\/en\/"},{"@type":"ListItem","position":2,"name":"Patents"}]},{"@type":"WebSite","@id":"https:\/\/info.valquer.com\/en\/#website","url":"https:\/\/info.valquer.com\/en\/","name":"Valquer\u00ae Laboratorios","description":"Dermocosm\u00e9tica Natural y Sostenible","publisher":{"@id":"https:\/\/info.valquer.com\/en\/#organization"},"alternateName":"Valquer Labs","potentialAction":[{"@type":"SearchAction","target":{"@type":"EntryPoint","urlTemplate":"https:\/\/info.valquer.com\/en\/?s={search_term_string}"},"query-input":{"@type":"PropertyValueSpecification","valueRequired":true,"valueName":"search_term_string"}}],"inLanguage":"en-US"},{"@type":"Organization","@id":"https:\/\/info.valquer.com\/en\/#organization","name":"Valquer\u00ae Laboratorios","alternateName":"Valquer Labs","url":"https:\/\/info.valquer.com\/en\/","logo":{"@type":"ImageObject","inLanguage":"en-US","@id":"https:\/\/info.valquer.com\/en\/#\/schema\/logo\/image\/","url":"https:\/\/info.valquer.com\/wp-content\/uploads\/2026\/01\/Logo-Valquer.jpg","contentUrl":"https:\/\/info.valquer.com\/wp-content\/uploads\/2026\/01\/Logo-Valquer.jpg","width":1200,"height":675,"caption":"Valquer\u00ae Laboratorios"},"image":{"@id":"https:\/\/info.valquer.com\/en\/#\/schema\/logo\/image\/"},"sameAs":["https:\/\/www.facebook.com\/valquerlaboratorios\/","https:\/\/www.instagram.com\/valquer_laboratorios\/","https:\/\/www.tiktok.com\/@valquer_laboratorios","https:\/\/www.youtube.com\/user\/laboratoriosvalquer","https:\/\/www.linkedin.com\/company\/laboratorios-valquer\/?originalSubdomain=es"],"description":"Cosm\u00e9ticos biotecnol\u00f3gicos, naturales y sostenibles. Laboratorio y fabricante de cosm\u00e9ticos desde 1975. Con presencia en m\u00e1s de 65 pa\u00edses y sedes en Espa\u00f1a, Reino Unido y M\u00e9xico. Valquer Laboratorios, investiga, desarrolla y fabrica productos cosm\u00e9ticos biotecnol\u00f3gicos, veganos, naturales, sostenibles y testados dermatol\u00f3gicamente, para terceros.","email":"info@valquer.com","telephone":"+34 925 91 00 99","legalName":"VALQUER LABORATORIOS S.L.U.","foundingDate":"1975-07-10","vatID":"B78094489","taxID":"B78094489","numberOfEmployees":{"@type":"QuantitativeValue","minValue":"51","maxValue":"200"},"publishingPrinciples":"https:\/\/info.valquer.com\/home\/"}]}},"_links":{"self":[{"href":"https:\/\/info.valquer.com\/en\/wp-json\/wp\/v2\/pages\/4655","targetHints":{"allow":["GET"]}}],"collection":[{"href":"https:\/\/info.valquer.com\/en\/wp-json\/wp\/v2\/pages"}],"about":[{"href":"https:\/\/info.valquer.com\/en\/wp-json\/wp\/v2\/types\/page"}],"author":[{"embeddable":true,"href":"https:\/\/info.valquer.com\/en\/wp-json\/wp\/v2\/users\/1"}],"replies":[{"embeddable":true,"href":"https:\/\/info.valquer.com\/en\/wp-json\/wp\/v2\/comments?post=4655"}],"version-history":[{"count":0,"href":"https:\/\/info.valquer.com\/en\/wp-json\/wp\/v2\/pages\/4655\/revisions"}],"wp:attachment":[{"href":"https:\/\/info.valquer.com\/en\/wp-json\/wp\/v2\/media?parent=4655"}],"wp:term":[{"taxonomy":"dipi_cpt_category","embeddable":true,"href":"https:\/\/info.valquer.com\/en\/wp-json\/wp\/v2\/dipi_cpt_category?post=4655"}],"curies":[{"name":"wp","href":"https:\/\/api.w.org\/{rel}","templated":true}]}}