{"id":4361,"date":"2025-12-29T13:28:56","date_gmt":"2025-12-29T13:28:56","guid":{"rendered":"https:\/\/sie7e24.es\/valquer\/contact-suppliers\/"},"modified":"2026-01-27T12:13:04","modified_gmt":"2026-01-27T12:13:04","slug":"contact-suppliers","status":"publish","type":"page","link":"https:\/\/info.valquer.com\/en\/contact-suppliers\/","title":{"rendered":"Contact Suppliers"},"content":{"rendered":"<p>[et_pb_section fb_built=&#8221;1&#8243; module_class=&#8221;HeaderAzulValquer&#8221; _builder_version=&#8221;4.27.5&#8243; _module_preset=&#8221;default&#8221; background_color=&#8221;#051B34&#8243; background_image=&#8221;https:\/\/info.valquer.com\/wp-content\/uploads\/2026\/01\/proveedor-valquer.webp&#8221; custom_padding=&#8221;0px||0px||true|false&#8221; global_colors_info=&#8221;{}&#8221;][et_pb_row custom_padding_last_edited=&#8221;on|phone&#8221; _builder_version=&#8221;4.27.5&#8243; _module_preset=&#8221;default&#8221; width=&#8221;100%&#8221; max_width=&#8221;90%&#8221; custom_padding=&#8221;196px||196px||true|false&#8221; custom_padding_tablet=&#8221;196px||196px||true|false&#8221; custom_padding_phone=&#8221;80px||80px||true|false&#8221; global_colors_info=&#8221;{}&#8221;][et_pb_column type=&#8221;4_4&#8243; _builder_version=&#8221;4.27.5&#8243; _module_preset=&#8221;default&#8221; global_colors_info=&#8221;{}&#8221;][et_pb_text _builder_version=&#8221;4.27.5&#8243; _module_preset=&#8221;default&#8221; header_font=&#8221;|300|||||||&#8221; header_text_align=&#8221;center&#8221; header_font_size=&#8221;48px&#8221; header_2_text_align=&#8221;center&#8221; header_2_font_size=&#8221;18px&#8221; background_layout=&#8221;dark&#8221; header_font_size_tablet=&#8221;48px&#8221; header_font_size_phone=&#8221;27px&#8221; header_font_size_last_edited=&#8221;on|phone&#8221; header_2_text_align_tablet=&#8221;center&#8221; header_2_font_size_tablet=&#8221;18px&#8221; header_2_font_size_phone=&#8221;16px&#8221; header_2_font_size_last_edited=&#8221;on|tablet&#8221; global_colors_info=&#8221;{}&#8221;]<\/p>\n<h2>PROVIDERS<\/h2>\n<p><\/p>\n<h1>Do you want to be our provider?<\/h1>\n<p>[\/et_pb_text][\/et_pb_column][\/et_pb_row][\/et_pb_section][et_pb_section fb_built=&#8221;1&#8243; _builder_version=&#8221;4.27.5&#8243; _module_preset=&#8221;default&#8221; background_color=&#8221;RGBA(255,255,255,0)&#8221; custom_padding=&#8221;0px||40px||false|false&#8221; global_colors_info=&#8221;{}&#8221;][et_pb_row column_structure=&#8221;1_2,1_2&#8243; use_custom_gutter=&#8221;on&#8221; gutter_width=&#8221;4&#8243; _builder_version=&#8221;4.27.5&#8243; _module_preset=&#8221;a45db282-3f53-4204-b5e4-3acc2dbdc60a&#8221; custom_padding=&#8221;0px||0px||true|false&#8221; global_colors_info=&#8221;{}&#8221;][et_pb_column type=&#8221;1_2&#8243; _builder_version=&#8221;4.27.5&#8243; _module_preset=&#8221;default&#8221; custom_padding=&#8221;80px||||false|false&#8221; global_colors_info=&#8221;{}&#8221;][et_pb_text _builder_version=&#8221;4.27.5&#8243; _module_preset=&#8221;default&#8221; header_3_font_size=&#8221;30px&#8221; custom_margin=&#8221;||7px|||&#8221; global_colors_info=&#8221;{}&#8221;]<\/p>\n<h3>Fill out the form and get a physical or online meeting with our buyers<\/h3>\n<p>[\/et_pb_text][et_pb_text _builder_version=&#8221;4.27.5&#8243; _module_preset=&#8221;default&#8221; text_font=&#8221;Mabry Pro||||||||&#8221; text_text_color=&#8221;#051B34&#8243; text_font_size=&#8221;20px&#8221; text_line_height=&#8221;1.2em&#8221; global_colors_info=&#8221;{}&#8221;]Valquer Laboratories, leader in the research and manufacture of the highest quality cosmetics.<\/p>\n<p>For this, we work with the highest quality ingredients, raw materials and suppliers.<\/p>\n<p>Do you want to be our supplier?[\/et_pb_text][\/et_pb_column][et_pb_column type=&#8221;1_2&#8243; _builder_version=&#8221;4.27.5&#8243; _module_preset=&#8221;default&#8221; global_colors_info=&#8221;{}&#8221;][et_pb_image src=&#8221;https:\/\/info.valquer.com\/wp-content\/uploads\/2026\/01\/proveedores-valquer-500&#215;500-1.webp&#8221; alt=&#8221;champu-torre&#8221; title_text=&#8221;proveedores-valquer-500&#215;500&#8243; _builder_version=&#8221;4.27.5&#8243; _module_preset=&#8221;default&#8221; global_colors_info=&#8221;{}&#8221;][\/et_pb_image][\/et_pb_column][\/et_pb_row][\/et_pb_section][et_pb_section fb_built=&#8221;1&#8243; _builder_version=&#8221;4.27.5&#8243; _module_preset=&#8221;default&#8221; custom_padding=&#8221;30px||||false|false&#8221; global_colors_info=&#8221;{}&#8221;][et_pb_row _builder_version=&#8221;4.27.5&#8243; _module_preset=&#8221;default&#8221; width=&#8221;90%&#8221; max_width=&#8221;90%&#8221; global_colors_info=&#8221;{}&#8221;][et_pb_column type=&#8221;4_4&#8243; _builder_version=&#8221;4.27.5&#8243; _module_preset=&#8221;default&#8221; global_colors_info=&#8221;{}&#8221;][et_pb_code _builder_version=&#8221;4.27.5&#8243; _module_preset=&#8221;default&#8221; hover_enabled=&#8221;0&#8243; sticky_enabled=&#8221;0&#8243; module_alignment=&#8221;center&#8221;]<!\u2013- [et_pb_br_holder] -\u2013><iframe loading=\"lazy\" src=\"https:\/\/docs.google.com\/forms\/d\/e\/1FAIpQLScLSa9H7dRmvgRDHlJEIWSKOgfm46GU57z5rhgqEGjSj_60UQ\/viewform?embedded=true\" width=\"100%\" height=\"3075\" frameborder=\"0\" marginheight=\"0\" marginwidth=\"0\">Cargando\u2026<\/iframe>[\/et_pb_code][et_pb_accordion toggle_icon=&#8221;&#xe044;||divi||400&#8243; _builder_version=&#8221;4.27.5&#8243; _module_preset=&#8221;default&#8221; global_colors_info=&#8221;{}&#8221;][et_pb_accordion_item title=&#8221;DISPLAY NO (NO BORRAR)&#8221; open=&#8221;on&#8221; _builder_version=&#8221;4.27.5&#8243; _module_preset=&#8221;default&#8221; custom_css_main_element=&#8221;display:none;&#8221; global_colors_info=&#8221;{}&#8221;]<\/p>\n<p>Your content goes here. Edit or remove this text inline or in the module Content settings. You can also style every aspect of this content in the module Design settings and even apply custom CSS to this text in the module Advanced settings.<\/p>\n<p>[\/et_pb_accordion_item][et_pb_accordion_item title=&#8221;Basic information on the privacy policy of Laboratorios Valquer&#8221; icon_color=&#8221;#051B34&#8243; toggle_icon=&#8221;&#xe044;||divi||400&#8243; use_icon_font_size=&#8221;on&#8221; icon_font_size=&#8221;30px&#8221; _builder_version=&#8221;4.27.5&#8243; _module_preset=&#8221;default&#8221; background_color=&#8221;RGBA(255,255,255,0)&#8221; background_enable_color=&#8221;on&#8221; global_colors_info=&#8221;{}&#8221; toggle_text_align=&#8221;center&#8221; open=&#8221;off&#8221;]<\/p>\n<p>Responsible :<\/p>\n<p><\/p>\n<p><strong>LABORATORIES VALQUER S.L.<\/strong><\/p>\n<p><\/p>\n<p>Goal: Provide the services offered through the Web or attend other types of relationships that may arise with LABORATORIOS VALQUER as a result of the requests, procedures or procedures that the User carries out through the Web. Legitimation: Consent of the interested party in accordance with the provisions of Regulation (EU) 2016\/679 of the EP and of the Council of 27 April 2016. Recipients: Automated internal file of LABORATORIOS VALQUER and third parties for the development, maintenance and control of the legal relationship established when there is legal authorization by the user to do so. Rights: Access, rectification, assignment, opposition and right to be forgotten. Additional information: You can obtain all the additional and detailed information you need on the processing and protection of your personal data and the privacy policy and cookies policy on the respective pages.<\/p>\n<p>[\/et_pb_accordion_item][\/et_pb_accordion][\/et_pb_column][\/et_pb_row][\/et_pb_section]<\/p>\n","protected":false},"excerpt":{"rendered":"<p>PROVIDERSDo you want to be our provider?Fill out the form and get a physical or online meeting with our buyersValquer Laboratories, leader in the research and manufacture of the highest quality cosmetics.For this, we work with the highest quality ingredients, raw materials and suppliers.Do you want to be our supplier?Your content goes here. Edit or [&hellip;]<\/p>\n","protected":false},"author":1,"featured_media":9835,"parent":0,"menu_order":0,"comment_status":"closed","ping_status":"closed","template":"","meta":{"_et_pb_use_builder":"on","_et_pb_old_content":"","_et_gb_content_width":"","footnotes":""},"dipi_cpt_category":[],"class_list":["post-4361","page","type-page","status-publish","has-post-thumbnail","hentry"],"yoast_head":"<!-- This site is optimized with the Yoast SEO Premium plugin v26.8 (Yoast SEO v26.8) - https:\/\/yoast.com\/product\/yoast-seo-premium-wordpress\/ -->\n<title>Contact Suppliers - Valquer\u00ae Laboratorios<\/title>\n<meta name=\"robots\" content=\"index, follow, max-snippet:-1, max-image-preview:large, max-video-preview:-1\" \/>\n<link rel=\"canonical\" href=\"https:\/\/info.valquer.com\/en\/contact-suppliers\/\" \/>\n<meta property=\"og:locale\" content=\"en_US\" \/>\n<meta property=\"og:type\" content=\"article\" \/>\n<meta property=\"og:title\" content=\"Contact Suppliers\" \/>\n<meta property=\"og:description\" content=\"PROVIDERSDo you want to be our provider?Fill out the form and get a physical or online meeting with our buyersValquer Laboratories, leader in the research and manufacture of the highest quality cosmetics.For this, we work with the highest quality ingredients, raw materials and suppliers.Do you want to be our supplier?Your content goes here. Edit or [&hellip;]\" \/>\n<meta property=\"og:url\" content=\"https:\/\/info.valquer.com\/en\/contact-suppliers\/\" \/>\n<meta property=\"og:site_name\" content=\"Valquer\u00ae Laboratorios\" \/>\n<meta property=\"article:publisher\" content=\"https:\/\/www.facebook.com\/valquerlaboratorios\/\" \/>\n<meta property=\"article:modified_time\" content=\"2026-01-27T12:13:04+00:00\" \/>\n<meta property=\"og:image\" content=\"https:\/\/info.valquer.com\/wp-content\/uploads\/2026\/01\/proveedores-valquer-500x500-1.webp\" \/>\n\t<meta property=\"og:image:width\" content=\"500\" \/>\n\t<meta property=\"og:image:height\" content=\"500\" \/>\n\t<meta property=\"og:image:type\" content=\"image\/webp\" \/>\n<meta name=\"twitter:card\" content=\"summary_large_image\" \/>\n<meta name=\"twitter:label1\" content=\"Est. reading time\" \/>\n\t<meta name=\"twitter:data1\" content=\"4 minutes\" \/>\n<script type=\"application\/ld+json\" class=\"yoast-schema-graph\">{\"@context\":\"https:\/\/schema.org\",\"@graph\":[{\"@type\":\"WebPage\",\"@id\":\"https:\/\/info.valquer.com\/en\/contact-suppliers\/\",\"url\":\"https:\/\/info.valquer.com\/en\/contact-suppliers\/\",\"name\":\"Contact Suppliers - Valquer\u00ae Laboratorios\",\"isPartOf\":{\"@id\":\"https:\/\/info.valquer.com\/en\/#website\"},\"primaryImageOfPage\":{\"@id\":\"https:\/\/info.valquer.com\/en\/contact-suppliers\/#primaryimage\"},\"image\":{\"@id\":\"https:\/\/info.valquer.com\/en\/contact-suppliers\/#primaryimage\"},\"thumbnailUrl\":\"https:\/\/info.valquer.com\/wp-content\/uploads\/2026\/01\/proveedores-valquer-500x500-1.webp\",\"datePublished\":\"2025-12-29T13:28:56+00:00\",\"dateModified\":\"2026-01-27T12:13:04+00:00\",\"breadcrumb\":{\"@id\":\"https:\/\/info.valquer.com\/en\/contact-suppliers\/#breadcrumb\"},\"inLanguage\":\"en-US\",\"potentialAction\":[{\"@type\":\"ReadAction\",\"target\":[\"https:\/\/info.valquer.com\/en\/contact-suppliers\/\"]}]},{\"@type\":\"ImageObject\",\"inLanguage\":\"en-US\",\"@id\":\"https:\/\/info.valquer.com\/en\/contact-suppliers\/#primaryimage\",\"url\":\"https:\/\/info.valquer.com\/wp-content\/uploads\/2026\/01\/proveedores-valquer-500x500-1.webp\",\"contentUrl\":\"https:\/\/info.valquer.com\/wp-content\/uploads\/2026\/01\/proveedores-valquer-500x500-1.webp\",\"width\":500,\"height\":500,\"caption\":\"proveedores valquer\"},{\"@type\":\"BreadcrumbList\",\"@id\":\"https:\/\/info.valquer.com\/en\/contact-suppliers\/#breadcrumb\",\"itemListElement\":[{\"@type\":\"ListItem\",\"position\":1,\"name\":\"Portada\",\"item\":\"https:\/\/info.valquer.com\/en\/\"},{\"@type\":\"ListItem\",\"position\":2,\"name\":\"Contact Suppliers\"}]},{\"@type\":\"WebSite\",\"@id\":\"https:\/\/info.valquer.com\/en\/#website\",\"url\":\"https:\/\/info.valquer.com\/en\/\",\"name\":\"Valquer\u00ae Laboratorios\",\"description\":\"Dermocosm\u00e9tica Natural y Sostenible\",\"publisher\":{\"@id\":\"https:\/\/info.valquer.com\/en\/#organization\"},\"alternateName\":\"Valquer Labs\",\"potentialAction\":[{\"@type\":\"SearchAction\",\"target\":{\"@type\":\"EntryPoint\",\"urlTemplate\":\"https:\/\/info.valquer.com\/en\/?s={search_term_string}\"},\"query-input\":{\"@type\":\"PropertyValueSpecification\",\"valueRequired\":true,\"valueName\":\"search_term_string\"}}],\"inLanguage\":\"en-US\"},{\"@type\":\"Organization\",\"@id\":\"https:\/\/info.valquer.com\/en\/#organization\",\"name\":\"Valquer\u00ae Laboratorios\",\"alternateName\":\"Valquer Labs\",\"url\":\"https:\/\/info.valquer.com\/en\/\",\"logo\":{\"@type\":\"ImageObject\",\"inLanguage\":\"en-US\",\"@id\":\"https:\/\/info.valquer.com\/en\/#\/schema\/logo\/image\/\",\"url\":\"https:\/\/info.valquer.com\/wp-content\/uploads\/2026\/01\/Logo-Valquer.jpg\",\"contentUrl\":\"https:\/\/info.valquer.com\/wp-content\/uploads\/2026\/01\/Logo-Valquer.jpg\",\"width\":1200,\"height\":675,\"caption\":\"Valquer\u00ae Laboratorios\"},\"image\":{\"@id\":\"https:\/\/info.valquer.com\/en\/#\/schema\/logo\/image\/\"},\"sameAs\":[\"https:\/\/www.facebook.com\/valquerlaboratorios\/\",\"https:\/\/www.instagram.com\/valquer_laboratorios\/\",\"https:\/\/www.tiktok.com\/@valquer_laboratorios\",\"https:\/\/www.youtube.com\/user\/laboratoriosvalquer\",\"https:\/\/www.linkedin.com\/company\/laboratorios-valquer\/?originalSubdomain=es\"],\"description\":\"Cosm\u00e9ticos biotecnol\u00f3gicos, naturales y sostenibles. Laboratorio y fabricante de cosm\u00e9ticos desde 1975. Con presencia en m\u00e1s de 65 pa\u00edses y sedes en Espa\u00f1a, Reino Unido y M\u00e9xico. Valquer Laboratorios, investiga, desarrolla y fabrica productos cosm\u00e9ticos biotecnol\u00f3gicos, veganos, naturales, sostenibles y testados dermatol\u00f3gicamente, para terceros.\",\"email\":\"info@valquer.com\",\"telephone\":\"+34 925 91 00 99\",\"legalName\":\"VALQUER LABORATORIOS S.L.U.\",\"foundingDate\":\"1975-07-10\",\"vatID\":\"B78094489\",\"taxID\":\"B78094489\",\"numberOfEmployees\":{\"@type\":\"QuantitativeValue\",\"minValue\":\"51\",\"maxValue\":\"200\"},\"publishingPrinciples\":\"https:\/\/info.valquer.com\/home\/\"}]}<\/script>\n<!-- \/ Yoast SEO Premium plugin. -->","yoast_head_json":{"title":"Contact Suppliers - Valquer\u00ae Laboratorios","robots":{"index":"index","follow":"follow","max-snippet":"max-snippet:-1","max-image-preview":"max-image-preview:large","max-video-preview":"max-video-preview:-1"},"canonical":"https:\/\/info.valquer.com\/en\/contact-suppliers\/","og_locale":"en_US","og_type":"article","og_title":"Contact Suppliers","og_description":"PROVIDERSDo you want to be our provider?Fill out the form and get a physical or online meeting with our buyersValquer Laboratories, leader in the research and manufacture of the highest quality cosmetics.For this, we work with the highest quality ingredients, raw materials and suppliers.Do you want to be our supplier?Your content goes here. Edit or [&hellip;]","og_url":"https:\/\/info.valquer.com\/en\/contact-suppliers\/","og_site_name":"Valquer\u00ae Laboratorios","article_publisher":"https:\/\/www.facebook.com\/valquerlaboratorios\/","article_modified_time":"2026-01-27T12:13:04+00:00","og_image":[{"width":500,"height":500,"url":"https:\/\/info.valquer.com\/wp-content\/uploads\/2026\/01\/proveedores-valquer-500x500-1.webp","type":"image\/webp"}],"twitter_card":"summary_large_image","twitter_misc":{"Est. reading time":"4 minutes"},"schema":{"@context":"https:\/\/schema.org","@graph":[{"@type":"WebPage","@id":"https:\/\/info.valquer.com\/en\/contact-suppliers\/","url":"https:\/\/info.valquer.com\/en\/contact-suppliers\/","name":"Contact Suppliers - Valquer\u00ae Laboratorios","isPartOf":{"@id":"https:\/\/info.valquer.com\/en\/#website"},"primaryImageOfPage":{"@id":"https:\/\/info.valquer.com\/en\/contact-suppliers\/#primaryimage"},"image":{"@id":"https:\/\/info.valquer.com\/en\/contact-suppliers\/#primaryimage"},"thumbnailUrl":"https:\/\/info.valquer.com\/wp-content\/uploads\/2026\/01\/proveedores-valquer-500x500-1.webp","datePublished":"2025-12-29T13:28:56+00:00","dateModified":"2026-01-27T12:13:04+00:00","breadcrumb":{"@id":"https:\/\/info.valquer.com\/en\/contact-suppliers\/#breadcrumb"},"inLanguage":"en-US","potentialAction":[{"@type":"ReadAction","target":["https:\/\/info.valquer.com\/en\/contact-suppliers\/"]}]},{"@type":"ImageObject","inLanguage":"en-US","@id":"https:\/\/info.valquer.com\/en\/contact-suppliers\/#primaryimage","url":"https:\/\/info.valquer.com\/wp-content\/uploads\/2026\/01\/proveedores-valquer-500x500-1.webp","contentUrl":"https:\/\/info.valquer.com\/wp-content\/uploads\/2026\/01\/proveedores-valquer-500x500-1.webp","width":500,"height":500,"caption":"proveedores valquer"},{"@type":"BreadcrumbList","@id":"https:\/\/info.valquer.com\/en\/contact-suppliers\/#breadcrumb","itemListElement":[{"@type":"ListItem","position":1,"name":"Portada","item":"https:\/\/info.valquer.com\/en\/"},{"@type":"ListItem","position":2,"name":"Contact Suppliers"}]},{"@type":"WebSite","@id":"https:\/\/info.valquer.com\/en\/#website","url":"https:\/\/info.valquer.com\/en\/","name":"Valquer\u00ae Laboratorios","description":"Dermocosm\u00e9tica Natural y Sostenible","publisher":{"@id":"https:\/\/info.valquer.com\/en\/#organization"},"alternateName":"Valquer Labs","potentialAction":[{"@type":"SearchAction","target":{"@type":"EntryPoint","urlTemplate":"https:\/\/info.valquer.com\/en\/?s={search_term_string}"},"query-input":{"@type":"PropertyValueSpecification","valueRequired":true,"valueName":"search_term_string"}}],"inLanguage":"en-US"},{"@type":"Organization","@id":"https:\/\/info.valquer.com\/en\/#organization","name":"Valquer\u00ae Laboratorios","alternateName":"Valquer Labs","url":"https:\/\/info.valquer.com\/en\/","logo":{"@type":"ImageObject","inLanguage":"en-US","@id":"https:\/\/info.valquer.com\/en\/#\/schema\/logo\/image\/","url":"https:\/\/info.valquer.com\/wp-content\/uploads\/2026\/01\/Logo-Valquer.jpg","contentUrl":"https:\/\/info.valquer.com\/wp-content\/uploads\/2026\/01\/Logo-Valquer.jpg","width":1200,"height":675,"caption":"Valquer\u00ae Laboratorios"},"image":{"@id":"https:\/\/info.valquer.com\/en\/#\/schema\/logo\/image\/"},"sameAs":["https:\/\/www.facebook.com\/valquerlaboratorios\/","https:\/\/www.instagram.com\/valquer_laboratorios\/","https:\/\/www.tiktok.com\/@valquer_laboratorios","https:\/\/www.youtube.com\/user\/laboratoriosvalquer","https:\/\/www.linkedin.com\/company\/laboratorios-valquer\/?originalSubdomain=es"],"description":"Cosm\u00e9ticos biotecnol\u00f3gicos, naturales y sostenibles. Laboratorio y fabricante de cosm\u00e9ticos desde 1975. Con presencia en m\u00e1s de 65 pa\u00edses y sedes en Espa\u00f1a, Reino Unido y M\u00e9xico. Valquer Laboratorios, investiga, desarrolla y fabrica productos cosm\u00e9ticos biotecnol\u00f3gicos, veganos, naturales, sostenibles y testados dermatol\u00f3gicamente, para terceros.","email":"info@valquer.com","telephone":"+34 925 91 00 99","legalName":"VALQUER LABORATORIOS S.L.U.","foundingDate":"1975-07-10","vatID":"B78094489","taxID":"B78094489","numberOfEmployees":{"@type":"QuantitativeValue","minValue":"51","maxValue":"200"},"publishingPrinciples":"https:\/\/info.valquer.com\/home\/"}]}},"_links":{"self":[{"href":"https:\/\/info.valquer.com\/en\/wp-json\/wp\/v2\/pages\/4361","targetHints":{"allow":["GET"]}}],"collection":[{"href":"https:\/\/info.valquer.com\/en\/wp-json\/wp\/v2\/pages"}],"about":[{"href":"https:\/\/info.valquer.com\/en\/wp-json\/wp\/v2\/types\/page"}],"author":[{"embeddable":true,"href":"https:\/\/info.valquer.com\/en\/wp-json\/wp\/v2\/users\/1"}],"replies":[{"embeddable":true,"href":"https:\/\/info.valquer.com\/en\/wp-json\/wp\/v2\/comments?post=4361"}],"version-history":[{"count":0,"href":"https:\/\/info.valquer.com\/en\/wp-json\/wp\/v2\/pages\/4361\/revisions"}],"wp:featuredmedia":[{"embeddable":true,"href":"https:\/\/info.valquer.com\/en\/wp-json\/wp\/v2\/media\/9835"}],"wp:attachment":[{"href":"https:\/\/info.valquer.com\/en\/wp-json\/wp\/v2\/media?parent=4361"}],"wp:term":[{"taxonomy":"dipi_cpt_category","embeddable":true,"href":"https:\/\/info.valquer.com\/en\/wp-json\/wp\/v2\/dipi_cpt_category?post=4361"}],"curies":[{"name":"wp","href":"https:\/\/api.w.org\/{rel}","templated":true}]}}